{"id":104176,"date":"2026-03-02T09:36:43","date_gmt":"2026-03-02T09:36:43","guid":{"rendered":"https:\/\/www.nevis.pt\/products\/henaff-bean-camole-dip-180g\/"},"modified":"2026-03-02T09:36:54","modified_gmt":"2026-03-02T09:36:54","slug":"henaff-bean-camole-dip-180g","status":"publish","type":"product","link":"https:\/\/www.nevis.pt\/en\/products\/henaff-bean-camole-dip-180g\/","title":{"rendered":"H\u00e9naff Bean Camole Dip 180g"},"content":{"rendered":"<h4>Product Description<\/h4>\n<p>Add a touch of originality to your aperitifs with Hen\u00e1ff&#8217;s F\u00e8ve&#8217;Camole. Unlike classic guacamoles, which contain very little avocado in favor of water and oil, F\u00e8ve&#8217;Camole leaves plenty of room (29%) for its main ingredient, the fava bean. This more sustainable alternative provides a taste and texture very similar to guacamole. A perfect choice for foodies who want to reduce their environmental impact without sacrificing pleasure. This recipe, cooked with spices and aromatic plants, combines creamy fava beans with the sweetness of roasted red peppers and the freshness of tomato, all without avocado. A subtle combination that offers a balanced taste, ideal for varying your aperitif pleasures! Simple and generous, F\u00e8ve\u2019camole can be dipped with crunchy vegetables or H\u00e9naff Crack\u2019s. To surprise your friends at aperitif time, serve it without telling them what it is. You\u2019ll see how many people feel like they\u2019re eating avocado!<\/p>\n<h4>Ingredients:<\/h4>\n<p>Bean 29%, water, fresh CHEESE, rapeseed oil, tomato 8,7%, grilled red pepper 6,8%, onion 6,8%, dehydrated spinach, lime juice 2%, spices and aromatic plants, garlic, flax fiber, salt.<\/p>\n<h4>Allergens:<\/h4>\n<p>See ingredients in UPPERCASE.<\/p>\n<h4>Storage:<\/h4>\n<p>After opening, store in refrigerator and consume within 2 days.<\/p>\n<h4>Country of Origin:<\/h4>\n<p>France<\/p>\n<h4>Nutritional information:<\/h4>\n<table>\n<tr>\n<th>Typical Values:<\/th>\n<th>Per 100g<\/th>\n<\/tr>\n<tr>\n<td>Energy<\/td>\n<td>610kJ<br \/>147kcal<\/td>\n<\/tr>\n<tr>\n<td>Fat<br \/>of wich saturates<\/td>\n<td>12g<br \/>2,4g<\/td>\n<\/tr>\n<tr>\n<td>Carbohydrate<br \/>of which sugars<\/td>\n<td>5,7g<br \/>1,6g<\/td>\n<\/tr>\n<tr>\n<td>Protein<\/td>\n<td>3,3g<\/td>\n<\/tr>\n<tr>\n<td>Salt<\/td>\n<td>0,85g<\/td>\n<\/tr>\n<\/table>\n<h4>Veterinary Registration:<\/h4>\n<p>FR 29.225.001 UE<\/p>\n<h4>Distributed by:<\/h4>\n<p>Socilink Lda<br \/>\nRua Quinta dos \u00c1lamos n.\u00ba 3<br \/>\n2625-577 Vialonga<\/p>\n<h4>Notice about our product information:<\/h4>\n<p>Always confirm the information on the article label. Food products are subject to constant change, for this reason, we recommend that you always read the labeling information that accompanies each product, including the nutritional information, ingredient list, storage, preparation and use instructions as well as other information before use or consumption.<\/p>\n","protected":false},"excerpt":{"rendered":"<p>This recipe, cooked with spices and aromatic plants, combines creamy fava beans with the sweetness of roasted red peppers and the freshness of tomato, all without avocado. A subtle combination that offers a balanced taste.<\/p>\n","protected":false},"featured_media":102594,"template":"","meta":{"_acf_changed":false,"_lmt_disableupdate":"","_lmt_disable":"","ep_exclude_from_search":false},"socilink_saboresdomundo_tag":[2780,2787],"product_brand":[10666,10668],"product_cat":[2624,2589,2595,2646],"product_tag":[],"class_list":{"0":"post-104176","1":"product","2":"type-product","3":"status-publish","4":"has-post-thumbnail","6":"socilink_saboresdomundo_tag-europe","7":"socilink_saboresdomundo_tag-france","8":"product_brand-henaff-en","9":"product_brand-veggie-dips","10":"product_cat-ingredients-seasonings","11":"product_cat-meat-preservers-charcuterie","12":"product_cat-mousses-pates-rilletes-and-terrines","13":"product_cat-pates-tapenades-and-spreads","14":"product_shipping_class-ambient","15":"pa_caracteristicas-new","16":"pa_caracteristicas-vegetarian","18":"first","19":"instock","20":"featured","21":"taxable","22":"shipping-taxable","23":"purchasable","24":"product-type-simple"},"acf":[],"yoast_head":"<!-- This site is optimized with the Yoast SEO plugin v27.4 - https:\/\/yoast.com\/product\/yoast-seo-wordpress\/ -->\n<title>H\u00e9naff Bean Camole Dip 180g<\/title>\n<meta name=\"description\" content=\"This recipe, cooked with spices and aromatic plants, combines creamy fava beans with the sweetness of roasted red peppers and the freshness of tomato, all without avocado. A subtle combination that offers a balanced taste.\" \/>\n<meta name=\"robots\" content=\"index, follow, max-snippet:-1, max-image-preview:large, max-video-preview:-1\" \/>\n<link rel=\"canonical\" href=\"https:\/\/www.nevis.pt\/en\/products\/henaff-bean-camole-dip-180g\/\" \/>\n<meta property=\"og:locale\" content=\"en_US\" \/>\n<meta property=\"og:type\" content=\"article\" \/>\n<meta property=\"og:title\" content=\"H\u00e9naff Bean Camole Dip 180g\" \/>\n<meta property=\"og:description\" content=\"This recipe, cooked with spices and aromatic plants, combines creamy fava beans with the sweetness of roasted red peppers and the freshness of tomato, all without avocado. A subtle combination that offers a balanced taste.\" \/>\n<meta property=\"og:url\" content=\"https:\/\/www.nevis.pt\/en\/products\/henaff-bean-camole-dip-180g\/\" \/>\n<meta property=\"og:site_name\" content=\"Nevis\" \/>\n<meta property=\"article:publisher\" content=\"https:\/\/www.facebook.com\/Nevis.pt\" \/>\n<meta property=\"article:modified_time\" content=\"2026-03-02T09:36:54+00:00\" \/>\n<meta property=\"og:image\" content=\"https:\/\/www.nevis.pt\/wp-content\/uploads\/2025\/09\/s14703-dip-de-fava-camole-henaff-180g.jpg\" \/>\n\t<meta property=\"og:image:width\" content=\"800\" \/>\n\t<meta property=\"og:image:height\" content=\"800\" \/>\n\t<meta property=\"og:image:type\" content=\"image\/jpeg\" \/>\n<meta name=\"twitter:card\" content=\"summary_large_image\" \/>\n<meta name=\"twitter:title\" content=\"H\u00e9naff Bean Camole Dip 180g\" \/>\n<meta name=\"twitter:label1\" content=\"Est. reading time\" \/>\n\t<meta name=\"twitter:data1\" content=\"1 minute\" \/>\n<script type=\"application\/ld+json\" class=\"yoast-schema-graph\">{\"@context\":\"https:\\\/\\\/schema.org\",\"@graph\":[{\"@type\":\"WebPage\",\"@id\":\"https:\\\/\\\/www.nevis.pt\\\/en\\\/products\\\/henaff-bean-camole-dip-180g\\\/\",\"url\":\"https:\\\/\\\/www.nevis.pt\\\/en\\\/products\\\/henaff-bean-camole-dip-180g\\\/\",\"name\":\"H\u00e9naff Bean Camole Dip 180g\",\"isPartOf\":{\"@id\":\"https:\\\/\\\/www.nevis.pt\\\/en\\\/#website\"},\"primaryImageOfPage\":{\"@id\":\"https:\\\/\\\/www.nevis.pt\\\/en\\\/products\\\/henaff-bean-camole-dip-180g\\\/#primaryimage\"},\"image\":{\"@id\":\"https:\\\/\\\/www.nevis.pt\\\/en\\\/products\\\/henaff-bean-camole-dip-180g\\\/#primaryimage\"},\"thumbnailUrl\":\"https:\\\/\\\/www.nevis.pt\\\/wp-content\\\/uploads\\\/2025\\\/09\\\/s14703-dip-de-fava-camole-henaff-180g.jpg\",\"datePublished\":\"2026-03-02T09:36:43+00:00\",\"dateModified\":\"2026-03-02T09:36:54+00:00\",\"description\":\"This recipe, cooked with spices and aromatic plants, combines creamy fava beans with the sweetness of roasted red peppers and the freshness of tomato, all without avocado. A subtle combination that offers a balanced taste.\",\"breadcrumb\":{\"@id\":\"https:\\\/\\\/www.nevis.pt\\\/en\\\/products\\\/henaff-bean-camole-dip-180g\\\/#breadcrumb\"},\"inLanguage\":\"en-US\",\"potentialAction\":[{\"@type\":\"ReadAction\",\"target\":[\"https:\\\/\\\/www.nevis.pt\\\/en\\\/products\\\/henaff-bean-camole-dip-180g\\\/\"]}]},{\"@type\":\"ImageObject\",\"inLanguage\":\"en-US\",\"@id\":\"https:\\\/\\\/www.nevis.pt\\\/en\\\/products\\\/henaff-bean-camole-dip-180g\\\/#primaryimage\",\"url\":\"https:\\\/\\\/www.nevis.pt\\\/wp-content\\\/uploads\\\/2025\\\/09\\\/s14703-dip-de-fava-camole-henaff-180g.jpg\",\"contentUrl\":\"https:\\\/\\\/www.nevis.pt\\\/wp-content\\\/uploads\\\/2025\\\/09\\\/s14703-dip-de-fava-camole-henaff-180g.jpg\",\"width\":800,\"height\":800,\"caption\":\"H\u00e9naff Bean Camole Dip 180g\"},{\"@type\":\"BreadcrumbList\",\"@id\":\"https:\\\/\\\/www.nevis.pt\\\/en\\\/products\\\/henaff-bean-camole-dip-180g\\\/#breadcrumb\",\"itemListElement\":[{\"@type\":\"ListItem\",\"position\":1,\"name\":\"In\u00edcio\",\"item\":\"https:\\\/\\\/www.nevis.pt\\\/en\\\/\"},{\"@type\":\"ListItem\",\"position\":2,\"name\":\"Products\",\"item\":\"https:\\\/\\\/www.nevis.pt\\\/en\\\/products\\\/\"},{\"@type\":\"ListItem\",\"position\":3,\"name\":\"H\u00e9naff Bean Camole Dip 180g\"}]},{\"@type\":\"WebSite\",\"@id\":\"https:\\\/\\\/www.nevis.pt\\\/en\\\/#website\",\"url\":\"https:\\\/\\\/www.nevis.pt\\\/en\\\/\",\"name\":\"Nevis\",\"description\":\"Mercearia Fina\",\"publisher\":{\"@id\":\"https:\\\/\\\/www.nevis.pt\\\/en\\\/#organization\"},\"potentialAction\":[{\"@type\":\"SearchAction\",\"target\":{\"@type\":\"EntryPoint\",\"urlTemplate\":\"https:\\\/\\\/www.nevis.pt\\\/en\\\/?s={search_term_string}\"},\"query-input\":{\"@type\":\"PropertyValueSpecification\",\"valueRequired\":true,\"valueName\":\"search_term_string\"}}],\"inLanguage\":\"en-US\"},{\"@type\":\"Organization\",\"@id\":\"https:\\\/\\\/www.nevis.pt\\\/en\\\/#organization\",\"name\":\"Nevis\",\"url\":\"https:\\\/\\\/www.nevis.pt\\\/en\\\/\",\"logo\":{\"@type\":\"ImageObject\",\"inLanguage\":\"en-US\",\"@id\":\"https:\\\/\\\/www.nevis.pt\\\/en\\\/#\\\/schema\\\/logo\\\/image\\\/\",\"url\":\"https:\\\/\\\/www.nevis.pt\\\/wp-content\\\/uploads\\\/2020\\\/07\\\/default-product-image.png\",\"contentUrl\":\"https:\\\/\\\/www.nevis.pt\\\/wp-content\\\/uploads\\\/2020\\\/07\\\/default-product-image.png\",\"width\":2133,\"height\":2133,\"caption\":\"Nevis\"},\"image\":{\"@id\":\"https:\\\/\\\/www.nevis.pt\\\/en\\\/#\\\/schema\\\/logo\\\/image\\\/\"},\"sameAs\":[\"https:\\\/\\\/www.facebook.com\\\/Nevis.pt\",\"https:\\\/\\\/www.instagram.com\\\/nevis_mercearia_fina\\\/\"]}]}<\/script>\n<!-- \/ Yoast SEO plugin. -->","yoast_head_json":{"title":"H\u00e9naff Bean Camole Dip 180g","description":"This recipe, cooked with spices and aromatic plants, combines creamy fava beans with the sweetness of roasted red peppers and the freshness of tomato, all without avocado. A subtle combination that offers a balanced taste.","robots":{"index":"index","follow":"follow","max-snippet":"max-snippet:-1","max-image-preview":"max-image-preview:large","max-video-preview":"max-video-preview:-1"},"canonical":"https:\/\/www.nevis.pt\/en\/products\/henaff-bean-camole-dip-180g\/","og_locale":"en_US","og_type":"article","og_title":"H\u00e9naff Bean Camole Dip 180g","og_description":"This recipe, cooked with spices and aromatic plants, combines creamy fava beans with the sweetness of roasted red peppers and the freshness of tomato, all without avocado. A subtle combination that offers a balanced taste.","og_url":"https:\/\/www.nevis.pt\/en\/products\/henaff-bean-camole-dip-180g\/","og_site_name":"Nevis","article_publisher":"https:\/\/www.facebook.com\/Nevis.pt","article_modified_time":"2026-03-02T09:36:54+00:00","og_image":[{"width":800,"height":800,"url":"https:\/\/www.nevis.pt\/wp-content\/uploads\/2025\/09\/s14703-dip-de-fava-camole-henaff-180g.jpg","type":"image\/jpeg"}],"twitter_card":"summary_large_image","twitter_title":"H\u00e9naff Bean Camole Dip 180g","twitter_misc":{"Est. reading time":"1 minute"},"schema":{"@context":"https:\/\/schema.org","@graph":[{"@type":"WebPage","@id":"https:\/\/www.nevis.pt\/en\/products\/henaff-bean-camole-dip-180g\/","url":"https:\/\/www.nevis.pt\/en\/products\/henaff-bean-camole-dip-180g\/","name":"H\u00e9naff Bean Camole Dip 180g","isPartOf":{"@id":"https:\/\/www.nevis.pt\/en\/#website"},"primaryImageOfPage":{"@id":"https:\/\/www.nevis.pt\/en\/products\/henaff-bean-camole-dip-180g\/#primaryimage"},"image":{"@id":"https:\/\/www.nevis.pt\/en\/products\/henaff-bean-camole-dip-180g\/#primaryimage"},"thumbnailUrl":"https:\/\/www.nevis.pt\/wp-content\/uploads\/2025\/09\/s14703-dip-de-fava-camole-henaff-180g.jpg","datePublished":"2026-03-02T09:36:43+00:00","dateModified":"2026-03-02T09:36:54+00:00","description":"This recipe, cooked with spices and aromatic plants, combines creamy fava beans with the sweetness of roasted red peppers and the freshness of tomato, all without avocado. A subtle combination that offers a balanced taste.","breadcrumb":{"@id":"https:\/\/www.nevis.pt\/en\/products\/henaff-bean-camole-dip-180g\/#breadcrumb"},"inLanguage":"en-US","potentialAction":[{"@type":"ReadAction","target":["https:\/\/www.nevis.pt\/en\/products\/henaff-bean-camole-dip-180g\/"]}]},{"@type":"ImageObject","inLanguage":"en-US","@id":"https:\/\/www.nevis.pt\/en\/products\/henaff-bean-camole-dip-180g\/#primaryimage","url":"https:\/\/www.nevis.pt\/wp-content\/uploads\/2025\/09\/s14703-dip-de-fava-camole-henaff-180g.jpg","contentUrl":"https:\/\/www.nevis.pt\/wp-content\/uploads\/2025\/09\/s14703-dip-de-fava-camole-henaff-180g.jpg","width":800,"height":800,"caption":"H\u00e9naff Bean Camole Dip 180g"},{"@type":"BreadcrumbList","@id":"https:\/\/www.nevis.pt\/en\/products\/henaff-bean-camole-dip-180g\/#breadcrumb","itemListElement":[{"@type":"ListItem","position":1,"name":"In\u00edcio","item":"https:\/\/www.nevis.pt\/en\/"},{"@type":"ListItem","position":2,"name":"Products","item":"https:\/\/www.nevis.pt\/en\/products\/"},{"@type":"ListItem","position":3,"name":"H\u00e9naff Bean Camole Dip 180g"}]},{"@type":"WebSite","@id":"https:\/\/www.nevis.pt\/en\/#website","url":"https:\/\/www.nevis.pt\/en\/","name":"Nevis","description":"Mercearia Fina","publisher":{"@id":"https:\/\/www.nevis.pt\/en\/#organization"},"potentialAction":[{"@type":"SearchAction","target":{"@type":"EntryPoint","urlTemplate":"https:\/\/www.nevis.pt\/en\/?s={search_term_string}"},"query-input":{"@type":"PropertyValueSpecification","valueRequired":true,"valueName":"search_term_string"}}],"inLanguage":"en-US"},{"@type":"Organization","@id":"https:\/\/www.nevis.pt\/en\/#organization","name":"Nevis","url":"https:\/\/www.nevis.pt\/en\/","logo":{"@type":"ImageObject","inLanguage":"en-US","@id":"https:\/\/www.nevis.pt\/en\/#\/schema\/logo\/image\/","url":"https:\/\/www.nevis.pt\/wp-content\/uploads\/2020\/07\/default-product-image.png","contentUrl":"https:\/\/www.nevis.pt\/wp-content\/uploads\/2020\/07\/default-product-image.png","width":2133,"height":2133,"caption":"Nevis"},"image":{"@id":"https:\/\/www.nevis.pt\/en\/#\/schema\/logo\/image\/"},"sameAs":["https:\/\/www.facebook.com\/Nevis.pt","https:\/\/www.instagram.com\/nevis_mercearia_fina\/"]}]}},"jetpack_sharing_enabled":true,"_links":{"self":[{"href":"https:\/\/www.nevis.pt\/en\/wp-json\/wp\/v2\/product\/104176","targetHints":{"allow":["GET"]}}],"collection":[{"href":"https:\/\/www.nevis.pt\/en\/wp-json\/wp\/v2\/product"}],"about":[{"href":"https:\/\/www.nevis.pt\/en\/wp-json\/wp\/v2\/types\/product"}],"wp:featuredmedia":[{"embeddable":true,"href":"https:\/\/www.nevis.pt\/en\/wp-json\/wp\/v2\/media\/102594"}],"wp:attachment":[{"href":"https:\/\/www.nevis.pt\/en\/wp-json\/wp\/v2\/media?parent=104176"}],"wp:term":[{"taxonomy":"socilink_saboresdomundo_tag","embeddable":true,"href":"https:\/\/www.nevis.pt\/en\/wp-json\/wp\/v2\/socilink_saboresdomundo_tag?post=104176"},{"taxonomy":"product_brand","embeddable":true,"href":"https:\/\/www.nevis.pt\/en\/wp-json\/wp\/v2\/product_brand?post=104176"},{"taxonomy":"product_cat","embeddable":true,"href":"https:\/\/www.nevis.pt\/en\/wp-json\/wp\/v2\/product_cat?post=104176"},{"taxonomy":"product_tag","embeddable":true,"href":"https:\/\/www.nevis.pt\/en\/wp-json\/wp\/v2\/product_tag?post=104176"}],"curies":[{"name":"wp","href":"https:\/\/api.w.org\/{rel}","templated":true}]}}