{"id":65622,"date":"2026-03-02T09:55:26","date_gmt":"2026-03-02T09:55:26","guid":{"rendered":"https:\/\/www.nevis.pt\/products\/nielsen-massey-madagascar-bourbon-vanilla-paste-60ml\/"},"modified":"2026-03-02T09:55:37","modified_gmt":"2026-03-02T09:55:37","slug":"nielsen-massey-madagascar-bourbon-vanilla-paste-60ml","status":"publish","type":"product","link":"https:\/\/www.nevis.pt\/en\/products\/nielsen-massey-madagascar-bourbon-vanilla-paste-60ml\/","title":{"rendered":"Nielsen-Massey Madagascar Bourbon Vanilla Paste 60ml"},"content":{"rendered":"<h4>Product Description<\/h4>\n<p>This Nielsen-Massey  Madagascar Bourbon Pure Vanilla Bean Paste is crafted from the Madagascar Bourbon Pure Vanilla Extract, along with real bean specks from the vanilla pod. The flavour profile is sweet, creamy and mellow with velvety after-tones. The paste\u2019s thick consistency, similar to molasses.<br \/>\nAvailable in packs of 60 and 118ml.<\/p>\n<h4>Ingredients:<\/h4>\n<p>Sugar, Water, Vanilla Extract, Vanilla Pods, Gum Tragacanth (natural thickener).<\/p>\n<h4>Storage:<\/h4>\n<p>Keep away from direct sunlight and heat. Do not refrigerate. Store in a cool, dry and dark place.<\/p>\n<h4>Usage Suggestions:<\/h4>\n<p>Ideal to add more delicious vanilla flavour without thinning out your batters or sauces. It\u2019s also ideal for recipes in which you want to add the enticing visual flair of vanilla bean specks, such as cr\u00e8me br\u00fbl\u00e9e and ice cream.<\/p>\n<h4>Country of Origin:<\/h4>\n<p>Madagascar<\/p>\n<h4>Nutritional information:<\/h4>\n<table>\n<tr>\n<th>Typical Values:<\/th>\n<th>Per 100ml<\/th>\n<\/tr>\n<tr>\n<td>Energy<\/td>\n<td>1196kJ<br \/>286kcal<\/td>\n<\/tr>\n<tr>\n<td>Fat<br \/>of wich saturates<\/td>\n<td>2,6g<br \/>0,4g<\/td>\n<\/tr>\n<tr>\n<td>Carbohydrate<br \/>of which sugars<\/td>\n<td>53,4g<br \/>0,2g<\/td>\n<\/tr>\n<tr>\n<td>Protein<\/td>\n<td>0,2g<\/td>\n<\/tr>\n<tr>\n<td>Salt<\/td>\n<td>0,2g<\/td>\n<\/tr>\n<\/table>\n<h4>Distributed by:<\/h4>\n<p>Socilink Lda<br \/>\nRua Quinta dos \u00c1lamos n.\u00ba 3<br \/>\n2625-577 Vialonga<\/p>\n<h4>Notice about our product information:<\/h4>\n<p>Always confirm the information on the article label. Food products are subject to constant change, for this reason, we recommend that you always read the labeling information that accompanies each product, including the nutritional information, ingredient list, storage, preparation and use instructions as well as other information before use or consumption.<\/p>\n","protected":false},"excerpt":{"rendered":"<p>Originally from Madagascar, it is prepared from vanilla extract, together with vanilla pod grains. The taste is sweet, creamy and smooth with velvety after tones. Its thick consistency allows it to add a vanilla flavour to the corn, it is also ideal for adding flavour and a visual touch of vanilla beans to sweets such as cream or ice cream.<\/p>\n","protected":false},"featured_media":7129,"template":"","meta":{"_acf_changed":false,"_lmt_disableupdate":"","_lmt_disable":"","ep_exclude_from_search":false},"socilink_saboresdomundo_tag":[2817,2800],"product_brand":[2414,2415],"product_cat":[2601,2605],"product_tag":[],"class_list":{"0":"post-65622","1":"product","2":"type-product","3":"status-publish","4":"has-post-thumbnail","6":"socilink_saboresdomundo_tag-africa-en","7":"socilink_saboresdomundo_tag-madagascar-en","8":"product_brand-bourbon-vanilla-from-madagascar-nielsen-massey","9":"product_brand-nielsen-massey-en","10":"product_cat-sweets-snacks","11":"product_cat-vanilla","12":"product_shipping_class-ambient","13":"pa_caracteristicas-gluten-free","14":"pa_caracteristicas-kosher-en","16":"first","17":"instock","18":"taxable","19":"shipping-taxable","20":"purchasable","21":"product-type-simple"},"acf":[],"yoast_head":"<!-- This site is optimized with the Yoast SEO plugin v27.4 - https:\/\/yoast.com\/product\/yoast-seo-wordpress\/ -->\n<title>Nielsen-Massey Madagascar Bourbon Vanilla Paste 60ml<\/title>\n<meta name=\"description\" content=\"Originally from Madagascar, it is prepared from vanilla extract, together with vanilla pod grains. The taste is sweet, creamy and smooth with velvety after tones. Its thick consistency allows it to add a vanilla flavour to the corn, it is also ideal for adding flavour and a visual touch of vanilla beans to sweets such as cream or ice cream.\" \/>\n<meta name=\"robots\" content=\"index, follow, max-snippet:-1, max-image-preview:large, max-video-preview:-1\" \/>\n<link rel=\"canonical\" href=\"https:\/\/www.nevis.pt\/en\/products\/nielsen-massey-madagascar-bourbon-vanilla-paste-60ml\/\" \/>\n<meta property=\"og:locale\" content=\"en_US\" \/>\n<meta property=\"og:type\" content=\"article\" \/>\n<meta property=\"og:title\" content=\"Nielsen-Massey Madagascar Bourbon Vanilla Paste 60ml\" \/>\n<meta property=\"og:description\" content=\"Originally from Madagascar, it is prepared from vanilla extract, together with vanilla pod grains. The taste is sweet, creamy and smooth with velvety after tones. Its thick consistency allows it to add a vanilla flavour to the corn, it is also ideal for adding flavour and a visual touch of vanilla beans to sweets such as cream or ice cream.\" \/>\n<meta property=\"og:url\" content=\"https:\/\/www.nevis.pt\/en\/products\/nielsen-massey-madagascar-bourbon-vanilla-paste-60ml\/\" \/>\n<meta property=\"og:site_name\" content=\"Nevis\" \/>\n<meta property=\"article:publisher\" content=\"https:\/\/www.facebook.com\/Nevis.pt\" \/>\n<meta property=\"article:modified_time\" content=\"2026-03-02T09:55:37+00:00\" \/>\n<meta property=\"og:image\" content=\"https:\/\/www.nevis.pt\/wp-content\/uploads\/2020\/01\/s12522-pasta-de-baunilha-bourbon-de-madagascar-nielsen-massey-60ml.jpg\" \/>\n\t<meta property=\"og:image:width\" content=\"800\" \/>\n\t<meta property=\"og:image:height\" content=\"800\" \/>\n\t<meta property=\"og:image:type\" content=\"image\/jpeg\" \/>\n<meta name=\"twitter:card\" content=\"summary_large_image\" \/>\n<meta name=\"twitter:title\" content=\"Nielsen-Massey Madagascar Bourbon Vanilla Paste 60ml\" \/>\n<meta name=\"twitter:label1\" content=\"Est. reading time\" \/>\n\t<meta name=\"twitter:data1\" content=\"1 minute\" \/>\n<script type=\"application\/ld+json\" class=\"yoast-schema-graph\">{\"@context\":\"https:\\\/\\\/schema.org\",\"@graph\":[{\"@type\":\"WebPage\",\"@id\":\"https:\\\/\\\/www.nevis.pt\\\/en\\\/products\\\/nielsen-massey-madagascar-bourbon-vanilla-paste-60ml\\\/\",\"url\":\"https:\\\/\\\/www.nevis.pt\\\/en\\\/products\\\/nielsen-massey-madagascar-bourbon-vanilla-paste-60ml\\\/\",\"name\":\"Nielsen-Massey Madagascar Bourbon Vanilla Paste 60ml\",\"isPartOf\":{\"@id\":\"https:\\\/\\\/www.nevis.pt\\\/en\\\/#website\"},\"primaryImageOfPage\":{\"@id\":\"https:\\\/\\\/www.nevis.pt\\\/en\\\/products\\\/nielsen-massey-madagascar-bourbon-vanilla-paste-60ml\\\/#primaryimage\"},\"image\":{\"@id\":\"https:\\\/\\\/www.nevis.pt\\\/en\\\/products\\\/nielsen-massey-madagascar-bourbon-vanilla-paste-60ml\\\/#primaryimage\"},\"thumbnailUrl\":\"https:\\\/\\\/www.nevis.pt\\\/wp-content\\\/uploads\\\/2020\\\/01\\\/s12522-pasta-de-baunilha-bourbon-de-madagascar-nielsen-massey-60ml.jpg\",\"datePublished\":\"2026-03-02T09:55:26+00:00\",\"dateModified\":\"2026-03-02T09:55:37+00:00\",\"description\":\"Originally from Madagascar, it is prepared from vanilla extract, together with vanilla pod grains. The taste is sweet, creamy and smooth with velvety after tones. Its thick consistency allows it to add a vanilla flavour to the corn, it is also ideal for adding flavour and a visual touch of vanilla beans to sweets such as cream or ice cream.\",\"breadcrumb\":{\"@id\":\"https:\\\/\\\/www.nevis.pt\\\/en\\\/products\\\/nielsen-massey-madagascar-bourbon-vanilla-paste-60ml\\\/#breadcrumb\"},\"inLanguage\":\"en-US\",\"potentialAction\":[{\"@type\":\"ReadAction\",\"target\":[\"https:\\\/\\\/www.nevis.pt\\\/en\\\/products\\\/nielsen-massey-madagascar-bourbon-vanilla-paste-60ml\\\/\"]}]},{\"@type\":\"ImageObject\",\"inLanguage\":\"en-US\",\"@id\":\"https:\\\/\\\/www.nevis.pt\\\/en\\\/products\\\/nielsen-massey-madagascar-bourbon-vanilla-paste-60ml\\\/#primaryimage\",\"url\":\"https:\\\/\\\/www.nevis.pt\\\/wp-content\\\/uploads\\\/2020\\\/01\\\/s12522-pasta-de-baunilha-bourbon-de-madagascar-nielsen-massey-60ml.jpg\",\"contentUrl\":\"https:\\\/\\\/www.nevis.pt\\\/wp-content\\\/uploads\\\/2020\\\/01\\\/s12522-pasta-de-baunilha-bourbon-de-madagascar-nielsen-massey-60ml.jpg\",\"width\":800,\"height\":800,\"caption\":\"Nielsen-Massey Madagascar Bourbon Vanilla Paste 60ml\"},{\"@type\":\"BreadcrumbList\",\"@id\":\"https:\\\/\\\/www.nevis.pt\\\/en\\\/products\\\/nielsen-massey-madagascar-bourbon-vanilla-paste-60ml\\\/#breadcrumb\",\"itemListElement\":[{\"@type\":\"ListItem\",\"position\":1,\"name\":\"In\u00edcio\",\"item\":\"https:\\\/\\\/www.nevis.pt\\\/en\\\/\"},{\"@type\":\"ListItem\",\"position\":2,\"name\":\"Products\",\"item\":\"https:\\\/\\\/www.nevis.pt\\\/en\\\/products\\\/\"},{\"@type\":\"ListItem\",\"position\":3,\"name\":\"Nielsen-Massey Madagascar Bourbon Vanilla Paste 60ml\"}]},{\"@type\":\"WebSite\",\"@id\":\"https:\\\/\\\/www.nevis.pt\\\/en\\\/#website\",\"url\":\"https:\\\/\\\/www.nevis.pt\\\/en\\\/\",\"name\":\"Nevis\",\"description\":\"Mercearia Fina\",\"publisher\":{\"@id\":\"https:\\\/\\\/www.nevis.pt\\\/en\\\/#organization\"},\"potentialAction\":[{\"@type\":\"SearchAction\",\"target\":{\"@type\":\"EntryPoint\",\"urlTemplate\":\"https:\\\/\\\/www.nevis.pt\\\/en\\\/?s={search_term_string}\"},\"query-input\":{\"@type\":\"PropertyValueSpecification\",\"valueRequired\":true,\"valueName\":\"search_term_string\"}}],\"inLanguage\":\"en-US\"},{\"@type\":\"Organization\",\"@id\":\"https:\\\/\\\/www.nevis.pt\\\/en\\\/#organization\",\"name\":\"Nevis\",\"url\":\"https:\\\/\\\/www.nevis.pt\\\/en\\\/\",\"logo\":{\"@type\":\"ImageObject\",\"inLanguage\":\"en-US\",\"@id\":\"https:\\\/\\\/www.nevis.pt\\\/en\\\/#\\\/schema\\\/logo\\\/image\\\/\",\"url\":\"https:\\\/\\\/www.nevis.pt\\\/wp-content\\\/uploads\\\/2020\\\/07\\\/default-product-image.png\",\"contentUrl\":\"https:\\\/\\\/www.nevis.pt\\\/wp-content\\\/uploads\\\/2020\\\/07\\\/default-product-image.png\",\"width\":2133,\"height\":2133,\"caption\":\"Nevis\"},\"image\":{\"@id\":\"https:\\\/\\\/www.nevis.pt\\\/en\\\/#\\\/schema\\\/logo\\\/image\\\/\"},\"sameAs\":[\"https:\\\/\\\/www.facebook.com\\\/Nevis.pt\",\"https:\\\/\\\/www.instagram.com\\\/nevis_mercearia_fina\\\/\"]}]}<\/script>\n<!-- \/ Yoast SEO plugin. -->","yoast_head_json":{"title":"Nielsen-Massey Madagascar Bourbon Vanilla Paste 60ml","description":"Originally from Madagascar, it is prepared from vanilla extract, together with vanilla pod grains. The taste is sweet, creamy and smooth with velvety after tones. Its thick consistency allows it to add a vanilla flavour to the corn, it is also ideal for adding flavour and a visual touch of vanilla beans to sweets such as cream or ice cream.","robots":{"index":"index","follow":"follow","max-snippet":"max-snippet:-1","max-image-preview":"max-image-preview:large","max-video-preview":"max-video-preview:-1"},"canonical":"https:\/\/www.nevis.pt\/en\/products\/nielsen-massey-madagascar-bourbon-vanilla-paste-60ml\/","og_locale":"en_US","og_type":"article","og_title":"Nielsen-Massey Madagascar Bourbon Vanilla Paste 60ml","og_description":"Originally from Madagascar, it is prepared from vanilla extract, together with vanilla pod grains. The taste is sweet, creamy and smooth with velvety after tones. Its thick consistency allows it to add a vanilla flavour to the corn, it is also ideal for adding flavour and a visual touch of vanilla beans to sweets such as cream or ice cream.","og_url":"https:\/\/www.nevis.pt\/en\/products\/nielsen-massey-madagascar-bourbon-vanilla-paste-60ml\/","og_site_name":"Nevis","article_publisher":"https:\/\/www.facebook.com\/Nevis.pt","article_modified_time":"2026-03-02T09:55:37+00:00","og_image":[{"width":800,"height":800,"url":"https:\/\/www.nevis.pt\/wp-content\/uploads\/2020\/01\/s12522-pasta-de-baunilha-bourbon-de-madagascar-nielsen-massey-60ml.jpg","type":"image\/jpeg"}],"twitter_card":"summary_large_image","twitter_title":"Nielsen-Massey Madagascar Bourbon Vanilla Paste 60ml","twitter_misc":{"Est. reading time":"1 minute"},"schema":{"@context":"https:\/\/schema.org","@graph":[{"@type":"WebPage","@id":"https:\/\/www.nevis.pt\/en\/products\/nielsen-massey-madagascar-bourbon-vanilla-paste-60ml\/","url":"https:\/\/www.nevis.pt\/en\/products\/nielsen-massey-madagascar-bourbon-vanilla-paste-60ml\/","name":"Nielsen-Massey Madagascar Bourbon Vanilla Paste 60ml","isPartOf":{"@id":"https:\/\/www.nevis.pt\/en\/#website"},"primaryImageOfPage":{"@id":"https:\/\/www.nevis.pt\/en\/products\/nielsen-massey-madagascar-bourbon-vanilla-paste-60ml\/#primaryimage"},"image":{"@id":"https:\/\/www.nevis.pt\/en\/products\/nielsen-massey-madagascar-bourbon-vanilla-paste-60ml\/#primaryimage"},"thumbnailUrl":"https:\/\/www.nevis.pt\/wp-content\/uploads\/2020\/01\/s12522-pasta-de-baunilha-bourbon-de-madagascar-nielsen-massey-60ml.jpg","datePublished":"2026-03-02T09:55:26+00:00","dateModified":"2026-03-02T09:55:37+00:00","description":"Originally from Madagascar, it is prepared from vanilla extract, together with vanilla pod grains. The taste is sweet, creamy and smooth with velvety after tones. Its thick consistency allows it to add a vanilla flavour to the corn, it is also ideal for adding flavour and a visual touch of vanilla beans to sweets such as cream or ice cream.","breadcrumb":{"@id":"https:\/\/www.nevis.pt\/en\/products\/nielsen-massey-madagascar-bourbon-vanilla-paste-60ml\/#breadcrumb"},"inLanguage":"en-US","potentialAction":[{"@type":"ReadAction","target":["https:\/\/www.nevis.pt\/en\/products\/nielsen-massey-madagascar-bourbon-vanilla-paste-60ml\/"]}]},{"@type":"ImageObject","inLanguage":"en-US","@id":"https:\/\/www.nevis.pt\/en\/products\/nielsen-massey-madagascar-bourbon-vanilla-paste-60ml\/#primaryimage","url":"https:\/\/www.nevis.pt\/wp-content\/uploads\/2020\/01\/s12522-pasta-de-baunilha-bourbon-de-madagascar-nielsen-massey-60ml.jpg","contentUrl":"https:\/\/www.nevis.pt\/wp-content\/uploads\/2020\/01\/s12522-pasta-de-baunilha-bourbon-de-madagascar-nielsen-massey-60ml.jpg","width":800,"height":800,"caption":"Nielsen-Massey Madagascar Bourbon Vanilla Paste 60ml"},{"@type":"BreadcrumbList","@id":"https:\/\/www.nevis.pt\/en\/products\/nielsen-massey-madagascar-bourbon-vanilla-paste-60ml\/#breadcrumb","itemListElement":[{"@type":"ListItem","position":1,"name":"In\u00edcio","item":"https:\/\/www.nevis.pt\/en\/"},{"@type":"ListItem","position":2,"name":"Products","item":"https:\/\/www.nevis.pt\/en\/products\/"},{"@type":"ListItem","position":3,"name":"Nielsen-Massey Madagascar Bourbon Vanilla Paste 60ml"}]},{"@type":"WebSite","@id":"https:\/\/www.nevis.pt\/en\/#website","url":"https:\/\/www.nevis.pt\/en\/","name":"Nevis","description":"Mercearia Fina","publisher":{"@id":"https:\/\/www.nevis.pt\/en\/#organization"},"potentialAction":[{"@type":"SearchAction","target":{"@type":"EntryPoint","urlTemplate":"https:\/\/www.nevis.pt\/en\/?s={search_term_string}"},"query-input":{"@type":"PropertyValueSpecification","valueRequired":true,"valueName":"search_term_string"}}],"inLanguage":"en-US"},{"@type":"Organization","@id":"https:\/\/www.nevis.pt\/en\/#organization","name":"Nevis","url":"https:\/\/www.nevis.pt\/en\/","logo":{"@type":"ImageObject","inLanguage":"en-US","@id":"https:\/\/www.nevis.pt\/en\/#\/schema\/logo\/image\/","url":"https:\/\/www.nevis.pt\/wp-content\/uploads\/2020\/07\/default-product-image.png","contentUrl":"https:\/\/www.nevis.pt\/wp-content\/uploads\/2020\/07\/default-product-image.png","width":2133,"height":2133,"caption":"Nevis"},"image":{"@id":"https:\/\/www.nevis.pt\/en\/#\/schema\/logo\/image\/"},"sameAs":["https:\/\/www.facebook.com\/Nevis.pt","https:\/\/www.instagram.com\/nevis_mercearia_fina\/"]}]}},"jetpack_sharing_enabled":true,"_links":{"self":[{"href":"https:\/\/www.nevis.pt\/en\/wp-json\/wp\/v2\/product\/65622","targetHints":{"allow":["GET"]}}],"collection":[{"href":"https:\/\/www.nevis.pt\/en\/wp-json\/wp\/v2\/product"}],"about":[{"href":"https:\/\/www.nevis.pt\/en\/wp-json\/wp\/v2\/types\/product"}],"wp:featuredmedia":[{"embeddable":true,"href":"https:\/\/www.nevis.pt\/en\/wp-json\/wp\/v2\/media\/7129"}],"wp:attachment":[{"href":"https:\/\/www.nevis.pt\/en\/wp-json\/wp\/v2\/media?parent=65622"}],"wp:term":[{"taxonomy":"socilink_saboresdomundo_tag","embeddable":true,"href":"https:\/\/www.nevis.pt\/en\/wp-json\/wp\/v2\/socilink_saboresdomundo_tag?post=65622"},{"taxonomy":"product_brand","embeddable":true,"href":"https:\/\/www.nevis.pt\/en\/wp-json\/wp\/v2\/product_brand?post=65622"},{"taxonomy":"product_cat","embeddable":true,"href":"https:\/\/www.nevis.pt\/en\/wp-json\/wp\/v2\/product_cat?post=65622"},{"taxonomy":"product_tag","embeddable":true,"href":"https:\/\/www.nevis.pt\/en\/wp-json\/wp\/v2\/product_tag?post=65622"}],"curies":[{"name":"wp","href":"https:\/\/api.w.org\/{rel}","templated":true}]}}