{"id":75146,"date":"2026-03-02T10:03:50","date_gmt":"2026-03-02T10:03:50","guid":{"rendered":"https:\/\/www.nevis.pt\/products\/quintal-dos-acores-piri-piri-jelly-300g\/"},"modified":"2026-03-02T10:04:16","modified_gmt":"2026-03-02T10:04:16","slug":"quintal-dos-acores-piri-piri-jelly-250g","status":"publish","type":"product","link":"https:\/\/www.nevis.pt\/en\/products\/quintal-dos-acores-piri-piri-jelly-250g\/","title":{"rendered":"Quintal dos A\u00e7ores Piri-Piri Jelly 250g"},"content":{"rendered":"<h4>Product Description<\/h4>\n<p>Piri-piri jelly from Quintal dos A\u00e7ores, produced the old-fashioned way with raw material from the Azores.<\/p>\n<p>Quintal dos A\u00e7ores jams and jellies are produced with fresh and natural products from the Azores, according to homemade recipes typical of the island of S\u00e3o Miguel.<\/p>\n<h4>Ingredients:<\/h4>\n<p>Water, piri-piri (25%), sugar, gelatinizer.<\/p>\n<h4>Allergens:<\/h4>\n<p>See ingredients in UPPERCASE.<\/p>\n<h4>Storage:<\/h4>\n<p>Once opened keep refrigerated.<\/p>\n<h4>Country of Origin:<\/h4>\n<p>Portugal<\/p>\n<h4>Nutritional information:<\/h4>\n<table>\n<tr>\n<th>Typical Values:<\/th>\n<th>Per 100g<\/th>\n<\/tr>\n<tr>\n<td>Energy<\/td>\n<td>1066kJ<br \/>255kcal<\/td>\n<\/tr>\n<tr>\n<td>Fat<br \/>of wich saturates<\/td>\n<td>0,4g<br \/><0,1g<\/td>\n<\/tr>\n<tr>\n<td>Carbohydrate<br \/>of which sugars<\/td>\n<td>62,6g<br \/>62,6g<\/td>\n<\/tr>\n<tr>\n<td>Protein<\/td>\n<td>0,2g<\/td>\n<\/tr>\n<tr>\n<td>Salt<\/td>\n<td>0,1g<\/td>\n<\/tr>\n<\/table>\n<h4>Distributed by:<\/h4>\n<p>Onelink Lda<br \/>\nRua Quinta dos \u00c1lamos n.\u00ba 3<br \/>\n2625-577 Vialonga<\/p>\n<h4>Notice about our product information:<\/h4>\n<p>Always confirm the information on the article label. Food products are subject to constant change, for this reason, we recommend that you always read the labeling information that accompanies each product, including the nutritional information, ingredient list, storage, preparation and use instructions as well as other information before use or consumption.<\/p>\n","protected":false},"excerpt":{"rendered":"<p>Piri-piri jelly from Quintal dos A\u00e7ores, produced the old-fashioned way with raw material from the Azores.<\/p>\n<p>Produced in Candel\u00e1ria, S\u00e3o Miguel Island, Azores.<\/p>\n","protected":false},"featured_media":75075,"template":"","meta":{"_acf_changed":false,"_lmt_disableupdate":"","_lmt_disable":"","ep_exclude_from_search":false},"socilink_saboresdomundo_tag":[2780,2793],"product_brand":[9351,9350],"product_cat":[2624,2642],"product_tag":[],"class_list":{"0":"post-75146","1":"product","2":"type-product","3":"status-publish","4":"has-post-thumbnail","6":"socilink_saboresdomundo_tag-europe","7":"socilink_saboresdomundo_tag-portugal-en","8":"product_brand-fruit-jams-from-the-azores","9":"product_brand-quintal-dos-acores-en","10":"product_cat-ingredients-seasonings","11":"product_cat-sauces-mayonnaise-and-ketchups","12":"product_shipping_class-ambient","14":"first","15":"instock","16":"taxable","17":"shipping-taxable","18":"purchasable","19":"product-type-simple"},"acf":[],"yoast_head":"<!-- This site is optimized with the Yoast SEO plugin v27.4 - https:\/\/yoast.com\/product\/yoast-seo-wordpress\/ -->\n<title>Quintal dos A\u00e7ores Piri-Piri Jelly 250g<\/title>\n<meta name=\"description\" content=\"Piri-piri jelly from Quintal dos A\u00e7ores, produced the old-fashioned way with raw material from the Azores. Produced in Candel\u00e1ria, S\u00e3o Miguel Island, Azores.\" \/>\n<meta name=\"robots\" content=\"index, follow, max-snippet:-1, max-image-preview:large, max-video-preview:-1\" \/>\n<link rel=\"canonical\" href=\"https:\/\/www.nevis.pt\/en\/products\/quintal-dos-acores-piri-piri-jelly-250g\/\" \/>\n<meta property=\"og:locale\" content=\"en_US\" \/>\n<meta property=\"og:type\" content=\"article\" \/>\n<meta property=\"og:title\" content=\"Quintal dos A\u00e7ores Piri-Piri Jelly 250g\" \/>\n<meta property=\"og:description\" content=\"Piri-piri jelly from Quintal dos A\u00e7ores, produced the old-fashioned way with raw material from the Azores. Produced in Candel\u00e1ria, S\u00e3o Miguel Island, Azores.\" \/>\n<meta property=\"og:url\" content=\"https:\/\/www.nevis.pt\/en\/products\/quintal-dos-acores-piri-piri-jelly-250g\/\" \/>\n<meta property=\"og:site_name\" content=\"Nevis\" \/>\n<meta property=\"article:publisher\" content=\"https:\/\/www.facebook.com\/Nevis.pt\" \/>\n<meta property=\"article:modified_time\" content=\"2026-03-02T10:04:16+00:00\" \/>\n<meta property=\"og:image\" content=\"https:\/\/www.nevis.pt\/wp-content\/uploads\/2022\/01\/o11921-geleia-de-piri-piri-quintal-dos-acores-300g.jpg\" \/>\n\t<meta property=\"og:image:width\" content=\"800\" \/>\n\t<meta property=\"og:image:height\" content=\"800\" \/>\n\t<meta property=\"og:image:type\" content=\"image\/jpeg\" \/>\n<meta name=\"twitter:card\" content=\"summary_large_image\" \/>\n<meta name=\"twitter:title\" content=\"Quintal dos A\u00e7ores Piri-Piri Jelly 250g\" \/>\n<script type=\"application\/ld+json\" class=\"yoast-schema-graph\">{\"@context\":\"https:\\\/\\\/schema.org\",\"@graph\":[{\"@type\":\"WebPage\",\"@id\":\"https:\\\/\\\/www.nevis.pt\\\/en\\\/products\\\/quintal-dos-acores-piri-piri-jelly-250g\\\/\",\"url\":\"https:\\\/\\\/www.nevis.pt\\\/en\\\/products\\\/quintal-dos-acores-piri-piri-jelly-250g\\\/\",\"name\":\"Quintal dos A\u00e7ores Piri-Piri Jelly 250g\",\"isPartOf\":{\"@id\":\"https:\\\/\\\/www.nevis.pt\\\/en\\\/#website\"},\"primaryImageOfPage\":{\"@id\":\"https:\\\/\\\/www.nevis.pt\\\/en\\\/products\\\/quintal-dos-acores-piri-piri-jelly-250g\\\/#primaryimage\"},\"image\":{\"@id\":\"https:\\\/\\\/www.nevis.pt\\\/en\\\/products\\\/quintal-dos-acores-piri-piri-jelly-250g\\\/#primaryimage\"},\"thumbnailUrl\":\"https:\\\/\\\/www.nevis.pt\\\/wp-content\\\/uploads\\\/2022\\\/01\\\/o11921-geleia-de-piri-piri-quintal-dos-acores-300g.jpg\",\"datePublished\":\"2026-03-02T10:03:50+00:00\",\"dateModified\":\"2026-03-02T10:04:16+00:00\",\"description\":\"Piri-piri jelly from Quintal dos A\u00e7ores, produced the old-fashioned way with raw material from the Azores. Produced in Candel\u00e1ria, S\u00e3o Miguel Island, Azores.\",\"breadcrumb\":{\"@id\":\"https:\\\/\\\/www.nevis.pt\\\/en\\\/products\\\/quintal-dos-acores-piri-piri-jelly-250g\\\/#breadcrumb\"},\"inLanguage\":\"en-US\",\"potentialAction\":[{\"@type\":\"ReadAction\",\"target\":[\"https:\\\/\\\/www.nevis.pt\\\/en\\\/products\\\/quintal-dos-acores-piri-piri-jelly-250g\\\/\"]}]},{\"@type\":\"ImageObject\",\"inLanguage\":\"en-US\",\"@id\":\"https:\\\/\\\/www.nevis.pt\\\/en\\\/products\\\/quintal-dos-acores-piri-piri-jelly-250g\\\/#primaryimage\",\"url\":\"https:\\\/\\\/www.nevis.pt\\\/wp-content\\\/uploads\\\/2022\\\/01\\\/o11921-geleia-de-piri-piri-quintal-dos-acores-300g.jpg\",\"contentUrl\":\"https:\\\/\\\/www.nevis.pt\\\/wp-content\\\/uploads\\\/2022\\\/01\\\/o11921-geleia-de-piri-piri-quintal-dos-acores-300g.jpg\",\"width\":800,\"height\":800,\"caption\":\"Quintal dos A\u00e7ores Piri-Piri Jelly 250g\"},{\"@type\":\"BreadcrumbList\",\"@id\":\"https:\\\/\\\/www.nevis.pt\\\/en\\\/products\\\/quintal-dos-acores-piri-piri-jelly-250g\\\/#breadcrumb\",\"itemListElement\":[{\"@type\":\"ListItem\",\"position\":1,\"name\":\"In\u00edcio\",\"item\":\"https:\\\/\\\/www.nevis.pt\\\/en\\\/\"},{\"@type\":\"ListItem\",\"position\":2,\"name\":\"Products\",\"item\":\"https:\\\/\\\/www.nevis.pt\\\/en\\\/products\\\/\"},{\"@type\":\"ListItem\",\"position\":3,\"name\":\"Quintal dos A\u00e7ores Piri-Piri Jelly 250g\"}]},{\"@type\":\"WebSite\",\"@id\":\"https:\\\/\\\/www.nevis.pt\\\/en\\\/#website\",\"url\":\"https:\\\/\\\/www.nevis.pt\\\/en\\\/\",\"name\":\"Nevis\",\"description\":\"Mercearia Fina\",\"publisher\":{\"@id\":\"https:\\\/\\\/www.nevis.pt\\\/en\\\/#organization\"},\"potentialAction\":[{\"@type\":\"SearchAction\",\"target\":{\"@type\":\"EntryPoint\",\"urlTemplate\":\"https:\\\/\\\/www.nevis.pt\\\/en\\\/?s={search_term_string}\"},\"query-input\":{\"@type\":\"PropertyValueSpecification\",\"valueRequired\":true,\"valueName\":\"search_term_string\"}}],\"inLanguage\":\"en-US\"},{\"@type\":\"Organization\",\"@id\":\"https:\\\/\\\/www.nevis.pt\\\/en\\\/#organization\",\"name\":\"Nevis\",\"url\":\"https:\\\/\\\/www.nevis.pt\\\/en\\\/\",\"logo\":{\"@type\":\"ImageObject\",\"inLanguage\":\"en-US\",\"@id\":\"https:\\\/\\\/www.nevis.pt\\\/en\\\/#\\\/schema\\\/logo\\\/image\\\/\",\"url\":\"https:\\\/\\\/www.nevis.pt\\\/wp-content\\\/uploads\\\/2020\\\/07\\\/default-product-image.png\",\"contentUrl\":\"https:\\\/\\\/www.nevis.pt\\\/wp-content\\\/uploads\\\/2020\\\/07\\\/default-product-image.png\",\"width\":2133,\"height\":2133,\"caption\":\"Nevis\"},\"image\":{\"@id\":\"https:\\\/\\\/www.nevis.pt\\\/en\\\/#\\\/schema\\\/logo\\\/image\\\/\"},\"sameAs\":[\"https:\\\/\\\/www.facebook.com\\\/Nevis.pt\",\"https:\\\/\\\/www.instagram.com\\\/nevis_mercearia_fina\\\/\"]}]}<\/script>\n<!-- \/ Yoast SEO plugin. -->","yoast_head_json":{"title":"Quintal dos A\u00e7ores Piri-Piri Jelly 250g","description":"Piri-piri jelly from Quintal dos A\u00e7ores, produced the old-fashioned way with raw material from the Azores. Produced in Candel\u00e1ria, S\u00e3o Miguel Island, Azores.","robots":{"index":"index","follow":"follow","max-snippet":"max-snippet:-1","max-image-preview":"max-image-preview:large","max-video-preview":"max-video-preview:-1"},"canonical":"https:\/\/www.nevis.pt\/en\/products\/quintal-dos-acores-piri-piri-jelly-250g\/","og_locale":"en_US","og_type":"article","og_title":"Quintal dos A\u00e7ores Piri-Piri Jelly 250g","og_description":"Piri-piri jelly from Quintal dos A\u00e7ores, produced the old-fashioned way with raw material from the Azores. Produced in Candel\u00e1ria, S\u00e3o Miguel Island, Azores.","og_url":"https:\/\/www.nevis.pt\/en\/products\/quintal-dos-acores-piri-piri-jelly-250g\/","og_site_name":"Nevis","article_publisher":"https:\/\/www.facebook.com\/Nevis.pt","article_modified_time":"2026-03-02T10:04:16+00:00","og_image":[{"width":800,"height":800,"url":"https:\/\/www.nevis.pt\/wp-content\/uploads\/2022\/01\/o11921-geleia-de-piri-piri-quintal-dos-acores-300g.jpg","type":"image\/jpeg"}],"twitter_card":"summary_large_image","twitter_title":"Quintal dos A\u00e7ores Piri-Piri Jelly 250g","schema":{"@context":"https:\/\/schema.org","@graph":[{"@type":"WebPage","@id":"https:\/\/www.nevis.pt\/en\/products\/quintal-dos-acores-piri-piri-jelly-250g\/","url":"https:\/\/www.nevis.pt\/en\/products\/quintal-dos-acores-piri-piri-jelly-250g\/","name":"Quintal dos A\u00e7ores Piri-Piri Jelly 250g","isPartOf":{"@id":"https:\/\/www.nevis.pt\/en\/#website"},"primaryImageOfPage":{"@id":"https:\/\/www.nevis.pt\/en\/products\/quintal-dos-acores-piri-piri-jelly-250g\/#primaryimage"},"image":{"@id":"https:\/\/www.nevis.pt\/en\/products\/quintal-dos-acores-piri-piri-jelly-250g\/#primaryimage"},"thumbnailUrl":"https:\/\/www.nevis.pt\/wp-content\/uploads\/2022\/01\/o11921-geleia-de-piri-piri-quintal-dos-acores-300g.jpg","datePublished":"2026-03-02T10:03:50+00:00","dateModified":"2026-03-02T10:04:16+00:00","description":"Piri-piri jelly from Quintal dos A\u00e7ores, produced the old-fashioned way with raw material from the Azores. Produced in Candel\u00e1ria, S\u00e3o Miguel Island, Azores.","breadcrumb":{"@id":"https:\/\/www.nevis.pt\/en\/products\/quintal-dos-acores-piri-piri-jelly-250g\/#breadcrumb"},"inLanguage":"en-US","potentialAction":[{"@type":"ReadAction","target":["https:\/\/www.nevis.pt\/en\/products\/quintal-dos-acores-piri-piri-jelly-250g\/"]}]},{"@type":"ImageObject","inLanguage":"en-US","@id":"https:\/\/www.nevis.pt\/en\/products\/quintal-dos-acores-piri-piri-jelly-250g\/#primaryimage","url":"https:\/\/www.nevis.pt\/wp-content\/uploads\/2022\/01\/o11921-geleia-de-piri-piri-quintal-dos-acores-300g.jpg","contentUrl":"https:\/\/www.nevis.pt\/wp-content\/uploads\/2022\/01\/o11921-geleia-de-piri-piri-quintal-dos-acores-300g.jpg","width":800,"height":800,"caption":"Quintal dos A\u00e7ores Piri-Piri Jelly 250g"},{"@type":"BreadcrumbList","@id":"https:\/\/www.nevis.pt\/en\/products\/quintal-dos-acores-piri-piri-jelly-250g\/#breadcrumb","itemListElement":[{"@type":"ListItem","position":1,"name":"In\u00edcio","item":"https:\/\/www.nevis.pt\/en\/"},{"@type":"ListItem","position":2,"name":"Products","item":"https:\/\/www.nevis.pt\/en\/products\/"},{"@type":"ListItem","position":3,"name":"Quintal dos A\u00e7ores Piri-Piri Jelly 250g"}]},{"@type":"WebSite","@id":"https:\/\/www.nevis.pt\/en\/#website","url":"https:\/\/www.nevis.pt\/en\/","name":"Nevis","description":"Mercearia Fina","publisher":{"@id":"https:\/\/www.nevis.pt\/en\/#organization"},"potentialAction":[{"@type":"SearchAction","target":{"@type":"EntryPoint","urlTemplate":"https:\/\/www.nevis.pt\/en\/?s={search_term_string}"},"query-input":{"@type":"PropertyValueSpecification","valueRequired":true,"valueName":"search_term_string"}}],"inLanguage":"en-US"},{"@type":"Organization","@id":"https:\/\/www.nevis.pt\/en\/#organization","name":"Nevis","url":"https:\/\/www.nevis.pt\/en\/","logo":{"@type":"ImageObject","inLanguage":"en-US","@id":"https:\/\/www.nevis.pt\/en\/#\/schema\/logo\/image\/","url":"https:\/\/www.nevis.pt\/wp-content\/uploads\/2020\/07\/default-product-image.png","contentUrl":"https:\/\/www.nevis.pt\/wp-content\/uploads\/2020\/07\/default-product-image.png","width":2133,"height":2133,"caption":"Nevis"},"image":{"@id":"https:\/\/www.nevis.pt\/en\/#\/schema\/logo\/image\/"},"sameAs":["https:\/\/www.facebook.com\/Nevis.pt","https:\/\/www.instagram.com\/nevis_mercearia_fina\/"]}]}},"jetpack_sharing_enabled":true,"_links":{"self":[{"href":"https:\/\/www.nevis.pt\/en\/wp-json\/wp\/v2\/product\/75146","targetHints":{"allow":["GET"]}}],"collection":[{"href":"https:\/\/www.nevis.pt\/en\/wp-json\/wp\/v2\/product"}],"about":[{"href":"https:\/\/www.nevis.pt\/en\/wp-json\/wp\/v2\/types\/product"}],"wp:featuredmedia":[{"embeddable":true,"href":"https:\/\/www.nevis.pt\/en\/wp-json\/wp\/v2\/media\/75075"}],"wp:attachment":[{"href":"https:\/\/www.nevis.pt\/en\/wp-json\/wp\/v2\/media?parent=75146"}],"wp:term":[{"taxonomy":"socilink_saboresdomundo_tag","embeddable":true,"href":"https:\/\/www.nevis.pt\/en\/wp-json\/wp\/v2\/socilink_saboresdomundo_tag?post=75146"},{"taxonomy":"product_brand","embeddable":true,"href":"https:\/\/www.nevis.pt\/en\/wp-json\/wp\/v2\/product_brand?post=75146"},{"taxonomy":"product_cat","embeddable":true,"href":"https:\/\/www.nevis.pt\/en\/wp-json\/wp\/v2\/product_cat?post=75146"},{"taxonomy":"product_tag","embeddable":true,"href":"https:\/\/www.nevis.pt\/en\/wp-json\/wp\/v2\/product_tag?post=75146"}],"curies":[{"name":"wp","href":"https:\/\/api.w.org\/{rel}","templated":true}]}}