{"id":82158,"date":"2026-03-02T09:21:39","date_gmt":"2026-03-02T09:21:39","guid":{"rendered":"https:\/\/www.nevis.pt\/products\/collitali-extra-virgin-olive-oil-with-basil-spray-100ml\/"},"modified":"2026-03-02T09:22:08","modified_gmt":"2026-03-02T09:22:08","slug":"collitali-extra-virgin-olive-oil-with-basil-spray-100ml","status":"publish","type":"product","link":"https:\/\/www.nevis.pt\/en\/products\/collitali-extra-virgin-olive-oil-with-basil-spray-100ml\/","title":{"rendered":"Collitali Extra Virgin Olive Oil with Basil Spray 100ml"},"content":{"rendered":"<h4>Product Description<\/h4>\n<p>O Azeite Extra Virgem da Collitali \u00e9 elaborado com azeitonas frescas da melhor qualidade, obtidas pela primeira prensagem, sem manipula\u00e7\u00e3o qu\u00edmica para manter as suas caracter\u00edsticas. Com um subtil toque de Manjeric\u00e3o e design em spray que facilita a sua utiliza\u00e7\u00e3o tanto como finalizador de pratos bem como para lubrificar os seus utens\u00edlios de cozinha antes de cozinhar.<\/p>\n<h4>Ingredients:<\/h4>\n<p>98,5% Italian Extra virgin olive oil, 1,5% basil natural flavour.<\/p>\n<h4>Storage:<\/h4>\n<p>Store in a cool, dry place, away from light and heat.<\/p>\n<h4>Usage Suggestions:<\/h4>\n<p>Ideal with: pasta, salads, cottage cheese and grilled meat or fish.<\/p>\n<h4>Country of Origin:<\/h4>\n<p>Italy<\/p>\n<h4>Nutritional information:<\/h4>\n<table>\n<tr>\n<th>Typical Values:<\/th>\n<th>Per 100ml<\/th>\n<\/tr>\n<tr>\n<td>Energy<\/td>\n<td>3404kJ<br \/>828kcal<\/td>\n<\/tr>\n<tr>\n<td>Fat<br \/>of wich saturates<\/td>\n<td>92g<br \/>13g<\/td>\n<\/tr>\n<tr>\n<td>Carbohydrate<br \/>of which sugars<\/td>\n<td>0g<br \/>0g<\/td>\n<\/tr>\n<tr>\n<td>Protein<\/td>\n<td>0g<\/td>\n<\/tr>\n<tr>\n<td>Salt<\/td>\n<td>0g<\/td>\n<\/tr>\n<\/table>\n<h4>Distributed by:<\/h4>\n<p>Onelink Lda<br \/>\nRua Quinta dos \u00c1lamos n.\u00ba 3<br \/>\n2625-577 Vialonga<\/p>\n<h4>Notice about our product information:<\/h4>\n<p>Always confirm the information on the article label. Food products are subject to constant change, for this reason, we recommend that you always read the labeling information that accompanies each product, including the nutritional information, ingredient list, storage, preparation and use instructions as well as other information before use or consumption.<\/p>\n","protected":false},"excerpt":{"rendered":"<p>Extra virgin olive oil with basil. Ideal on: pasta, salads, fresh cheese and grilled meat or fish.<\/p>\n","protected":false},"featured_media":81932,"template":"","meta":{"_acf_changed":false,"_lmt_disableupdate":"","_lmt_disable":"","ep_exclude_from_search":false},"socilink_saboresdomundo_tag":[2780,2790],"product_brand":[2196,10366],"product_cat":[2624,2628],"product_tag":[],"class_list":{"0":"post-82158","1":"product","2":"type-product","3":"status-publish","4":"has-post-thumbnail","6":"socilink_saboresdomundo_tag-europe","7":"socilink_saboresdomundo_tag-italy","8":"product_brand-collitali-en","9":"product_brand-olive-oil-dressing-in-spray","10":"product_cat-ingredients-seasonings","11":"product_cat-olive-oil-aromatic-oils-and-other-fats","12":"product_shipping_class-ambient","14":"first","15":"instock","16":"featured","17":"taxable","18":"shipping-taxable","19":"purchasable","20":"product-type-simple"},"acf":[],"yoast_head":"<!-- This site is optimized with the Yoast SEO plugin v27.4 - https:\/\/yoast.com\/product\/yoast-seo-wordpress\/ -->\n<title>Collitali Extra Virgin Olive Oil with Basil Spray 100ml<\/title>\n<meta name=\"description\" content=\"Extra virgin olive oil with basil. Ideal on: pasta, salads, fresh cheese and grilled meat or fish.\" \/>\n<meta name=\"robots\" content=\"index, follow, max-snippet:-1, max-image-preview:large, max-video-preview:-1\" \/>\n<link rel=\"canonical\" href=\"https:\/\/www.nevis.pt\/en\/products\/collitali-extra-virgin-olive-oil-with-basil-spray-100ml\/\" \/>\n<meta property=\"og:locale\" content=\"en_US\" \/>\n<meta property=\"og:type\" content=\"article\" \/>\n<meta property=\"og:title\" content=\"Collitali Extra Virgin Olive Oil with Basil Spray 100ml\" \/>\n<meta property=\"og:description\" content=\"Extra virgin olive oil with basil. Ideal on: pasta, salads, fresh cheese and grilled meat or fish.\" \/>\n<meta property=\"og:url\" content=\"https:\/\/www.nevis.pt\/en\/products\/collitali-extra-virgin-olive-oil-with-basil-spray-100ml\/\" \/>\n<meta property=\"og:site_name\" content=\"Nevis\" \/>\n<meta property=\"article:publisher\" content=\"https:\/\/www.facebook.com\/Nevis.pt\" \/>\n<meta property=\"article:modified_time\" content=\"2026-03-02T09:22:08+00:00\" \/>\n<meta property=\"og:image\" content=\"https:\/\/www.nevis.pt\/wp-content\/uploads\/2022\/10\/o12298-azeite-virgem-extra-com-manjericao-em-spray-collitali-100ml.jpg\" \/>\n\t<meta property=\"og:image:width\" content=\"800\" \/>\n\t<meta property=\"og:image:height\" content=\"800\" \/>\n\t<meta property=\"og:image:type\" content=\"image\/jpeg\" \/>\n<meta name=\"twitter:card\" content=\"summary_large_image\" \/>\n<meta name=\"twitter:title\" content=\"Collitali Extra Virgin Olive Oil with Basil Spray 100ml\" \/>\n<meta name=\"twitter:label1\" content=\"Est. reading time\" \/>\n\t<meta name=\"twitter:data1\" content=\"1 minute\" \/>\n<script type=\"application\/ld+json\" class=\"yoast-schema-graph\">{\"@context\":\"https:\\\/\\\/schema.org\",\"@graph\":[{\"@type\":\"WebPage\",\"@id\":\"https:\\\/\\\/www.nevis.pt\\\/en\\\/products\\\/collitali-extra-virgin-olive-oil-with-basil-spray-100ml\\\/\",\"url\":\"https:\\\/\\\/www.nevis.pt\\\/en\\\/products\\\/collitali-extra-virgin-olive-oil-with-basil-spray-100ml\\\/\",\"name\":\"Collitali Extra Virgin Olive Oil with Basil Spray 100ml\",\"isPartOf\":{\"@id\":\"https:\\\/\\\/www.nevis.pt\\\/en\\\/#website\"},\"primaryImageOfPage\":{\"@id\":\"https:\\\/\\\/www.nevis.pt\\\/en\\\/products\\\/collitali-extra-virgin-olive-oil-with-basil-spray-100ml\\\/#primaryimage\"},\"image\":{\"@id\":\"https:\\\/\\\/www.nevis.pt\\\/en\\\/products\\\/collitali-extra-virgin-olive-oil-with-basil-spray-100ml\\\/#primaryimage\"},\"thumbnailUrl\":\"https:\\\/\\\/www.nevis.pt\\\/wp-content\\\/uploads\\\/2022\\\/10\\\/o12298-azeite-virgem-extra-com-manjericao-em-spray-collitali-100ml.jpg\",\"datePublished\":\"2026-03-02T09:21:39+00:00\",\"dateModified\":\"2026-03-02T09:22:08+00:00\",\"description\":\"Extra virgin olive oil with basil. Ideal on: pasta, salads, fresh cheese and grilled meat or fish.\",\"breadcrumb\":{\"@id\":\"https:\\\/\\\/www.nevis.pt\\\/en\\\/products\\\/collitali-extra-virgin-olive-oil-with-basil-spray-100ml\\\/#breadcrumb\"},\"inLanguage\":\"en-US\",\"potentialAction\":[{\"@type\":\"ReadAction\",\"target\":[\"https:\\\/\\\/www.nevis.pt\\\/en\\\/products\\\/collitali-extra-virgin-olive-oil-with-basil-spray-100ml\\\/\"]}]},{\"@type\":\"ImageObject\",\"inLanguage\":\"en-US\",\"@id\":\"https:\\\/\\\/www.nevis.pt\\\/en\\\/products\\\/collitali-extra-virgin-olive-oil-with-basil-spray-100ml\\\/#primaryimage\",\"url\":\"https:\\\/\\\/www.nevis.pt\\\/wp-content\\\/uploads\\\/2022\\\/10\\\/o12298-azeite-virgem-extra-com-manjericao-em-spray-collitali-100ml.jpg\",\"contentUrl\":\"https:\\\/\\\/www.nevis.pt\\\/wp-content\\\/uploads\\\/2022\\\/10\\\/o12298-azeite-virgem-extra-com-manjericao-em-spray-collitali-100ml.jpg\",\"width\":800,\"height\":800,\"caption\":\"Collitali Extra Virgin Olive Oil with Basil Spray 100ml\"},{\"@type\":\"BreadcrumbList\",\"@id\":\"https:\\\/\\\/www.nevis.pt\\\/en\\\/products\\\/collitali-extra-virgin-olive-oil-with-basil-spray-100ml\\\/#breadcrumb\",\"itemListElement\":[{\"@type\":\"ListItem\",\"position\":1,\"name\":\"In\u00edcio\",\"item\":\"https:\\\/\\\/www.nevis.pt\\\/en\\\/\"},{\"@type\":\"ListItem\",\"position\":2,\"name\":\"Products\",\"item\":\"https:\\\/\\\/www.nevis.pt\\\/en\\\/products\\\/\"},{\"@type\":\"ListItem\",\"position\":3,\"name\":\"Collitali Extra Virgin Olive Oil with Basil Spray 100ml\"}]},{\"@type\":\"WebSite\",\"@id\":\"https:\\\/\\\/www.nevis.pt\\\/en\\\/#website\",\"url\":\"https:\\\/\\\/www.nevis.pt\\\/en\\\/\",\"name\":\"Nevis\",\"description\":\"Mercearia Fina\",\"publisher\":{\"@id\":\"https:\\\/\\\/www.nevis.pt\\\/en\\\/#organization\"},\"potentialAction\":[{\"@type\":\"SearchAction\",\"target\":{\"@type\":\"EntryPoint\",\"urlTemplate\":\"https:\\\/\\\/www.nevis.pt\\\/en\\\/?s={search_term_string}\"},\"query-input\":{\"@type\":\"PropertyValueSpecification\",\"valueRequired\":true,\"valueName\":\"search_term_string\"}}],\"inLanguage\":\"en-US\"},{\"@type\":\"Organization\",\"@id\":\"https:\\\/\\\/www.nevis.pt\\\/en\\\/#organization\",\"name\":\"Nevis\",\"url\":\"https:\\\/\\\/www.nevis.pt\\\/en\\\/\",\"logo\":{\"@type\":\"ImageObject\",\"inLanguage\":\"en-US\",\"@id\":\"https:\\\/\\\/www.nevis.pt\\\/en\\\/#\\\/schema\\\/logo\\\/image\\\/\",\"url\":\"https:\\\/\\\/www.nevis.pt\\\/wp-content\\\/uploads\\\/2020\\\/07\\\/default-product-image.png\",\"contentUrl\":\"https:\\\/\\\/www.nevis.pt\\\/wp-content\\\/uploads\\\/2020\\\/07\\\/default-product-image.png\",\"width\":2133,\"height\":2133,\"caption\":\"Nevis\"},\"image\":{\"@id\":\"https:\\\/\\\/www.nevis.pt\\\/en\\\/#\\\/schema\\\/logo\\\/image\\\/\"},\"sameAs\":[\"https:\\\/\\\/www.facebook.com\\\/Nevis.pt\",\"https:\\\/\\\/www.instagram.com\\\/nevis_mercearia_fina\\\/\"]}]}<\/script>\n<!-- \/ Yoast SEO plugin. -->","yoast_head_json":{"title":"Collitali Extra Virgin Olive Oil with Basil Spray 100ml","description":"Extra virgin olive oil with basil. Ideal on: pasta, salads, fresh cheese and grilled meat or fish.","robots":{"index":"index","follow":"follow","max-snippet":"max-snippet:-1","max-image-preview":"max-image-preview:large","max-video-preview":"max-video-preview:-1"},"canonical":"https:\/\/www.nevis.pt\/en\/products\/collitali-extra-virgin-olive-oil-with-basil-spray-100ml\/","og_locale":"en_US","og_type":"article","og_title":"Collitali Extra Virgin Olive Oil with Basil Spray 100ml","og_description":"Extra virgin olive oil with basil. Ideal on: pasta, salads, fresh cheese and grilled meat or fish.","og_url":"https:\/\/www.nevis.pt\/en\/products\/collitali-extra-virgin-olive-oil-with-basil-spray-100ml\/","og_site_name":"Nevis","article_publisher":"https:\/\/www.facebook.com\/Nevis.pt","article_modified_time":"2026-03-02T09:22:08+00:00","og_image":[{"width":800,"height":800,"url":"https:\/\/www.nevis.pt\/wp-content\/uploads\/2022\/10\/o12298-azeite-virgem-extra-com-manjericao-em-spray-collitali-100ml.jpg","type":"image\/jpeg"}],"twitter_card":"summary_large_image","twitter_title":"Collitali Extra Virgin Olive Oil with Basil Spray 100ml","twitter_misc":{"Est. reading time":"1 minute"},"schema":{"@context":"https:\/\/schema.org","@graph":[{"@type":"WebPage","@id":"https:\/\/www.nevis.pt\/en\/products\/collitali-extra-virgin-olive-oil-with-basil-spray-100ml\/","url":"https:\/\/www.nevis.pt\/en\/products\/collitali-extra-virgin-olive-oil-with-basil-spray-100ml\/","name":"Collitali Extra Virgin Olive Oil with Basil Spray 100ml","isPartOf":{"@id":"https:\/\/www.nevis.pt\/en\/#website"},"primaryImageOfPage":{"@id":"https:\/\/www.nevis.pt\/en\/products\/collitali-extra-virgin-olive-oil-with-basil-spray-100ml\/#primaryimage"},"image":{"@id":"https:\/\/www.nevis.pt\/en\/products\/collitali-extra-virgin-olive-oil-with-basil-spray-100ml\/#primaryimage"},"thumbnailUrl":"https:\/\/www.nevis.pt\/wp-content\/uploads\/2022\/10\/o12298-azeite-virgem-extra-com-manjericao-em-spray-collitali-100ml.jpg","datePublished":"2026-03-02T09:21:39+00:00","dateModified":"2026-03-02T09:22:08+00:00","description":"Extra virgin olive oil with basil. Ideal on: pasta, salads, fresh cheese and grilled meat or fish.","breadcrumb":{"@id":"https:\/\/www.nevis.pt\/en\/products\/collitali-extra-virgin-olive-oil-with-basil-spray-100ml\/#breadcrumb"},"inLanguage":"en-US","potentialAction":[{"@type":"ReadAction","target":["https:\/\/www.nevis.pt\/en\/products\/collitali-extra-virgin-olive-oil-with-basil-spray-100ml\/"]}]},{"@type":"ImageObject","inLanguage":"en-US","@id":"https:\/\/www.nevis.pt\/en\/products\/collitali-extra-virgin-olive-oil-with-basil-spray-100ml\/#primaryimage","url":"https:\/\/www.nevis.pt\/wp-content\/uploads\/2022\/10\/o12298-azeite-virgem-extra-com-manjericao-em-spray-collitali-100ml.jpg","contentUrl":"https:\/\/www.nevis.pt\/wp-content\/uploads\/2022\/10\/o12298-azeite-virgem-extra-com-manjericao-em-spray-collitali-100ml.jpg","width":800,"height":800,"caption":"Collitali Extra Virgin Olive Oil with Basil Spray 100ml"},{"@type":"BreadcrumbList","@id":"https:\/\/www.nevis.pt\/en\/products\/collitali-extra-virgin-olive-oil-with-basil-spray-100ml\/#breadcrumb","itemListElement":[{"@type":"ListItem","position":1,"name":"In\u00edcio","item":"https:\/\/www.nevis.pt\/en\/"},{"@type":"ListItem","position":2,"name":"Products","item":"https:\/\/www.nevis.pt\/en\/products\/"},{"@type":"ListItem","position":3,"name":"Collitali Extra Virgin Olive Oil with Basil Spray 100ml"}]},{"@type":"WebSite","@id":"https:\/\/www.nevis.pt\/en\/#website","url":"https:\/\/www.nevis.pt\/en\/","name":"Nevis","description":"Mercearia Fina","publisher":{"@id":"https:\/\/www.nevis.pt\/en\/#organization"},"potentialAction":[{"@type":"SearchAction","target":{"@type":"EntryPoint","urlTemplate":"https:\/\/www.nevis.pt\/en\/?s={search_term_string}"},"query-input":{"@type":"PropertyValueSpecification","valueRequired":true,"valueName":"search_term_string"}}],"inLanguage":"en-US"},{"@type":"Organization","@id":"https:\/\/www.nevis.pt\/en\/#organization","name":"Nevis","url":"https:\/\/www.nevis.pt\/en\/","logo":{"@type":"ImageObject","inLanguage":"en-US","@id":"https:\/\/www.nevis.pt\/en\/#\/schema\/logo\/image\/","url":"https:\/\/www.nevis.pt\/wp-content\/uploads\/2020\/07\/default-product-image.png","contentUrl":"https:\/\/www.nevis.pt\/wp-content\/uploads\/2020\/07\/default-product-image.png","width":2133,"height":2133,"caption":"Nevis"},"image":{"@id":"https:\/\/www.nevis.pt\/en\/#\/schema\/logo\/image\/"},"sameAs":["https:\/\/www.facebook.com\/Nevis.pt","https:\/\/www.instagram.com\/nevis_mercearia_fina\/"]}]}},"jetpack_sharing_enabled":true,"_links":{"self":[{"href":"https:\/\/www.nevis.pt\/en\/wp-json\/wp\/v2\/product\/82158","targetHints":{"allow":["GET"]}}],"collection":[{"href":"https:\/\/www.nevis.pt\/en\/wp-json\/wp\/v2\/product"}],"about":[{"href":"https:\/\/www.nevis.pt\/en\/wp-json\/wp\/v2\/types\/product"}],"wp:featuredmedia":[{"embeddable":true,"href":"https:\/\/www.nevis.pt\/en\/wp-json\/wp\/v2\/media\/81932"}],"wp:attachment":[{"href":"https:\/\/www.nevis.pt\/en\/wp-json\/wp\/v2\/media?parent=82158"}],"wp:term":[{"taxonomy":"socilink_saboresdomundo_tag","embeddable":true,"href":"https:\/\/www.nevis.pt\/en\/wp-json\/wp\/v2\/socilink_saboresdomundo_tag?post=82158"},{"taxonomy":"product_brand","embeddable":true,"href":"https:\/\/www.nevis.pt\/en\/wp-json\/wp\/v2\/product_brand?post=82158"},{"taxonomy":"product_cat","embeddable":true,"href":"https:\/\/www.nevis.pt\/en\/wp-json\/wp\/v2\/product_cat?post=82158"},{"taxonomy":"product_tag","embeddable":true,"href":"https:\/\/www.nevis.pt\/en\/wp-json\/wp\/v2\/product_tag?post=82158"}],"curies":[{"name":"wp","href":"https:\/\/api.w.org\/{rel}","templated":true}]}}