{"id":85233,"date":"2026-03-02T09:12:21","date_gmt":"2026-03-02T09:12:21","guid":{"rendered":"https:\/\/www.nevis.pt\/products\/comptoir-du-cacao-sao-tome-70-dark-chocolate-tablet-80g\/"},"modified":"2026-03-02T09:12:36","modified_gmt":"2026-03-02T09:12:36","slug":"comptoir-du-cacao-sao-tome-70-dark-chocolate-tablet-80g","status":"publish","type":"product","link":"https:\/\/www.nevis.pt\/en\/products\/comptoir-du-cacao-sao-tome-70-dark-chocolate-tablet-80g\/","title":{"rendered":"Comptoir du Cacao S\u00e3o Tom\u00e9 70% Dark Chocolate Tablet 80g"},"content":{"rendered":"<h4>Product Description<\/h4>\n<p>A French artisan chocolate factory, Le Comptoir du Cacao has been producing pure cocoa chocolates for 20 years, always with the tradition of the artisan know-how of master chocolatiers.<br \/>\nThe S\u00e3o Tom\u00e9 chocolate bars, with a 70% cocoa content, are ideal for true connoisseurs of dark chocolate. The intense flavour is characterized by notes of tropical red and yellow fruits.<\/p>\n<h4>Ingredients:<\/h4>\n<p>Cocoa paste, sugar, emulsifier (SOYA lecithin), natural vanilla flavour. The cacao beans come from Sao Tom\u00e9.<\/p>\n<h4>Allergens:<\/h4>\n<p>See ingredients in UPPERCASE. May contain traces of milk, gluten, nuts. <\/p>\n<h4>Storage:<\/h4>\n<p>Keep in a cool, dry place.<\/p>\n<h4>Country of Origin:<\/h4>\n<p>France<\/p>\n<h4>Nutritional information:<\/h4>\n<table>\n<tr>\n<th>Typical Values:<\/th>\n<th>Per 100g<\/th>\n<\/tr>\n<tr>\n<td>Energy<\/td>\n<td>2176kJ<br \/>544kcal<\/td>\n<\/tr>\n<tr>\n<td>Fat<br \/>of wich saturates<\/td>\n<td>39g<br \/>24g<\/td>\n<\/tr>\n<tr>\n<td>Carbohydrate<br \/>of which sugars<\/td>\n<td>31g<br \/>27g<\/td>\n<\/tr>\n<tr>\n<td>Protein<\/td>\n<td>8g<\/td>\n<\/tr>\n<tr>\n<td>Salt<\/td>\n<td>0g<\/td>\n<\/tr>\n<\/table>\n<h4>Distributed by:<\/h4>\n<p>Socilink Lda<br \/>\nRua Quinta dos \u00c1lamos n.\u00ba 3<br \/>\n2625-577 Vialonga<\/p>\n<h4>Notice about our product information:<\/h4>\n<p>Always confirm the information on the article label. Food products are subject to constant change, for this reason, we recommend that you always read the labeling information that accompanies each product, including the nutritional information, ingredient list, storage, preparation and use instructions as well as other information before use or consumption.<\/p>\n","protected":false},"excerpt":{"rendered":"<p>S\u00e3o Tom\u00e9 chocolate bars, with a 70% cocoa content, are ideal for true dark chocolate lovers. The intense flavour is characterized by notes of tropical red and yellow fruits.<\/p>\n","protected":false},"featured_media":85120,"template":"","meta":{"_acf_changed":false,"_lmt_disableupdate":"","_lmt_disable":"","ep_exclude_from_search":false},"socilink_saboresdomundo_tag":[2780,2787],"product_brand":[10031,10033],"product_cat":[2608,2601],"product_tag":[],"class_list":{"0":"post-85233","1":"product","2":"type-product","3":"status-publish","4":"has-post-thumbnail","6":"socilink_saboresdomundo_tag-europe","7":"socilink_saboresdomundo_tag-france","8":"product_brand-comptoir-du-cacao-en","9":"product_brand-single-origin-chocolates","10":"product_cat-chocolate-en","11":"product_cat-sweets-snacks","12":"product_shipping_class-ambient","14":"first","15":"outofstock","16":"taxable","17":"shipping-taxable","18":"purchasable","19":"product-type-simple"},"acf":[],"yoast_head":"<!-- This site is optimized with the Yoast SEO plugin v27.4 - https:\/\/yoast.com\/product\/yoast-seo-wordpress\/ -->\n<title>Comptoir du Cacao S\u00e3o Tom\u00e9 70% Dark Chocolate Tablet 80g<\/title>\n<meta name=\"description\" content=\"S\u00e3o Tom\u00e9 chocolate bars, with a 70% cocoa content, are ideal for true dark chocolate lovers. The intense flavour is characterized by notes of tropical red and yellow fruits.\" \/>\n<meta name=\"robots\" content=\"index, follow, max-snippet:-1, max-image-preview:large, max-video-preview:-1\" \/>\n<link rel=\"canonical\" href=\"https:\/\/www.nevis.pt\/en\/products\/comptoir-du-cacao-sao-tome-70-dark-chocolate-tablet-80g\/\" \/>\n<meta property=\"og:locale\" content=\"en_US\" \/>\n<meta property=\"og:type\" content=\"article\" \/>\n<meta property=\"og:title\" content=\"Comptoir du Cacao S\u00e3o Tom\u00e9 70% Dark Chocolate Tablet 80g\" \/>\n<meta property=\"og:description\" content=\"S\u00e3o Tom\u00e9 chocolate bars, with a 70% cocoa content, are ideal for true dark chocolate lovers. The intense flavour is characterized by notes of tropical red and yellow fruits.\" \/>\n<meta property=\"og:url\" content=\"https:\/\/www.nevis.pt\/en\/products\/comptoir-du-cacao-sao-tome-70-dark-chocolate-tablet-80g\/\" \/>\n<meta property=\"og:site_name\" content=\"Nevis\" \/>\n<meta property=\"article:publisher\" content=\"https:\/\/www.facebook.com\/Nevis.pt\" \/>\n<meta property=\"article:modified_time\" content=\"2026-03-02T09:12:36+00:00\" \/>\n<meta property=\"og:image\" content=\"https:\/\/www.nevis.pt\/wp-content\/uploads\/2023\/02\/s13834-tablete-de-chocolate-preto-70-sao-tome-comptoir-du-cacao-80g.jpg\" \/>\n\t<meta property=\"og:image:width\" content=\"800\" \/>\n\t<meta property=\"og:image:height\" content=\"800\" \/>\n\t<meta property=\"og:image:type\" content=\"image\/jpeg\" \/>\n<meta name=\"twitter:card\" content=\"summary_large_image\" \/>\n<meta name=\"twitter:title\" content=\"Comptoir du Cacao S\u00e3o Tom\u00e9 70% Dark Chocolate Tablet 80g\" \/>\n<meta name=\"twitter:label1\" content=\"Est. reading time\" \/>\n\t<meta name=\"twitter:data1\" content=\"1 minute\" \/>\n<script type=\"application\/ld+json\" class=\"yoast-schema-graph\">{\"@context\":\"https:\\\/\\\/schema.org\",\"@graph\":[{\"@type\":\"WebPage\",\"@id\":\"https:\\\/\\\/www.nevis.pt\\\/en\\\/products\\\/comptoir-du-cacao-sao-tome-70-dark-chocolate-tablet-80g\\\/\",\"url\":\"https:\\\/\\\/www.nevis.pt\\\/en\\\/products\\\/comptoir-du-cacao-sao-tome-70-dark-chocolate-tablet-80g\\\/\",\"name\":\"Comptoir du Cacao S\u00e3o Tom\u00e9 70% Dark Chocolate Tablet 80g\",\"isPartOf\":{\"@id\":\"https:\\\/\\\/www.nevis.pt\\\/en\\\/#website\"},\"primaryImageOfPage\":{\"@id\":\"https:\\\/\\\/www.nevis.pt\\\/en\\\/products\\\/comptoir-du-cacao-sao-tome-70-dark-chocolate-tablet-80g\\\/#primaryimage\"},\"image\":{\"@id\":\"https:\\\/\\\/www.nevis.pt\\\/en\\\/products\\\/comptoir-du-cacao-sao-tome-70-dark-chocolate-tablet-80g\\\/#primaryimage\"},\"thumbnailUrl\":\"https:\\\/\\\/www.nevis.pt\\\/wp-content\\\/uploads\\\/2023\\\/02\\\/s13834-tablete-de-chocolate-preto-70-sao-tome-comptoir-du-cacao-80g.jpg\",\"datePublished\":\"2026-03-02T09:12:21+00:00\",\"dateModified\":\"2026-03-02T09:12:36+00:00\",\"description\":\"S\u00e3o Tom\u00e9 chocolate bars, with a 70% cocoa content, are ideal for true dark chocolate lovers. The intense flavour is characterized by notes of tropical red and yellow fruits.\",\"breadcrumb\":{\"@id\":\"https:\\\/\\\/www.nevis.pt\\\/en\\\/products\\\/comptoir-du-cacao-sao-tome-70-dark-chocolate-tablet-80g\\\/#breadcrumb\"},\"inLanguage\":\"en-US\",\"potentialAction\":[{\"@type\":\"ReadAction\",\"target\":[\"https:\\\/\\\/www.nevis.pt\\\/en\\\/products\\\/comptoir-du-cacao-sao-tome-70-dark-chocolate-tablet-80g\\\/\"]}]},{\"@type\":\"ImageObject\",\"inLanguage\":\"en-US\",\"@id\":\"https:\\\/\\\/www.nevis.pt\\\/en\\\/products\\\/comptoir-du-cacao-sao-tome-70-dark-chocolate-tablet-80g\\\/#primaryimage\",\"url\":\"https:\\\/\\\/www.nevis.pt\\\/wp-content\\\/uploads\\\/2023\\\/02\\\/s13834-tablete-de-chocolate-preto-70-sao-tome-comptoir-du-cacao-80g.jpg\",\"contentUrl\":\"https:\\\/\\\/www.nevis.pt\\\/wp-content\\\/uploads\\\/2023\\\/02\\\/s13834-tablete-de-chocolate-preto-70-sao-tome-comptoir-du-cacao-80g.jpg\",\"width\":800,\"height\":800,\"caption\":\"Comptoir du Cacao S\u00e3o Tom\u00e9 70% Dark Chocolate Tablet 80g\"},{\"@type\":\"BreadcrumbList\",\"@id\":\"https:\\\/\\\/www.nevis.pt\\\/en\\\/products\\\/comptoir-du-cacao-sao-tome-70-dark-chocolate-tablet-80g\\\/#breadcrumb\",\"itemListElement\":[{\"@type\":\"ListItem\",\"position\":1,\"name\":\"In\u00edcio\",\"item\":\"https:\\\/\\\/www.nevis.pt\\\/en\\\/\"},{\"@type\":\"ListItem\",\"position\":2,\"name\":\"Products\",\"item\":\"https:\\\/\\\/www.nevis.pt\\\/en\\\/products\\\/\"},{\"@type\":\"ListItem\",\"position\":3,\"name\":\"Comptoir du Cacao S\u00e3o Tom\u00e9 70% Dark Chocolate Tablet 80g\"}]},{\"@type\":\"WebSite\",\"@id\":\"https:\\\/\\\/www.nevis.pt\\\/en\\\/#website\",\"url\":\"https:\\\/\\\/www.nevis.pt\\\/en\\\/\",\"name\":\"Nevis\",\"description\":\"Mercearia Fina\",\"publisher\":{\"@id\":\"https:\\\/\\\/www.nevis.pt\\\/en\\\/#organization\"},\"potentialAction\":[{\"@type\":\"SearchAction\",\"target\":{\"@type\":\"EntryPoint\",\"urlTemplate\":\"https:\\\/\\\/www.nevis.pt\\\/en\\\/?s={search_term_string}\"},\"query-input\":{\"@type\":\"PropertyValueSpecification\",\"valueRequired\":true,\"valueName\":\"search_term_string\"}}],\"inLanguage\":\"en-US\"},{\"@type\":\"Organization\",\"@id\":\"https:\\\/\\\/www.nevis.pt\\\/en\\\/#organization\",\"name\":\"Nevis\",\"url\":\"https:\\\/\\\/www.nevis.pt\\\/en\\\/\",\"logo\":{\"@type\":\"ImageObject\",\"inLanguage\":\"en-US\",\"@id\":\"https:\\\/\\\/www.nevis.pt\\\/en\\\/#\\\/schema\\\/logo\\\/image\\\/\",\"url\":\"https:\\\/\\\/www.nevis.pt\\\/wp-content\\\/uploads\\\/2020\\\/07\\\/default-product-image.png\",\"contentUrl\":\"https:\\\/\\\/www.nevis.pt\\\/wp-content\\\/uploads\\\/2020\\\/07\\\/default-product-image.png\",\"width\":2133,\"height\":2133,\"caption\":\"Nevis\"},\"image\":{\"@id\":\"https:\\\/\\\/www.nevis.pt\\\/en\\\/#\\\/schema\\\/logo\\\/image\\\/\"},\"sameAs\":[\"https:\\\/\\\/www.facebook.com\\\/Nevis.pt\",\"https:\\\/\\\/www.instagram.com\\\/nevis_mercearia_fina\\\/\"]}]}<\/script>\n<!-- \/ Yoast SEO plugin. -->","yoast_head_json":{"title":"Comptoir du Cacao S\u00e3o Tom\u00e9 70% Dark Chocolate Tablet 80g","description":"S\u00e3o Tom\u00e9 chocolate bars, with a 70% cocoa content, are ideal for true dark chocolate lovers. The intense flavour is characterized by notes of tropical red and yellow fruits.","robots":{"index":"index","follow":"follow","max-snippet":"max-snippet:-1","max-image-preview":"max-image-preview:large","max-video-preview":"max-video-preview:-1"},"canonical":"https:\/\/www.nevis.pt\/en\/products\/comptoir-du-cacao-sao-tome-70-dark-chocolate-tablet-80g\/","og_locale":"en_US","og_type":"article","og_title":"Comptoir du Cacao S\u00e3o Tom\u00e9 70% Dark Chocolate Tablet 80g","og_description":"S\u00e3o Tom\u00e9 chocolate bars, with a 70% cocoa content, are ideal for true dark chocolate lovers. The intense flavour is characterized by notes of tropical red and yellow fruits.","og_url":"https:\/\/www.nevis.pt\/en\/products\/comptoir-du-cacao-sao-tome-70-dark-chocolate-tablet-80g\/","og_site_name":"Nevis","article_publisher":"https:\/\/www.facebook.com\/Nevis.pt","article_modified_time":"2026-03-02T09:12:36+00:00","og_image":[{"width":800,"height":800,"url":"https:\/\/www.nevis.pt\/wp-content\/uploads\/2023\/02\/s13834-tablete-de-chocolate-preto-70-sao-tome-comptoir-du-cacao-80g.jpg","type":"image\/jpeg"}],"twitter_card":"summary_large_image","twitter_title":"Comptoir du Cacao S\u00e3o Tom\u00e9 70% Dark Chocolate Tablet 80g","twitter_misc":{"Est. reading time":"1 minute"},"schema":{"@context":"https:\/\/schema.org","@graph":[{"@type":"WebPage","@id":"https:\/\/www.nevis.pt\/en\/products\/comptoir-du-cacao-sao-tome-70-dark-chocolate-tablet-80g\/","url":"https:\/\/www.nevis.pt\/en\/products\/comptoir-du-cacao-sao-tome-70-dark-chocolate-tablet-80g\/","name":"Comptoir du Cacao S\u00e3o Tom\u00e9 70% Dark Chocolate Tablet 80g","isPartOf":{"@id":"https:\/\/www.nevis.pt\/en\/#website"},"primaryImageOfPage":{"@id":"https:\/\/www.nevis.pt\/en\/products\/comptoir-du-cacao-sao-tome-70-dark-chocolate-tablet-80g\/#primaryimage"},"image":{"@id":"https:\/\/www.nevis.pt\/en\/products\/comptoir-du-cacao-sao-tome-70-dark-chocolate-tablet-80g\/#primaryimage"},"thumbnailUrl":"https:\/\/www.nevis.pt\/wp-content\/uploads\/2023\/02\/s13834-tablete-de-chocolate-preto-70-sao-tome-comptoir-du-cacao-80g.jpg","datePublished":"2026-03-02T09:12:21+00:00","dateModified":"2026-03-02T09:12:36+00:00","description":"S\u00e3o Tom\u00e9 chocolate bars, with a 70% cocoa content, are ideal for true dark chocolate lovers. The intense flavour is characterized by notes of tropical red and yellow fruits.","breadcrumb":{"@id":"https:\/\/www.nevis.pt\/en\/products\/comptoir-du-cacao-sao-tome-70-dark-chocolate-tablet-80g\/#breadcrumb"},"inLanguage":"en-US","potentialAction":[{"@type":"ReadAction","target":["https:\/\/www.nevis.pt\/en\/products\/comptoir-du-cacao-sao-tome-70-dark-chocolate-tablet-80g\/"]}]},{"@type":"ImageObject","inLanguage":"en-US","@id":"https:\/\/www.nevis.pt\/en\/products\/comptoir-du-cacao-sao-tome-70-dark-chocolate-tablet-80g\/#primaryimage","url":"https:\/\/www.nevis.pt\/wp-content\/uploads\/2023\/02\/s13834-tablete-de-chocolate-preto-70-sao-tome-comptoir-du-cacao-80g.jpg","contentUrl":"https:\/\/www.nevis.pt\/wp-content\/uploads\/2023\/02\/s13834-tablete-de-chocolate-preto-70-sao-tome-comptoir-du-cacao-80g.jpg","width":800,"height":800,"caption":"Comptoir du Cacao S\u00e3o Tom\u00e9 70% Dark Chocolate Tablet 80g"},{"@type":"BreadcrumbList","@id":"https:\/\/www.nevis.pt\/en\/products\/comptoir-du-cacao-sao-tome-70-dark-chocolate-tablet-80g\/#breadcrumb","itemListElement":[{"@type":"ListItem","position":1,"name":"In\u00edcio","item":"https:\/\/www.nevis.pt\/en\/"},{"@type":"ListItem","position":2,"name":"Products","item":"https:\/\/www.nevis.pt\/en\/products\/"},{"@type":"ListItem","position":3,"name":"Comptoir du Cacao S\u00e3o Tom\u00e9 70% Dark Chocolate Tablet 80g"}]},{"@type":"WebSite","@id":"https:\/\/www.nevis.pt\/en\/#website","url":"https:\/\/www.nevis.pt\/en\/","name":"Nevis","description":"Mercearia Fina","publisher":{"@id":"https:\/\/www.nevis.pt\/en\/#organization"},"potentialAction":[{"@type":"SearchAction","target":{"@type":"EntryPoint","urlTemplate":"https:\/\/www.nevis.pt\/en\/?s={search_term_string}"},"query-input":{"@type":"PropertyValueSpecification","valueRequired":true,"valueName":"search_term_string"}}],"inLanguage":"en-US"},{"@type":"Organization","@id":"https:\/\/www.nevis.pt\/en\/#organization","name":"Nevis","url":"https:\/\/www.nevis.pt\/en\/","logo":{"@type":"ImageObject","inLanguage":"en-US","@id":"https:\/\/www.nevis.pt\/en\/#\/schema\/logo\/image\/","url":"https:\/\/www.nevis.pt\/wp-content\/uploads\/2020\/07\/default-product-image.png","contentUrl":"https:\/\/www.nevis.pt\/wp-content\/uploads\/2020\/07\/default-product-image.png","width":2133,"height":2133,"caption":"Nevis"},"image":{"@id":"https:\/\/www.nevis.pt\/en\/#\/schema\/logo\/image\/"},"sameAs":["https:\/\/www.facebook.com\/Nevis.pt","https:\/\/www.instagram.com\/nevis_mercearia_fina\/"]}]}},"jetpack_sharing_enabled":true,"_links":{"self":[{"href":"https:\/\/www.nevis.pt\/en\/wp-json\/wp\/v2\/product\/85233","targetHints":{"allow":["GET"]}}],"collection":[{"href":"https:\/\/www.nevis.pt\/en\/wp-json\/wp\/v2\/product"}],"about":[{"href":"https:\/\/www.nevis.pt\/en\/wp-json\/wp\/v2\/types\/product"}],"wp:featuredmedia":[{"embeddable":true,"href":"https:\/\/www.nevis.pt\/en\/wp-json\/wp\/v2\/media\/85120"}],"wp:attachment":[{"href":"https:\/\/www.nevis.pt\/en\/wp-json\/wp\/v2\/media?parent=85233"}],"wp:term":[{"taxonomy":"socilink_saboresdomundo_tag","embeddable":true,"href":"https:\/\/www.nevis.pt\/en\/wp-json\/wp\/v2\/socilink_saboresdomundo_tag?post=85233"},{"taxonomy":"product_brand","embeddable":true,"href":"https:\/\/www.nevis.pt\/en\/wp-json\/wp\/v2\/product_brand?post=85233"},{"taxonomy":"product_cat","embeddable":true,"href":"https:\/\/www.nevis.pt\/en\/wp-json\/wp\/v2\/product_cat?post=85233"},{"taxonomy":"product_tag","embeddable":true,"href":"https:\/\/www.nevis.pt\/en\/wp-json\/wp\/v2\/product_tag?post=85233"}],"curies":[{"name":"wp","href":"https:\/\/api.w.org\/{rel}","templated":true}]}}