{"id":86340,"date":"2023-11-07T09:39:55","date_gmt":"2023-11-07T09:39:55","guid":{"rendered":"https:\/\/www.nevis.pt\/products\/azais-polito-stuffed-squid-a-la-setoise-le-gourmand-630g\/"},"modified":"2023-11-07T09:40:07","modified_gmt":"2023-11-07T09:40:07","slug":"azais-polito-stuffed-squid-a-la-setoise-le-gourmand-630g","status":"publish","type":"product","link":"https:\/\/www.nevis.pt\/en\/products\/azais-polito-stuffed-squid-a-la-setoise-le-gourmand-630g\/","title":{"rendered":"Aza\u00efs-Polito Stuffed Squid \u00e0 la S\u00e9toise Le Gourmand 630g"},"content":{"rendered":"<h4>Product Description<\/h4>\n<p>This S\u00e9toise speciality par excellence is made with top quality raw materials, in particular large squid. The Stuffed Squid is a natural product guaranteed without colouring.<br \/>\nTypical of S\u00e8te, the Stuffed Squid is made according to traditional recipes and know-how.<br \/>\nThe work is completely handmade and manual, the squids are stuffed by hand with pure pork stuffing flavoured with aromatic herbs from the south of France.<\/p>\n<h4>Ingredients:<\/h4>\n<p>Stuffed SQUID 60% (Pure pork stuffing: Pork meat (France*), Fresh EGG , Rice, BREAD, Garlic,<br \/>\nParsley, Pepper, Salt), Sauce (Tomato, Onion, Carrot, White wine, Tomato concentrate, Salt, Leek, Extra Virgin Olive Oil and Aromatic Plants).* From animals born, raised and slaughtered in France.<\/p>\n<h4>Allergens:<\/h4>\n<p>See ingredients in UPPERCASE.<\/p>\n<h4>Storage:<\/h4>\n<p>Store at room temperature. After opening keep refrigerated(0\u00ba to 4\u00baC) and consume quickly.<\/p>\n<h4>Preparation Suggestion:<\/h4>\n<p>Stuffed Squids are ready to use. To appreciate them at best, heat the contents of the jar over low heat, then arrange them on a dish accompanied by rice, &#8220;Al Dente&#8221; spaghetti or potatoes as you like.<\/p>\n<h4>Country of Origin:<\/h4>\n<p>France<\/p>\n<h4>Nutritional information:<\/h4>\n<table>\n<tr>\n<th>Typical Values:<\/th>\n<th>Per 100g<\/th>\n<\/tr>\n<tr>\n<td>Energy<\/td>\n<td>475kJ<br \/>114kcal<\/td>\n<\/tr>\n<tr>\n<td>Fat<br \/>of wich saturates<\/td>\n<td>5,9g<br \/>1,9g<\/td>\n<\/tr>\n<tr>\n<td>Carbohydrate<br \/>of which sugars<\/td>\n<td>4g<br \/>0,3g<\/td>\n<\/tr>\n<tr>\n<td>Protein<\/td>\n<td>10,6g<\/td>\n<\/tr>\n<tr>\n<td>Salt<\/td>\n<td>0,93g<\/td>\n<\/tr>\n<\/table>\n<h4>Distributed by:<\/h4>\n<p>Onelink Lda<br \/>\nRua Quinta dos \u00c1lamos n.\u00ba 3<br \/>\n2625-577 Vialonga<\/p>\n<h4>Notice about our product information:<\/h4>\n<p>Always confirm the information on the article label. Food products are subject to constant change, for this reason, we recommend that you always read the labeling information that accompanies each product, including the nutritional information, ingredient list, storage, preparation and use instructions as well as other information before use or consumption.<\/p>\n","protected":false},"excerpt":{"rendered":"<p>Typical S\u00e8te dish, the Stuffed Squid is made according to traditional recipes and know-how.<br \/>\nThe work is completely handmade and manual, the squids are stuffed by hand with pure pork stuffing flavoured with aromatic herbs from the south of France.<\/p>\n","protected":false},"featured_media":86246,"template":"","meta":{"_acf_changed":false,"_lmt_disableupdate":"","_lmt_disable":"","ep_exclude_from_search":false},"socilink_saboresdomundo_tag":[2780,2787],"product_brand":[10052,10054],"product_cat":[2592,2589],"product_tag":[],"class_list":{"0":"post-86340","1":"product","2":"type-product","3":"status-publish","4":"has-post-thumbnail","6":"socilink_saboresdomundo_tag-europe","7":"socilink_saboresdomundo_tag-france","8":"product_brand-azais-polito-en","9":"product_brand-ready-meals","10":"product_cat-canned-fish","11":"product_cat-meat-preservers-charcuterie","12":"product_shipping_class-ambient","14":"first","15":"instock","16":"taxable","17":"shipping-taxable","18":"purchasable","19":"product-type-simple"},"acf":[],"yoast_head":"<!-- This site is optimized with the Yoast SEO plugin v27.4 - https:\/\/yoast.com\/product\/yoast-seo-wordpress\/ -->\n<title>Aza\u00efs-Polito Stuffed Squid \u00e0 la S\u00e9toise Le Gourmand 630g<\/title>\n<meta name=\"description\" content=\"Typical S\u00e8te dish, the Stuffed Squid is made according to traditional recipes and know-how. The work is completely handmade and manual, the squids are stuffed by hand with pure pork stuffing flavoured with aromatic herbs from the south of France.\" \/>\n<meta name=\"robots\" content=\"index, follow, max-snippet:-1, max-image-preview:large, max-video-preview:-1\" \/>\n<link rel=\"canonical\" href=\"https:\/\/www.nevis.pt\/en\/products\/azais-polito-stuffed-squid-a-la-setoise-le-gourmand-630g\/\" \/>\n<meta property=\"og:locale\" content=\"en_US\" \/>\n<meta property=\"og:type\" content=\"article\" \/>\n<meta property=\"og:title\" content=\"Aza\u00efs-Polito Stuffed Squid \u00e0 la S\u00e9toise Le Gourmand 630g\" \/>\n<meta property=\"og:description\" content=\"Typical S\u00e8te dish, the Stuffed Squid is made according to traditional recipes and know-how. The work is completely handmade and manual, the squids are stuffed by hand with pure pork stuffing flavoured with aromatic herbs from the south of France.\" \/>\n<meta property=\"og:url\" content=\"https:\/\/www.nevis.pt\/en\/products\/azais-polito-stuffed-squid-a-la-setoise-le-gourmand-630g\/\" \/>\n<meta property=\"og:site_name\" content=\"Nevis\" \/>\n<meta property=\"article:publisher\" content=\"https:\/\/www.facebook.com\/Nevis.pt\" \/>\n<meta property=\"article:modified_time\" content=\"2023-11-07T09:40:07+00:00\" \/>\n<meta property=\"og:image\" content=\"https:\/\/www.nevis.pt\/wp-content\/uploads\/2023\/03\/o12414-lulas-recheadas-a-la-setoise-le-gourmand-azais-polito-630g.jpg\" \/>\n\t<meta property=\"og:image:width\" content=\"800\" \/>\n\t<meta property=\"og:image:height\" content=\"800\" \/>\n\t<meta property=\"og:image:type\" content=\"image\/jpeg\" \/>\n<meta name=\"twitter:card\" content=\"summary_large_image\" \/>\n<meta name=\"twitter:title\" content=\"Aza\u00efs-Polito Stuffed Squid \u00e0 la S\u00e9toise Le Gourmand 630g\" \/>\n<meta name=\"twitter:label1\" content=\"Est. reading time\" \/>\n\t<meta name=\"twitter:data1\" content=\"1 minute\" \/>\n<script type=\"application\/ld+json\" class=\"yoast-schema-graph\">{\"@context\":\"https:\\\/\\\/schema.org\",\"@graph\":[{\"@type\":\"WebPage\",\"@id\":\"https:\\\/\\\/www.nevis.pt\\\/en\\\/products\\\/azais-polito-stuffed-squid-a-la-setoise-le-gourmand-630g\\\/\",\"url\":\"https:\\\/\\\/www.nevis.pt\\\/en\\\/products\\\/azais-polito-stuffed-squid-a-la-setoise-le-gourmand-630g\\\/\",\"name\":\"Aza\u00efs-Polito Stuffed Squid \u00e0 la S\u00e9toise Le Gourmand 630g\",\"isPartOf\":{\"@id\":\"https:\\\/\\\/www.nevis.pt\\\/en\\\/#website\"},\"primaryImageOfPage\":{\"@id\":\"https:\\\/\\\/www.nevis.pt\\\/en\\\/products\\\/azais-polito-stuffed-squid-a-la-setoise-le-gourmand-630g\\\/#primaryimage\"},\"image\":{\"@id\":\"https:\\\/\\\/www.nevis.pt\\\/en\\\/products\\\/azais-polito-stuffed-squid-a-la-setoise-le-gourmand-630g\\\/#primaryimage\"},\"thumbnailUrl\":\"https:\\\/\\\/www.nevis.pt\\\/wp-content\\\/uploads\\\/2023\\\/03\\\/o12414-lulas-recheadas-a-la-setoise-le-gourmand-azais-polito-630g.jpg\",\"datePublished\":\"2023-11-07T09:39:55+00:00\",\"dateModified\":\"2023-11-07T09:40:07+00:00\",\"description\":\"Typical S\u00e8te dish, the Stuffed Squid is made according to traditional recipes and know-how. The work is completely handmade and manual, the squids are stuffed by hand with pure pork stuffing flavoured with aromatic herbs from the south of France.\",\"breadcrumb\":{\"@id\":\"https:\\\/\\\/www.nevis.pt\\\/en\\\/products\\\/azais-polito-stuffed-squid-a-la-setoise-le-gourmand-630g\\\/#breadcrumb\"},\"inLanguage\":\"en-US\",\"potentialAction\":[{\"@type\":\"ReadAction\",\"target\":[\"https:\\\/\\\/www.nevis.pt\\\/en\\\/products\\\/azais-polito-stuffed-squid-a-la-setoise-le-gourmand-630g\\\/\"]}]},{\"@type\":\"ImageObject\",\"inLanguage\":\"en-US\",\"@id\":\"https:\\\/\\\/www.nevis.pt\\\/en\\\/products\\\/azais-polito-stuffed-squid-a-la-setoise-le-gourmand-630g\\\/#primaryimage\",\"url\":\"https:\\\/\\\/www.nevis.pt\\\/wp-content\\\/uploads\\\/2023\\\/03\\\/o12414-lulas-recheadas-a-la-setoise-le-gourmand-azais-polito-630g.jpg\",\"contentUrl\":\"https:\\\/\\\/www.nevis.pt\\\/wp-content\\\/uploads\\\/2023\\\/03\\\/o12414-lulas-recheadas-a-la-setoise-le-gourmand-azais-polito-630g.jpg\",\"width\":800,\"height\":800,\"caption\":\"Aza\u00efs-Polito Stuffed Squid \u00e0 la S\u00e9toise Le Gourmand 630g\"},{\"@type\":\"BreadcrumbList\",\"@id\":\"https:\\\/\\\/www.nevis.pt\\\/en\\\/products\\\/azais-polito-stuffed-squid-a-la-setoise-le-gourmand-630g\\\/#breadcrumb\",\"itemListElement\":[{\"@type\":\"ListItem\",\"position\":1,\"name\":\"In\u00edcio\",\"item\":\"https:\\\/\\\/www.nevis.pt\\\/en\\\/\"},{\"@type\":\"ListItem\",\"position\":2,\"name\":\"Products\",\"item\":\"https:\\\/\\\/www.nevis.pt\\\/en\\\/products\\\/\"},{\"@type\":\"ListItem\",\"position\":3,\"name\":\"Aza\u00efs-Polito Stuffed Squid \u00e0 la S\u00e9toise Le Gourmand 630g\"}]},{\"@type\":\"WebSite\",\"@id\":\"https:\\\/\\\/www.nevis.pt\\\/en\\\/#website\",\"url\":\"https:\\\/\\\/www.nevis.pt\\\/en\\\/\",\"name\":\"Nevis\",\"description\":\"Mercearia Fina\",\"publisher\":{\"@id\":\"https:\\\/\\\/www.nevis.pt\\\/en\\\/#organization\"},\"potentialAction\":[{\"@type\":\"SearchAction\",\"target\":{\"@type\":\"EntryPoint\",\"urlTemplate\":\"https:\\\/\\\/www.nevis.pt\\\/en\\\/?s={search_term_string}\"},\"query-input\":{\"@type\":\"PropertyValueSpecification\",\"valueRequired\":true,\"valueName\":\"search_term_string\"}}],\"inLanguage\":\"en-US\"},{\"@type\":\"Organization\",\"@id\":\"https:\\\/\\\/www.nevis.pt\\\/en\\\/#organization\",\"name\":\"Nevis\",\"url\":\"https:\\\/\\\/www.nevis.pt\\\/en\\\/\",\"logo\":{\"@type\":\"ImageObject\",\"inLanguage\":\"en-US\",\"@id\":\"https:\\\/\\\/www.nevis.pt\\\/en\\\/#\\\/schema\\\/logo\\\/image\\\/\",\"url\":\"https:\\\/\\\/www.nevis.pt\\\/wp-content\\\/uploads\\\/2020\\\/07\\\/default-product-image.png\",\"contentUrl\":\"https:\\\/\\\/www.nevis.pt\\\/wp-content\\\/uploads\\\/2020\\\/07\\\/default-product-image.png\",\"width\":2133,\"height\":2133,\"caption\":\"Nevis\"},\"image\":{\"@id\":\"https:\\\/\\\/www.nevis.pt\\\/en\\\/#\\\/schema\\\/logo\\\/image\\\/\"},\"sameAs\":[\"https:\\\/\\\/www.facebook.com\\\/Nevis.pt\",\"https:\\\/\\\/www.instagram.com\\\/nevis_mercearia_fina\\\/\"]}]}<\/script>\n<!-- \/ Yoast SEO plugin. -->","yoast_head_json":{"title":"Aza\u00efs-Polito Stuffed Squid \u00e0 la S\u00e9toise Le Gourmand 630g","description":"Typical S\u00e8te dish, the Stuffed Squid is made according to traditional recipes and know-how. The work is completely handmade and manual, the squids are stuffed by hand with pure pork stuffing flavoured with aromatic herbs from the south of France.","robots":{"index":"index","follow":"follow","max-snippet":"max-snippet:-1","max-image-preview":"max-image-preview:large","max-video-preview":"max-video-preview:-1"},"canonical":"https:\/\/www.nevis.pt\/en\/products\/azais-polito-stuffed-squid-a-la-setoise-le-gourmand-630g\/","og_locale":"en_US","og_type":"article","og_title":"Aza\u00efs-Polito Stuffed Squid \u00e0 la S\u00e9toise Le Gourmand 630g","og_description":"Typical S\u00e8te dish, the Stuffed Squid is made according to traditional recipes and know-how. The work is completely handmade and manual, the squids are stuffed by hand with pure pork stuffing flavoured with aromatic herbs from the south of France.","og_url":"https:\/\/www.nevis.pt\/en\/products\/azais-polito-stuffed-squid-a-la-setoise-le-gourmand-630g\/","og_site_name":"Nevis","article_publisher":"https:\/\/www.facebook.com\/Nevis.pt","article_modified_time":"2023-11-07T09:40:07+00:00","og_image":[{"width":800,"height":800,"url":"https:\/\/www.nevis.pt\/wp-content\/uploads\/2023\/03\/o12414-lulas-recheadas-a-la-setoise-le-gourmand-azais-polito-630g.jpg","type":"image\/jpeg"}],"twitter_card":"summary_large_image","twitter_title":"Aza\u00efs-Polito Stuffed Squid \u00e0 la S\u00e9toise Le Gourmand 630g","twitter_misc":{"Est. reading time":"1 minute"},"schema":{"@context":"https:\/\/schema.org","@graph":[{"@type":"WebPage","@id":"https:\/\/www.nevis.pt\/en\/products\/azais-polito-stuffed-squid-a-la-setoise-le-gourmand-630g\/","url":"https:\/\/www.nevis.pt\/en\/products\/azais-polito-stuffed-squid-a-la-setoise-le-gourmand-630g\/","name":"Aza\u00efs-Polito Stuffed Squid \u00e0 la S\u00e9toise Le Gourmand 630g","isPartOf":{"@id":"https:\/\/www.nevis.pt\/en\/#website"},"primaryImageOfPage":{"@id":"https:\/\/www.nevis.pt\/en\/products\/azais-polito-stuffed-squid-a-la-setoise-le-gourmand-630g\/#primaryimage"},"image":{"@id":"https:\/\/www.nevis.pt\/en\/products\/azais-polito-stuffed-squid-a-la-setoise-le-gourmand-630g\/#primaryimage"},"thumbnailUrl":"https:\/\/www.nevis.pt\/wp-content\/uploads\/2023\/03\/o12414-lulas-recheadas-a-la-setoise-le-gourmand-azais-polito-630g.jpg","datePublished":"2023-11-07T09:39:55+00:00","dateModified":"2023-11-07T09:40:07+00:00","description":"Typical S\u00e8te dish, the Stuffed Squid is made according to traditional recipes and know-how. The work is completely handmade and manual, the squids are stuffed by hand with pure pork stuffing flavoured with aromatic herbs from the south of France.","breadcrumb":{"@id":"https:\/\/www.nevis.pt\/en\/products\/azais-polito-stuffed-squid-a-la-setoise-le-gourmand-630g\/#breadcrumb"},"inLanguage":"en-US","potentialAction":[{"@type":"ReadAction","target":["https:\/\/www.nevis.pt\/en\/products\/azais-polito-stuffed-squid-a-la-setoise-le-gourmand-630g\/"]}]},{"@type":"ImageObject","inLanguage":"en-US","@id":"https:\/\/www.nevis.pt\/en\/products\/azais-polito-stuffed-squid-a-la-setoise-le-gourmand-630g\/#primaryimage","url":"https:\/\/www.nevis.pt\/wp-content\/uploads\/2023\/03\/o12414-lulas-recheadas-a-la-setoise-le-gourmand-azais-polito-630g.jpg","contentUrl":"https:\/\/www.nevis.pt\/wp-content\/uploads\/2023\/03\/o12414-lulas-recheadas-a-la-setoise-le-gourmand-azais-polito-630g.jpg","width":800,"height":800,"caption":"Aza\u00efs-Polito Stuffed Squid \u00e0 la S\u00e9toise Le Gourmand 630g"},{"@type":"BreadcrumbList","@id":"https:\/\/www.nevis.pt\/en\/products\/azais-polito-stuffed-squid-a-la-setoise-le-gourmand-630g\/#breadcrumb","itemListElement":[{"@type":"ListItem","position":1,"name":"In\u00edcio","item":"https:\/\/www.nevis.pt\/en\/"},{"@type":"ListItem","position":2,"name":"Products","item":"https:\/\/www.nevis.pt\/en\/products\/"},{"@type":"ListItem","position":3,"name":"Aza\u00efs-Polito Stuffed Squid \u00e0 la S\u00e9toise Le Gourmand 630g"}]},{"@type":"WebSite","@id":"https:\/\/www.nevis.pt\/en\/#website","url":"https:\/\/www.nevis.pt\/en\/","name":"Nevis","description":"Mercearia Fina","publisher":{"@id":"https:\/\/www.nevis.pt\/en\/#organization"},"potentialAction":[{"@type":"SearchAction","target":{"@type":"EntryPoint","urlTemplate":"https:\/\/www.nevis.pt\/en\/?s={search_term_string}"},"query-input":{"@type":"PropertyValueSpecification","valueRequired":true,"valueName":"search_term_string"}}],"inLanguage":"en-US"},{"@type":"Organization","@id":"https:\/\/www.nevis.pt\/en\/#organization","name":"Nevis","url":"https:\/\/www.nevis.pt\/en\/","logo":{"@type":"ImageObject","inLanguage":"en-US","@id":"https:\/\/www.nevis.pt\/en\/#\/schema\/logo\/image\/","url":"https:\/\/www.nevis.pt\/wp-content\/uploads\/2020\/07\/default-product-image.png","contentUrl":"https:\/\/www.nevis.pt\/wp-content\/uploads\/2020\/07\/default-product-image.png","width":2133,"height":2133,"caption":"Nevis"},"image":{"@id":"https:\/\/www.nevis.pt\/en\/#\/schema\/logo\/image\/"},"sameAs":["https:\/\/www.facebook.com\/Nevis.pt","https:\/\/www.instagram.com\/nevis_mercearia_fina\/"]}]}},"jetpack_sharing_enabled":true,"_links":{"self":[{"href":"https:\/\/www.nevis.pt\/en\/wp-json\/wp\/v2\/product\/86340","targetHints":{"allow":["GET"]}}],"collection":[{"href":"https:\/\/www.nevis.pt\/en\/wp-json\/wp\/v2\/product"}],"about":[{"href":"https:\/\/www.nevis.pt\/en\/wp-json\/wp\/v2\/types\/product"}],"wp:featuredmedia":[{"embeddable":true,"href":"https:\/\/www.nevis.pt\/en\/wp-json\/wp\/v2\/media\/86246"}],"wp:attachment":[{"href":"https:\/\/www.nevis.pt\/en\/wp-json\/wp\/v2\/media?parent=86340"}],"wp:term":[{"taxonomy":"socilink_saboresdomundo_tag","embeddable":true,"href":"https:\/\/www.nevis.pt\/en\/wp-json\/wp\/v2\/socilink_saboresdomundo_tag?post=86340"},{"taxonomy":"product_brand","embeddable":true,"href":"https:\/\/www.nevis.pt\/en\/wp-json\/wp\/v2\/product_brand?post=86340"},{"taxonomy":"product_cat","embeddable":true,"href":"https:\/\/www.nevis.pt\/en\/wp-json\/wp\/v2\/product_cat?post=86340"},{"taxonomy":"product_tag","embeddable":true,"href":"https:\/\/www.nevis.pt\/en\/wp-json\/wp\/v2\/product_tag?post=86340"}],"curies":[{"name":"wp","href":"https:\/\/api.w.org\/{rel}","templated":true}]}}