{"id":89813,"date":"2026-03-02T09:35:34","date_gmt":"2026-03-02T09:35:34","guid":{"rendered":"https:\/\/www.nevis.pt\/products\/gran-luchito-crunchy-jalapeno-pineapple-215g\/"},"modified":"2026-03-02T09:35:53","modified_gmt":"2026-03-02T09:35:53","slug":"gran-luchito-crunchy-jalapeno-pineapple-215g","status":"publish","type":"product","link":"https:\/\/www.nevis.pt\/en\/products\/gran-luchito-crunchy-jalapeno-pineapple-215g\/","title":{"rendered":"Gran Luchito Crunchy Jalapeno &#038; pineapple 215g"},"content":{"rendered":"<h4>Product Description<\/h4>\n<p>Bring your Mexican feast to life with Gran Luchito medium heat Red Jalape\u00f1o &#038; Pineapple Taco Toppings.<\/p>\n<p>Sliced and diced in Mexico. Red Jalape\u00f1os are left on the vine longer than green Jalape\u00f1os to mature, and the result is a slightly sweeter tasting chilli. Gran Luchito combine their crunchy red Jalape\u00f1os with diced pineapple for the perfect balance of sweet heat.<\/p>\n<p>These Mexican toppings work amazingly well on steak tacos, cheesy nachos and veggie quesadillas.<\/p>\n<h4>Ingredients:<\/h4>\n<p>Red jalape\u00f1o pepper (44%) , brine (water, sugar, vinegar, salt and firming agent: Calcium chloride) and pineapple (15%).<\/p>\n<h4>Storage:<\/h4>\n<p>Store in a cool and dry place. Once opened, refrigerate and use within a week.<\/p>\n<h4>Usage Suggestions:<\/h4>\n<p>Works amazingly well on steak tacos, cheesy nachos and veggie quesadillas.<\/p>\n<h4>Country of Origin:<\/h4>\n<p>Mexico<\/p>\n<h4>Nutritional information:<\/h4>\n<table>\n<tr>\n<th>Typical Values:<\/th>\n<th>Per 100g<\/th>\n<\/tr>\n<tr>\n<td>Energy<\/td>\n<td>352kJ<br \/>83kcal<\/td>\n<\/tr>\n<tr>\n<td>Fat<br \/>of wich saturates<\/td>\n<td>0,2g<br \/>0g<\/td>\n<\/tr>\n<tr>\n<td>Carbohydrate<br \/>of which sugars<\/td>\n<td>20,9g<br \/>19,2g<\/td>\n<\/tr>\n<tr>\n<td>Protein<\/td>\n<td>0,5g<\/td>\n<\/tr>\n<tr>\n<td>Salt<\/td>\n<td>1,4g<\/td>\n<\/tr>\n<\/table>\n<h4>Distributed by:<\/h4>\n<p>Onelink Lda<br \/>\nRua Quinta dos \u00c1lamos n.\u00ba 3<br \/>\n2625-577 Vialonga<\/p>\n<h4>Notice about our product information:<\/h4>\n<p>Always confirm the information on the article label. Food products are subject to constant change, for this reason, we recommend that you always read the labeling information that accompanies each product, including the nutritional information, ingredient list, storage, preparation and use instructions as well as other information before use or consumption.<\/p>\n","protected":false},"excerpt":{"rendered":"<p>Crunchy red Jalape\u00f1os with diced pineapple for the perfect balance of sweet heat. These Mexican toppings works amazingly well on steak tacos, cheesy nachos and veggie quesadillas.<\/p>\n","protected":false},"featured_media":33417,"template":"","meta":{"_acf_changed":false,"_lmt_disableupdate":"","_lmt_disable":"","ep_exclude_from_search":false},"socilink_saboresdomundo_tag":[2773,2837],"product_brand":[4602,10138],"product_cat":[2638,2624],"product_tag":[],"class_list":{"0":"post-89813","1":"product","2":"type-product","3":"status-publish","4":"has-post-thumbnail","6":"socilink_saboresdomundo_tag-mexico-en","7":"socilink_saboresdomundo_tag-north-america","8":"product_brand-gran-luchito-en","9":"product_brand-taco-toppings","10":"product_cat-dried-and-pickled-vegetables","11":"product_cat-ingredients-seasonings","12":"product_shipping_class-ambient","14":"first","15":"instock","16":"taxable","17":"shipping-taxable","18":"purchasable","19":"product-type-simple"},"acf":[],"yoast_head":"<!-- This site is optimized with the Yoast SEO plugin v27.4 - https:\/\/yoast.com\/product\/yoast-seo-wordpress\/ -->\n<title>Gran Luchito Crunchy Jalapeno &amp; pineapple 215g<\/title>\n<meta name=\"description\" content=\"Crunchy red Jalape\u00f1os with diced pineapple for the perfect balance of sweet heat. These Mexican toppings works amazingly well on steak tacos, cheesy nachos and veggie quesadillas.\" \/>\n<meta name=\"robots\" content=\"index, follow, max-snippet:-1, max-image-preview:large, max-video-preview:-1\" \/>\n<link rel=\"canonical\" href=\"https:\/\/www.nevis.pt\/en\/products\/gran-luchito-crunchy-jalapeno-pineapple-215g\/\" \/>\n<meta property=\"og:locale\" content=\"en_US\" \/>\n<meta property=\"og:type\" content=\"article\" \/>\n<meta property=\"og:title\" content=\"Gran Luchito Crunchy Jalapeno &amp; pineapple 215g\" \/>\n<meta property=\"og:description\" content=\"Crunchy red Jalape\u00f1os with diced pineapple for the perfect balance of sweet heat. These Mexican toppings works amazingly well on steak tacos, cheesy nachos and veggie quesadillas.\" \/>\n<meta property=\"og:url\" content=\"https:\/\/www.nevis.pt\/en\/products\/gran-luchito-crunchy-jalapeno-pineapple-215g\/\" \/>\n<meta property=\"og:site_name\" content=\"Nevis\" \/>\n<meta property=\"article:publisher\" content=\"https:\/\/www.facebook.com\/Nevis.pt\" \/>\n<meta property=\"article:modified_time\" content=\"2026-03-02T09:35:53+00:00\" \/>\n<meta property=\"og:image\" content=\"https:\/\/www.nevis.pt\/wp-content\/uploads\/2020\/07\/o10983-pimento-jalapeno-ananas-gran-luchito-215g.jpg\" \/>\n\t<meta property=\"og:image:width\" content=\"800\" \/>\n\t<meta property=\"og:image:height\" content=\"800\" \/>\n\t<meta property=\"og:image:type\" content=\"image\/jpeg\" \/>\n<meta name=\"twitter:card\" content=\"summary_large_image\" \/>\n<meta name=\"twitter:title\" content=\"Gran Luchito Crunchy Jalapeno &amp; pineapple 215g\" \/>\n<meta name=\"twitter:label1\" content=\"Est. reading time\" \/>\n\t<meta name=\"twitter:data1\" content=\"1 minute\" \/>\n<script type=\"application\/ld+json\" class=\"yoast-schema-graph\">{\"@context\":\"https:\\\/\\\/schema.org\",\"@graph\":[{\"@type\":\"WebPage\",\"@id\":\"https:\\\/\\\/www.nevis.pt\\\/en\\\/products\\\/gran-luchito-crunchy-jalapeno-pineapple-215g\\\/\",\"url\":\"https:\\\/\\\/www.nevis.pt\\\/en\\\/products\\\/gran-luchito-crunchy-jalapeno-pineapple-215g\\\/\",\"name\":\"Gran Luchito Crunchy Jalapeno & pineapple 215g\",\"isPartOf\":{\"@id\":\"https:\\\/\\\/www.nevis.pt\\\/en\\\/#website\"},\"primaryImageOfPage\":{\"@id\":\"https:\\\/\\\/www.nevis.pt\\\/en\\\/products\\\/gran-luchito-crunchy-jalapeno-pineapple-215g\\\/#primaryimage\"},\"image\":{\"@id\":\"https:\\\/\\\/www.nevis.pt\\\/en\\\/products\\\/gran-luchito-crunchy-jalapeno-pineapple-215g\\\/#primaryimage\"},\"thumbnailUrl\":\"https:\\\/\\\/www.nevis.pt\\\/wp-content\\\/uploads\\\/2020\\\/07\\\/o10983-pimento-jalapeno-ananas-gran-luchito-215g.jpg\",\"datePublished\":\"2026-03-02T09:35:34+00:00\",\"dateModified\":\"2026-03-02T09:35:53+00:00\",\"description\":\"Crunchy red Jalape\u00f1os with diced pineapple for the perfect balance of sweet heat. These Mexican toppings works amazingly well on steak tacos, cheesy nachos and veggie quesadillas.\",\"breadcrumb\":{\"@id\":\"https:\\\/\\\/www.nevis.pt\\\/en\\\/products\\\/gran-luchito-crunchy-jalapeno-pineapple-215g\\\/#breadcrumb\"},\"inLanguage\":\"en-US\",\"potentialAction\":[{\"@type\":\"ReadAction\",\"target\":[\"https:\\\/\\\/www.nevis.pt\\\/en\\\/products\\\/gran-luchito-crunchy-jalapeno-pineapple-215g\\\/\"]}]},{\"@type\":\"ImageObject\",\"inLanguage\":\"en-US\",\"@id\":\"https:\\\/\\\/www.nevis.pt\\\/en\\\/products\\\/gran-luchito-crunchy-jalapeno-pineapple-215g\\\/#primaryimage\",\"url\":\"https:\\\/\\\/www.nevis.pt\\\/wp-content\\\/uploads\\\/2020\\\/07\\\/o10983-pimento-jalapeno-ananas-gran-luchito-215g.jpg\",\"contentUrl\":\"https:\\\/\\\/www.nevis.pt\\\/wp-content\\\/uploads\\\/2020\\\/07\\\/o10983-pimento-jalapeno-ananas-gran-luchito-215g.jpg\",\"width\":800,\"height\":800,\"caption\":\"Gran Luchito Crunchy Jalapeno & pineapple 215g\"},{\"@type\":\"BreadcrumbList\",\"@id\":\"https:\\\/\\\/www.nevis.pt\\\/en\\\/products\\\/gran-luchito-crunchy-jalapeno-pineapple-215g\\\/#breadcrumb\",\"itemListElement\":[{\"@type\":\"ListItem\",\"position\":1,\"name\":\"In\u00edcio\",\"item\":\"https:\\\/\\\/www.nevis.pt\\\/en\\\/\"},{\"@type\":\"ListItem\",\"position\":2,\"name\":\"Products\",\"item\":\"https:\\\/\\\/www.nevis.pt\\\/en\\\/products\\\/\"},{\"@type\":\"ListItem\",\"position\":3,\"name\":\"Gran Luchito Crunchy Jalapeno &#038; pineapple 215g\"}]},{\"@type\":\"WebSite\",\"@id\":\"https:\\\/\\\/www.nevis.pt\\\/en\\\/#website\",\"url\":\"https:\\\/\\\/www.nevis.pt\\\/en\\\/\",\"name\":\"Nevis\",\"description\":\"Mercearia Fina\",\"publisher\":{\"@id\":\"https:\\\/\\\/www.nevis.pt\\\/en\\\/#organization\"},\"potentialAction\":[{\"@type\":\"SearchAction\",\"target\":{\"@type\":\"EntryPoint\",\"urlTemplate\":\"https:\\\/\\\/www.nevis.pt\\\/en\\\/?s={search_term_string}\"},\"query-input\":{\"@type\":\"PropertyValueSpecification\",\"valueRequired\":true,\"valueName\":\"search_term_string\"}}],\"inLanguage\":\"en-US\"},{\"@type\":\"Organization\",\"@id\":\"https:\\\/\\\/www.nevis.pt\\\/en\\\/#organization\",\"name\":\"Nevis\",\"url\":\"https:\\\/\\\/www.nevis.pt\\\/en\\\/\",\"logo\":{\"@type\":\"ImageObject\",\"inLanguage\":\"en-US\",\"@id\":\"https:\\\/\\\/www.nevis.pt\\\/en\\\/#\\\/schema\\\/logo\\\/image\\\/\",\"url\":\"https:\\\/\\\/www.nevis.pt\\\/wp-content\\\/uploads\\\/2020\\\/07\\\/default-product-image.png\",\"contentUrl\":\"https:\\\/\\\/www.nevis.pt\\\/wp-content\\\/uploads\\\/2020\\\/07\\\/default-product-image.png\",\"width\":2133,\"height\":2133,\"caption\":\"Nevis\"},\"image\":{\"@id\":\"https:\\\/\\\/www.nevis.pt\\\/en\\\/#\\\/schema\\\/logo\\\/image\\\/\"},\"sameAs\":[\"https:\\\/\\\/www.facebook.com\\\/Nevis.pt\",\"https:\\\/\\\/www.instagram.com\\\/nevis_mercearia_fina\\\/\"]}]}<\/script>\n<!-- \/ Yoast SEO plugin. -->","yoast_head_json":{"title":"Gran Luchito Crunchy Jalapeno & pineapple 215g","description":"Crunchy red Jalape\u00f1os with diced pineapple for the perfect balance of sweet heat. These Mexican toppings works amazingly well on steak tacos, cheesy nachos and veggie quesadillas.","robots":{"index":"index","follow":"follow","max-snippet":"max-snippet:-1","max-image-preview":"max-image-preview:large","max-video-preview":"max-video-preview:-1"},"canonical":"https:\/\/www.nevis.pt\/en\/products\/gran-luchito-crunchy-jalapeno-pineapple-215g\/","og_locale":"en_US","og_type":"article","og_title":"Gran Luchito Crunchy Jalapeno & pineapple 215g","og_description":"Crunchy red Jalape\u00f1os with diced pineapple for the perfect balance of sweet heat. These Mexican toppings works amazingly well on steak tacos, cheesy nachos and veggie quesadillas.","og_url":"https:\/\/www.nevis.pt\/en\/products\/gran-luchito-crunchy-jalapeno-pineapple-215g\/","og_site_name":"Nevis","article_publisher":"https:\/\/www.facebook.com\/Nevis.pt","article_modified_time":"2026-03-02T09:35:53+00:00","og_image":[{"width":800,"height":800,"url":"https:\/\/www.nevis.pt\/wp-content\/uploads\/2020\/07\/o10983-pimento-jalapeno-ananas-gran-luchito-215g.jpg","type":"image\/jpeg"}],"twitter_card":"summary_large_image","twitter_title":"Gran Luchito Crunchy Jalapeno & pineapple 215g","twitter_misc":{"Est. reading time":"1 minute"},"schema":{"@context":"https:\/\/schema.org","@graph":[{"@type":"WebPage","@id":"https:\/\/www.nevis.pt\/en\/products\/gran-luchito-crunchy-jalapeno-pineapple-215g\/","url":"https:\/\/www.nevis.pt\/en\/products\/gran-luchito-crunchy-jalapeno-pineapple-215g\/","name":"Gran Luchito Crunchy Jalapeno & pineapple 215g","isPartOf":{"@id":"https:\/\/www.nevis.pt\/en\/#website"},"primaryImageOfPage":{"@id":"https:\/\/www.nevis.pt\/en\/products\/gran-luchito-crunchy-jalapeno-pineapple-215g\/#primaryimage"},"image":{"@id":"https:\/\/www.nevis.pt\/en\/products\/gran-luchito-crunchy-jalapeno-pineapple-215g\/#primaryimage"},"thumbnailUrl":"https:\/\/www.nevis.pt\/wp-content\/uploads\/2020\/07\/o10983-pimento-jalapeno-ananas-gran-luchito-215g.jpg","datePublished":"2026-03-02T09:35:34+00:00","dateModified":"2026-03-02T09:35:53+00:00","description":"Crunchy red Jalape\u00f1os with diced pineapple for the perfect balance of sweet heat. These Mexican toppings works amazingly well on steak tacos, cheesy nachos and veggie quesadillas.","breadcrumb":{"@id":"https:\/\/www.nevis.pt\/en\/products\/gran-luchito-crunchy-jalapeno-pineapple-215g\/#breadcrumb"},"inLanguage":"en-US","potentialAction":[{"@type":"ReadAction","target":["https:\/\/www.nevis.pt\/en\/products\/gran-luchito-crunchy-jalapeno-pineapple-215g\/"]}]},{"@type":"ImageObject","inLanguage":"en-US","@id":"https:\/\/www.nevis.pt\/en\/products\/gran-luchito-crunchy-jalapeno-pineapple-215g\/#primaryimage","url":"https:\/\/www.nevis.pt\/wp-content\/uploads\/2020\/07\/o10983-pimento-jalapeno-ananas-gran-luchito-215g.jpg","contentUrl":"https:\/\/www.nevis.pt\/wp-content\/uploads\/2020\/07\/o10983-pimento-jalapeno-ananas-gran-luchito-215g.jpg","width":800,"height":800,"caption":"Gran Luchito Crunchy Jalapeno & pineapple 215g"},{"@type":"BreadcrumbList","@id":"https:\/\/www.nevis.pt\/en\/products\/gran-luchito-crunchy-jalapeno-pineapple-215g\/#breadcrumb","itemListElement":[{"@type":"ListItem","position":1,"name":"In\u00edcio","item":"https:\/\/www.nevis.pt\/en\/"},{"@type":"ListItem","position":2,"name":"Products","item":"https:\/\/www.nevis.pt\/en\/products\/"},{"@type":"ListItem","position":3,"name":"Gran Luchito Crunchy Jalapeno &#038; pineapple 215g"}]},{"@type":"WebSite","@id":"https:\/\/www.nevis.pt\/en\/#website","url":"https:\/\/www.nevis.pt\/en\/","name":"Nevis","description":"Mercearia Fina","publisher":{"@id":"https:\/\/www.nevis.pt\/en\/#organization"},"potentialAction":[{"@type":"SearchAction","target":{"@type":"EntryPoint","urlTemplate":"https:\/\/www.nevis.pt\/en\/?s={search_term_string}"},"query-input":{"@type":"PropertyValueSpecification","valueRequired":true,"valueName":"search_term_string"}}],"inLanguage":"en-US"},{"@type":"Organization","@id":"https:\/\/www.nevis.pt\/en\/#organization","name":"Nevis","url":"https:\/\/www.nevis.pt\/en\/","logo":{"@type":"ImageObject","inLanguage":"en-US","@id":"https:\/\/www.nevis.pt\/en\/#\/schema\/logo\/image\/","url":"https:\/\/www.nevis.pt\/wp-content\/uploads\/2020\/07\/default-product-image.png","contentUrl":"https:\/\/www.nevis.pt\/wp-content\/uploads\/2020\/07\/default-product-image.png","width":2133,"height":2133,"caption":"Nevis"},"image":{"@id":"https:\/\/www.nevis.pt\/en\/#\/schema\/logo\/image\/"},"sameAs":["https:\/\/www.facebook.com\/Nevis.pt","https:\/\/www.instagram.com\/nevis_mercearia_fina\/"]}]}},"jetpack_sharing_enabled":true,"_links":{"self":[{"href":"https:\/\/www.nevis.pt\/en\/wp-json\/wp\/v2\/product\/89813","targetHints":{"allow":["GET"]}}],"collection":[{"href":"https:\/\/www.nevis.pt\/en\/wp-json\/wp\/v2\/product"}],"about":[{"href":"https:\/\/www.nevis.pt\/en\/wp-json\/wp\/v2\/types\/product"}],"wp:featuredmedia":[{"embeddable":true,"href":"https:\/\/www.nevis.pt\/en\/wp-json\/wp\/v2\/media\/33417"}],"wp:attachment":[{"href":"https:\/\/www.nevis.pt\/en\/wp-json\/wp\/v2\/media?parent=89813"}],"wp:term":[{"taxonomy":"socilink_saboresdomundo_tag","embeddable":true,"href":"https:\/\/www.nevis.pt\/en\/wp-json\/wp\/v2\/socilink_saboresdomundo_tag?post=89813"},{"taxonomy":"product_brand","embeddable":true,"href":"https:\/\/www.nevis.pt\/en\/wp-json\/wp\/v2\/product_brand?post=89813"},{"taxonomy":"product_cat","embeddable":true,"href":"https:\/\/www.nevis.pt\/en\/wp-json\/wp\/v2\/product_cat?post=89813"},{"taxonomy":"product_tag","embeddable":true,"href":"https:\/\/www.nevis.pt\/en\/wp-json\/wp\/v2\/product_tag?post=89813"}],"curies":[{"name":"wp","href":"https:\/\/api.w.org\/{rel}","templated":true}]}}