{"id":92548,"date":"2026-03-02T09:09:21","date_gmt":"2026-03-02T09:09:21","guid":{"rendered":"https:\/\/www.nevis.pt\/products\/cartwright-butler-mini-cherry-loaf-cake-135g\/"},"modified":"2026-03-02T09:09:47","modified_gmt":"2026-03-02T09:09:47","slug":"cartwright-butler-mini-cherry-loaf-cake-135g","status":"publish","type":"product","link":"https:\/\/www.nevis.pt\/en\/products\/cartwright-butler-mini-cherry-loaf-cake-135g\/","title":{"rendered":"Cartwright &#038; Butler Mini Cherry Loaf Cake 135g"},"content":{"rendered":"<h4>Product Description<\/h4>\n<p>O bolo Mini &#8220;Loaf Cake&#8221; com cobertura de cereja da Cartwright &#038; Butler \u00e9 um deleite suntuoso com o ch\u00e1 da tarde. As cerejas doces tornaram este bolo h\u00famido delicioso at\u00e9 ao \u00faltimo peda\u00e7o.<\/p>\n<h4>Ingredients:<\/h4>\n<p>Sultanas (22%) (Sultanas, Sunflower Oil), Glac\u00e9 Cherries (17%) (Cherries, Glucose-Fructose Syrup, Sugar, Acidity Regulator: Citric Acid, Preservatives: Potassium Sorbate, Natural Colour: Anthocyanins, Preservative: SULPHUR DIOXIDE), WHEAT Flour (Calcium, Niacin, Iron, Thiamin), Sugar, Whole EGG, Margarine (Vegetable Oils (Palm, Rapeseed), Water, Salt (2%), Emulsifier: Polyglycerol Esters of Fatty Acids, Colours: Curcumin, Annatto Bixin, Flavouring), Whole &#038; Broken Glac\u00e9 Cherries (6%) (Cherries, Glucose-Fructose Syrup, Sugar, Acidity Regulator: Citric Acid, Preservative: Potassium Sorbate; Colour: Erythrosine), Water, Vegetable Glycerine, Glucose Syrup, Liquid Glaze (Water, Dextrin, Granulated Sugar, Glucose Syrup, Acidity Regulator: Citric Acid; Preservative: Potassium Sorbate), Apricot Flavour Spread (Glucose Syrup, Granulated Sugar, Apple Pulp (contains SULPHITES), Gelling Agent: Pectin; Acidity Regulators: Citric Acid, Trisodium Citrate; Flavouring, Colours: Anthocyanin, Curcumin), Whey Powder (MILK), Preservative: Potassium Sorbate, Raising Agent (Diphosphates, Sodium Carbonates, WHEAT Flour (Calcium, Niacin, Iron, Thiamin)).<\/p>\n<h4>Allergens:<\/h4>\n<p>See ingredients in UPPERCASE. May contain traces of nuts and soya.<\/p>\n<h4>Storage:<\/h4>\n<p>Store in a cool and dry place. Once opened consume within 3 days.<\/p>\n<h4>Country of Origin:<\/h4>\n<p>United Kingdom<\/p>\n<h4>Nutritional information:<\/h4>\n<table>\n<tr>\n<th>Typical Values:<\/th>\n<th>Per 100g<\/th>\n<\/tr>\n<tr>\n<td>Energy<\/td>\n<td>1258kJ<br \/>297kcal<\/td>\n<\/tr>\n<tr>\n<td>Fat<br \/>of wich saturates<\/td>\n<td>7g<br \/>1,7g<\/td>\n<\/tr>\n<tr>\n<td>Carbohydrate<br \/>of which sugars<\/td>\n<td>58,3g<br \/>36,7g<\/td>\n<\/tr>\n<tr>\n<td>Protein<\/td>\n<td>3,1g<\/td>\n<\/tr>\n<tr>\n<td>Salt<\/td>\n<td>0,28g<\/td>\n<\/tr>\n<\/table>\n<h4>Distributed by:<\/h4>\n<p>Onelink Lda<br \/>\nRua Quinta dos \u00c1lamos n.\u00ba 3<br \/>\n2625-577 Vialonga<\/p>\n<h4>Notice about our product information:<\/h4>\n<p>Always confirm the information on the article label. Food products are subject to constant change, for this reason, we recommend that you always read the labeling information that accompanies each product, including the nutritional information, ingredient list, storage, preparation and use instructions as well as other information before use or consumption.<\/p>\n","protected":false},"excerpt":{"rendered":"<p>O bolo Mini &#8220;Loaf Cake&#8221; com cobertura de cereja da Cartwright &#038; Butler \u00e9 um deleite suntuoso com o ch\u00e1 da tarde. As cerejas doces tornaram este bolo h\u00famido delicioso at\u00e9 ao \u00faltimo peda\u00e7o.<\/p>\n","protected":false},"featured_media":92185,"template":"","meta":{"_acf_changed":false,"_lmt_disableupdate":"","_lmt_disable":"","ep_exclude_from_search":false},"socilink_saboresdomundo_tag":[2780,2794],"product_brand":[9548,10311],"product_cat":[2606,2601],"product_tag":[],"class_list":{"0":"post-92548","1":"product","2":"type-product","3":"status-publish","4":"has-post-thumbnail","6":"socilink_saboresdomundo_tag-europe","7":"socilink_saboresdomundo_tag-united-kingdom","8":"product_brand-cartwright-butler-en","9":"product_brand-mince-pies-puddings-loaf-cakes","10":"product_cat-biscuits-cookies","11":"product_cat-sweets-snacks","12":"product_shipping_class-ambient","14":"first","15":"outofstock","16":"featured","17":"taxable","18":"shipping-taxable","19":"purchasable","20":"product-type-simple"},"acf":[],"yoast_head":"<!-- This site is optimized with the Yoast SEO plugin v27.4 - https:\/\/yoast.com\/product\/yoast-seo-wordpress\/ -->\n<title>Cartwright &amp; Butler Mini Cherry Loaf Cake 135g<\/title>\n<meta name=\"description\" content=\"O bolo Mini &quot;Loaf Cake&quot; com cobertura de cereja da Cartwright &amp; Butler \u00e9 um deleite suntuoso com o ch\u00e1 da tarde. As cerejas doces tornaram este bolo h\u00famido delicioso at\u00e9 ao \u00faltimo peda\u00e7o.\" \/>\n<meta name=\"robots\" content=\"index, follow, max-snippet:-1, max-image-preview:large, max-video-preview:-1\" \/>\n<link rel=\"canonical\" href=\"https:\/\/www.nevis.pt\/en\/products\/cartwright-butler-mini-cherry-loaf-cake-135g\/\" \/>\n<meta property=\"og:locale\" content=\"en_US\" \/>\n<meta property=\"og:type\" content=\"article\" \/>\n<meta property=\"og:title\" content=\"Cartwright &amp; Butler Mini Cherry Loaf Cake 135g\" \/>\n<meta property=\"og:description\" content=\"O bolo Mini &quot;Loaf Cake&quot; com cobertura de cereja da Cartwright &amp; Butler \u00e9 um deleite suntuoso com o ch\u00e1 da tarde. As cerejas doces tornaram este bolo h\u00famido delicioso at\u00e9 ao \u00faltimo peda\u00e7o.\" \/>\n<meta property=\"og:url\" content=\"https:\/\/www.nevis.pt\/en\/products\/cartwright-butler-mini-cherry-loaf-cake-135g\/\" \/>\n<meta property=\"og:site_name\" content=\"Nevis\" \/>\n<meta property=\"article:publisher\" content=\"https:\/\/www.facebook.com\/Nevis.pt\" \/>\n<meta property=\"article:modified_time\" content=\"2026-03-02T09:09:47+00:00\" \/>\n<meta property=\"og:image\" content=\"https:\/\/www.nevis.pt\/wp-content\/uploads\/2024\/02\/o12708-bolo-mini-loaf-cake-de-cereja-cartwright-butler-135g.jpg\" \/>\n\t<meta property=\"og:image:width\" content=\"800\" \/>\n\t<meta property=\"og:image:height\" content=\"800\" \/>\n\t<meta property=\"og:image:type\" content=\"image\/jpeg\" \/>\n<meta name=\"twitter:card\" content=\"summary_large_image\" \/>\n<meta name=\"twitter:title\" content=\"Cartwright &amp; Butler Mini Cherry Loaf Cake 135g\" \/>\n<meta name=\"twitter:label1\" content=\"Est. reading time\" \/>\n\t<meta name=\"twitter:data1\" content=\"1 minute\" \/>\n<script type=\"application\/ld+json\" class=\"yoast-schema-graph\">{\"@context\":\"https:\\\/\\\/schema.org\",\"@graph\":[{\"@type\":\"WebPage\",\"@id\":\"https:\\\/\\\/www.nevis.pt\\\/en\\\/products\\\/cartwright-butler-mini-cherry-loaf-cake-135g\\\/\",\"url\":\"https:\\\/\\\/www.nevis.pt\\\/en\\\/products\\\/cartwright-butler-mini-cherry-loaf-cake-135g\\\/\",\"name\":\"Cartwright & Butler Mini Cherry Loaf Cake 135g\",\"isPartOf\":{\"@id\":\"https:\\\/\\\/www.nevis.pt\\\/en\\\/#website\"},\"primaryImageOfPage\":{\"@id\":\"https:\\\/\\\/www.nevis.pt\\\/en\\\/products\\\/cartwright-butler-mini-cherry-loaf-cake-135g\\\/#primaryimage\"},\"image\":{\"@id\":\"https:\\\/\\\/www.nevis.pt\\\/en\\\/products\\\/cartwright-butler-mini-cherry-loaf-cake-135g\\\/#primaryimage\"},\"thumbnailUrl\":\"https:\\\/\\\/www.nevis.pt\\\/wp-content\\\/uploads\\\/2024\\\/02\\\/o12708-bolo-mini-loaf-cake-de-cereja-cartwright-butler-135g.jpg\",\"datePublished\":\"2026-03-02T09:09:21+00:00\",\"dateModified\":\"2026-03-02T09:09:47+00:00\",\"description\":\"O bolo Mini \\\"Loaf Cake\\\" com cobertura de cereja da Cartwright & Butler \u00e9 um deleite suntuoso com o ch\u00e1 da tarde. As cerejas doces tornaram este bolo h\u00famido delicioso at\u00e9 ao \u00faltimo peda\u00e7o.\",\"breadcrumb\":{\"@id\":\"https:\\\/\\\/www.nevis.pt\\\/en\\\/products\\\/cartwright-butler-mini-cherry-loaf-cake-135g\\\/#breadcrumb\"},\"inLanguage\":\"en-US\",\"potentialAction\":[{\"@type\":\"ReadAction\",\"target\":[\"https:\\\/\\\/www.nevis.pt\\\/en\\\/products\\\/cartwright-butler-mini-cherry-loaf-cake-135g\\\/\"]}]},{\"@type\":\"ImageObject\",\"inLanguage\":\"en-US\",\"@id\":\"https:\\\/\\\/www.nevis.pt\\\/en\\\/products\\\/cartwright-butler-mini-cherry-loaf-cake-135g\\\/#primaryimage\",\"url\":\"https:\\\/\\\/www.nevis.pt\\\/wp-content\\\/uploads\\\/2024\\\/02\\\/o12708-bolo-mini-loaf-cake-de-cereja-cartwright-butler-135g.jpg\",\"contentUrl\":\"https:\\\/\\\/www.nevis.pt\\\/wp-content\\\/uploads\\\/2024\\\/02\\\/o12708-bolo-mini-loaf-cake-de-cereja-cartwright-butler-135g.jpg\",\"width\":800,\"height\":800,\"caption\":\"Cartwright & Butler Mini Cherry Loaf Cake 135g\"},{\"@type\":\"BreadcrumbList\",\"@id\":\"https:\\\/\\\/www.nevis.pt\\\/en\\\/products\\\/cartwright-butler-mini-cherry-loaf-cake-135g\\\/#breadcrumb\",\"itemListElement\":[{\"@type\":\"ListItem\",\"position\":1,\"name\":\"In\u00edcio\",\"item\":\"https:\\\/\\\/www.nevis.pt\\\/en\\\/\"},{\"@type\":\"ListItem\",\"position\":2,\"name\":\"Products\",\"item\":\"https:\\\/\\\/www.nevis.pt\\\/en\\\/products\\\/\"},{\"@type\":\"ListItem\",\"position\":3,\"name\":\"Cartwright &#038; Butler Mini Cherry Loaf Cake 135g\"}]},{\"@type\":\"WebSite\",\"@id\":\"https:\\\/\\\/www.nevis.pt\\\/en\\\/#website\",\"url\":\"https:\\\/\\\/www.nevis.pt\\\/en\\\/\",\"name\":\"Nevis\",\"description\":\"Mercearia Fina\",\"publisher\":{\"@id\":\"https:\\\/\\\/www.nevis.pt\\\/en\\\/#organization\"},\"potentialAction\":[{\"@type\":\"SearchAction\",\"target\":{\"@type\":\"EntryPoint\",\"urlTemplate\":\"https:\\\/\\\/www.nevis.pt\\\/en\\\/?s={search_term_string}\"},\"query-input\":{\"@type\":\"PropertyValueSpecification\",\"valueRequired\":true,\"valueName\":\"search_term_string\"}}],\"inLanguage\":\"en-US\"},{\"@type\":\"Organization\",\"@id\":\"https:\\\/\\\/www.nevis.pt\\\/en\\\/#organization\",\"name\":\"Nevis\",\"url\":\"https:\\\/\\\/www.nevis.pt\\\/en\\\/\",\"logo\":{\"@type\":\"ImageObject\",\"inLanguage\":\"en-US\",\"@id\":\"https:\\\/\\\/www.nevis.pt\\\/en\\\/#\\\/schema\\\/logo\\\/image\\\/\",\"url\":\"https:\\\/\\\/www.nevis.pt\\\/wp-content\\\/uploads\\\/2020\\\/07\\\/default-product-image.png\",\"contentUrl\":\"https:\\\/\\\/www.nevis.pt\\\/wp-content\\\/uploads\\\/2020\\\/07\\\/default-product-image.png\",\"width\":2133,\"height\":2133,\"caption\":\"Nevis\"},\"image\":{\"@id\":\"https:\\\/\\\/www.nevis.pt\\\/en\\\/#\\\/schema\\\/logo\\\/image\\\/\"},\"sameAs\":[\"https:\\\/\\\/www.facebook.com\\\/Nevis.pt\",\"https:\\\/\\\/www.instagram.com\\\/nevis_mercearia_fina\\\/\"]}]}<\/script>\n<!-- \/ Yoast SEO plugin. -->","yoast_head_json":{"title":"Cartwright & Butler Mini Cherry Loaf Cake 135g","description":"O bolo Mini \"Loaf Cake\" com cobertura de cereja da Cartwright & Butler \u00e9 um deleite suntuoso com o ch\u00e1 da tarde. As cerejas doces tornaram este bolo h\u00famido delicioso at\u00e9 ao \u00faltimo peda\u00e7o.","robots":{"index":"index","follow":"follow","max-snippet":"max-snippet:-1","max-image-preview":"max-image-preview:large","max-video-preview":"max-video-preview:-1"},"canonical":"https:\/\/www.nevis.pt\/en\/products\/cartwright-butler-mini-cherry-loaf-cake-135g\/","og_locale":"en_US","og_type":"article","og_title":"Cartwright & Butler Mini Cherry Loaf Cake 135g","og_description":"O bolo Mini \"Loaf Cake\" com cobertura de cereja da Cartwright & Butler \u00e9 um deleite suntuoso com o ch\u00e1 da tarde. As cerejas doces tornaram este bolo h\u00famido delicioso at\u00e9 ao \u00faltimo peda\u00e7o.","og_url":"https:\/\/www.nevis.pt\/en\/products\/cartwright-butler-mini-cherry-loaf-cake-135g\/","og_site_name":"Nevis","article_publisher":"https:\/\/www.facebook.com\/Nevis.pt","article_modified_time":"2026-03-02T09:09:47+00:00","og_image":[{"width":800,"height":800,"url":"https:\/\/www.nevis.pt\/wp-content\/uploads\/2024\/02\/o12708-bolo-mini-loaf-cake-de-cereja-cartwright-butler-135g.jpg","type":"image\/jpeg"}],"twitter_card":"summary_large_image","twitter_title":"Cartwright & Butler Mini Cherry Loaf Cake 135g","twitter_misc":{"Est. reading time":"1 minute"},"schema":{"@context":"https:\/\/schema.org","@graph":[{"@type":"WebPage","@id":"https:\/\/www.nevis.pt\/en\/products\/cartwright-butler-mini-cherry-loaf-cake-135g\/","url":"https:\/\/www.nevis.pt\/en\/products\/cartwright-butler-mini-cherry-loaf-cake-135g\/","name":"Cartwright & Butler Mini Cherry Loaf Cake 135g","isPartOf":{"@id":"https:\/\/www.nevis.pt\/en\/#website"},"primaryImageOfPage":{"@id":"https:\/\/www.nevis.pt\/en\/products\/cartwright-butler-mini-cherry-loaf-cake-135g\/#primaryimage"},"image":{"@id":"https:\/\/www.nevis.pt\/en\/products\/cartwright-butler-mini-cherry-loaf-cake-135g\/#primaryimage"},"thumbnailUrl":"https:\/\/www.nevis.pt\/wp-content\/uploads\/2024\/02\/o12708-bolo-mini-loaf-cake-de-cereja-cartwright-butler-135g.jpg","datePublished":"2026-03-02T09:09:21+00:00","dateModified":"2026-03-02T09:09:47+00:00","description":"O bolo Mini \"Loaf Cake\" com cobertura de cereja da Cartwright & Butler \u00e9 um deleite suntuoso com o ch\u00e1 da tarde. As cerejas doces tornaram este bolo h\u00famido delicioso at\u00e9 ao \u00faltimo peda\u00e7o.","breadcrumb":{"@id":"https:\/\/www.nevis.pt\/en\/products\/cartwright-butler-mini-cherry-loaf-cake-135g\/#breadcrumb"},"inLanguage":"en-US","potentialAction":[{"@type":"ReadAction","target":["https:\/\/www.nevis.pt\/en\/products\/cartwright-butler-mini-cherry-loaf-cake-135g\/"]}]},{"@type":"ImageObject","inLanguage":"en-US","@id":"https:\/\/www.nevis.pt\/en\/products\/cartwright-butler-mini-cherry-loaf-cake-135g\/#primaryimage","url":"https:\/\/www.nevis.pt\/wp-content\/uploads\/2024\/02\/o12708-bolo-mini-loaf-cake-de-cereja-cartwright-butler-135g.jpg","contentUrl":"https:\/\/www.nevis.pt\/wp-content\/uploads\/2024\/02\/o12708-bolo-mini-loaf-cake-de-cereja-cartwright-butler-135g.jpg","width":800,"height":800,"caption":"Cartwright & Butler Mini Cherry Loaf Cake 135g"},{"@type":"BreadcrumbList","@id":"https:\/\/www.nevis.pt\/en\/products\/cartwright-butler-mini-cherry-loaf-cake-135g\/#breadcrumb","itemListElement":[{"@type":"ListItem","position":1,"name":"In\u00edcio","item":"https:\/\/www.nevis.pt\/en\/"},{"@type":"ListItem","position":2,"name":"Products","item":"https:\/\/www.nevis.pt\/en\/products\/"},{"@type":"ListItem","position":3,"name":"Cartwright &#038; Butler Mini Cherry Loaf Cake 135g"}]},{"@type":"WebSite","@id":"https:\/\/www.nevis.pt\/en\/#website","url":"https:\/\/www.nevis.pt\/en\/","name":"Nevis","description":"Mercearia Fina","publisher":{"@id":"https:\/\/www.nevis.pt\/en\/#organization"},"potentialAction":[{"@type":"SearchAction","target":{"@type":"EntryPoint","urlTemplate":"https:\/\/www.nevis.pt\/en\/?s={search_term_string}"},"query-input":{"@type":"PropertyValueSpecification","valueRequired":true,"valueName":"search_term_string"}}],"inLanguage":"en-US"},{"@type":"Organization","@id":"https:\/\/www.nevis.pt\/en\/#organization","name":"Nevis","url":"https:\/\/www.nevis.pt\/en\/","logo":{"@type":"ImageObject","inLanguage":"en-US","@id":"https:\/\/www.nevis.pt\/en\/#\/schema\/logo\/image\/","url":"https:\/\/www.nevis.pt\/wp-content\/uploads\/2020\/07\/default-product-image.png","contentUrl":"https:\/\/www.nevis.pt\/wp-content\/uploads\/2020\/07\/default-product-image.png","width":2133,"height":2133,"caption":"Nevis"},"image":{"@id":"https:\/\/www.nevis.pt\/en\/#\/schema\/logo\/image\/"},"sameAs":["https:\/\/www.facebook.com\/Nevis.pt","https:\/\/www.instagram.com\/nevis_mercearia_fina\/"]}]}},"jetpack_sharing_enabled":true,"_links":{"self":[{"href":"https:\/\/www.nevis.pt\/en\/wp-json\/wp\/v2\/product\/92548","targetHints":{"allow":["GET"]}}],"collection":[{"href":"https:\/\/www.nevis.pt\/en\/wp-json\/wp\/v2\/product"}],"about":[{"href":"https:\/\/www.nevis.pt\/en\/wp-json\/wp\/v2\/types\/product"}],"wp:featuredmedia":[{"embeddable":true,"href":"https:\/\/www.nevis.pt\/en\/wp-json\/wp\/v2\/media\/92185"}],"wp:attachment":[{"href":"https:\/\/www.nevis.pt\/en\/wp-json\/wp\/v2\/media?parent=92548"}],"wp:term":[{"taxonomy":"socilink_saboresdomundo_tag","embeddable":true,"href":"https:\/\/www.nevis.pt\/en\/wp-json\/wp\/v2\/socilink_saboresdomundo_tag?post=92548"},{"taxonomy":"product_brand","embeddable":true,"href":"https:\/\/www.nevis.pt\/en\/wp-json\/wp\/v2\/product_brand?post=92548"},{"taxonomy":"product_cat","embeddable":true,"href":"https:\/\/www.nevis.pt\/en\/wp-json\/wp\/v2\/product_cat?post=92548"},{"taxonomy":"product_tag","embeddable":true,"href":"https:\/\/www.nevis.pt\/en\/wp-json\/wp\/v2\/product_tag?post=92548"}],"curies":[{"name":"wp","href":"https:\/\/api.w.org\/{rel}","templated":true}]}}