{"id":94625,"date":"2026-03-02T09:40:01","date_gmt":"2026-03-02T09:40:01","guid":{"rendered":"https:\/\/www.nevis.pt\/products\/lady-joseph-guerande-salt-olive-oil-crackers-100g\/"},"modified":"2026-03-02T09:40:04","modified_gmt":"2026-03-02T09:40:04","slug":"lady-joseph-guerande-salt-olive-oil-crackers-100g","status":"publish","type":"product","link":"https:\/\/www.nevis.pt\/en\/products\/lady-joseph-guerande-salt-olive-oil-crackers-100g\/","title":{"rendered":"Lady Joseph Gu\u00e9rande Salt &#038; Olive Oil Crackers 100g"},"content":{"rendered":"<h4>Product Description<\/h4>\n<p>Gu\u00e9rande salt is one of the highest quality salts in the world. With an unmistakable grayish color, this salt comes from Gu\u00e9rande, the peninsula that gives it its name and which is located on the Atlantic coast of the historic region of Brittany (France). It is a natural sea salt rich in mineral salts and trace elements, unrefined, without additives and dried in the sun. The flour is ground on stone millstones. These flours are more nutritious and aromatic than those ground with industrial steel rollers. After preparation, the dough is left to rest for 12 hours before being slowly cooked to maintain the nutrients and obtain an extra thin and crunchy cracker, but at the same time consistent.<\/p>\n<p>Josephine Bernaud prepared her exquisite cookies reminiscent of her childhood in Bordeaux, using local ingredients. The fame of her delicious recipes led her to open her Salon du The in 1926, which became a meeting point where travelers stopped to buy her specialties and taste them on the route between Haro (Logro\u00f1o, Spain) and Bordeaux. (France). Her family perpetuates her legacy by continuing today to prepare the same extraordinary recipes and textures to offer a unique selection of exquisite cookies and crackers under the Lady Joseph brand. Because the meaning of life is to enjoy small pleasures with family and friends.<\/p>\n<h4>Ingredients:<\/h4>\n<p>WHEAT flour (GLUTEN), olive oil (20%), Breton Sea Salt (Gu\u00e9rande) (3 %).<\/p>\n<h4>Allergens:<\/h4>\n<p>See ingredients in UPPERCASE. May contain traces of egg, peanuts, sesame and nuts.<\/p>\n<h4>Storage:<\/h4>\n<p>Keep dry and cool.<\/p>\n<h4>Country of Origin:<\/h4>\n<p>Spain<\/p>\n<h4>Nutritional information:<\/h4>\n<table>\n<tr>\n<th>Typical Values:<\/th>\n<th>Per 100g<\/th>\n<\/tr>\n<tr>\n<td>Energy<\/td>\n<td>1882kJ<br \/>450kcal<\/td>\n<\/tr>\n<tr>\n<td>Fat<br \/>of wich saturates<\/td>\n<td>23g<br \/>7g<\/td>\n<\/tr>\n<tr>\n<td>Carbohydrate<br \/>of which sugars<\/td>\n<td>57g<br \/>4g<\/td>\n<\/tr>\n<tr>\n<td>Protein<\/td>\n<td>10g<\/td>\n<\/tr>\n<tr>\n<td>Salt<\/td>\n<td>0,16g<\/td>\n<\/tr>\n<\/table>\n<h4>Distributed by:<\/h4>\n<p>Onelink Lda<br \/>\nRua Quinta dos \u00c1lamos n.\u00ba 3<br \/>\n2625-577 Vialonga<\/p>\n<h4>Notice about our product information:<\/h4>\n<p>Always confirm the information on the article label. Food products are subject to constant change, for this reason, we recommend that you always read the labeling information that accompanies each product, including the nutritional information, ingredient list, storage, preparation and use instructions as well as other information before use or consumption.<\/p>\n","protected":false},"excerpt":{"rendered":"<p>Gu\u00e9rande salt is one of the highest quality salts in the world. With an unmistakable grayish color, this salt comes from Gu\u00e9rande, the peninsula that gives it its name and which is located on the Atlantic coast of the historic region of Brittany (France). It is a natural sea salt rich in mineral salts and trace elements, unrefined, without additives and dried in the sun. The flour is ground on stone millstones. These flours are more nutritious and aromatic than those ground with industrial steel rollers. After preparation, the dough is left to rest for 12 hours before being slowly cooked to maintain the nutrients and obtain an extra thin and crunchy cracker, but at the same time consistent.<\/p>\n","protected":false},"featured_media":94055,"template":"","meta":{"_acf_changed":false,"_lmt_disableupdate":"","_lmt_disable":"","ep_exclude_from_search":false},"socilink_saboresdomundo_tag":[2780,2785],"product_brand":[10434,10431],"product_cat":[2611,2601],"product_tag":[],"class_list":{"0":"post-94625","1":"product","2":"type-product","3":"status-publish","4":"has-post-thumbnail","6":"socilink_saboresdomundo_tag-europe","7":"socilink_saboresdomundo_tag-spain","8":"product_brand-artisan-crackers","9":"product_brand-lady-joseph-en","10":"product_cat-crackers-toasts-and-salted-biscuits","11":"product_cat-sweets-snacks","12":"product_shipping_class-ambient","14":"first","15":"instock","16":"featured","17":"taxable","18":"shipping-taxable","19":"purchasable","20":"product-type-simple"},"acf":[],"yoast_head":"<!-- This site is optimized with the Yoast SEO plugin v27.4 - https:\/\/yoast.com\/product\/yoast-seo-wordpress\/ -->\n<title>Lady Joseph Gu\u00e9rande Salt &amp; Olive Oil Crackers 100g<\/title>\n<meta name=\"description\" content=\"Gu\u00e9rande salt is one of the highest quality salts in the world. With an unmistakable grayish color, this salt comes from Gu\u00e9rande, the peninsula that gives it its name and which is located on the Atlantic coast of the historic region of Brittany (France). It is a natural sea salt rich in mineral salts and trace elements, unrefined, without additives and dried in the sun. The flour is ground on stone millstones. These flours are more nutritious and aromatic than those ground with industrial steel rollers. After preparation, the dough is left to rest for 12 hours before being slowly cooked to maintain the nutrients and obtain an extra thin and crunchy cracker, but at the same time consistent.\" \/>\n<meta name=\"robots\" content=\"index, follow, max-snippet:-1, max-image-preview:large, max-video-preview:-1\" \/>\n<link rel=\"canonical\" href=\"https:\/\/www.nevis.pt\/en\/products\/lady-joseph-guerande-salt-olive-oil-crackers-100g\/\" \/>\n<meta property=\"og:locale\" content=\"en_US\" \/>\n<meta property=\"og:type\" content=\"article\" \/>\n<meta property=\"og:title\" content=\"Lady Joseph Gu\u00e9rande Salt &amp; Olive Oil Crackers 100g\" \/>\n<meta property=\"og:description\" content=\"Gu\u00e9rande salt is one of the highest quality salts in the world. With an unmistakable grayish color, this salt comes from Gu\u00e9rande, the peninsula that gives it its name and which is located on the Atlantic coast of the historic region of Brittany (France). It is a natural sea salt rich in mineral salts and trace elements, unrefined, without additives and dried in the sun. The flour is ground on stone millstones. These flours are more nutritious and aromatic than those ground with industrial steel rollers. After preparation, the dough is left to rest for 12 hours before being slowly cooked to maintain the nutrients and obtain an extra thin and crunchy cracker, but at the same time consistent.\" \/>\n<meta property=\"og:url\" content=\"https:\/\/www.nevis.pt\/en\/products\/lady-joseph-guerande-salt-olive-oil-crackers-100g\/\" \/>\n<meta property=\"og:site_name\" content=\"Nevis\" \/>\n<meta property=\"article:publisher\" content=\"https:\/\/www.facebook.com\/Nevis.pt\" \/>\n<meta property=\"article:modified_time\" content=\"2026-03-02T09:40:04+00:00\" \/>\n<meta property=\"og:image\" content=\"https:\/\/www.nevis.pt\/wp-content\/uploads\/2024\/05\/o12884-crackers-de-sal-de-guerande-e-azeite-lady-joseph-100g.jpg\" \/>\n\t<meta property=\"og:image:width\" content=\"800\" \/>\n\t<meta property=\"og:image:height\" content=\"800\" \/>\n\t<meta property=\"og:image:type\" content=\"image\/jpeg\" \/>\n<meta name=\"twitter:card\" content=\"summary_large_image\" \/>\n<meta name=\"twitter:title\" content=\"Lady Joseph Gu\u00e9rande Salt &amp; Olive Oil Crackers 100g\" \/>\n<meta name=\"twitter:label1\" content=\"Est. reading time\" \/>\n\t<meta name=\"twitter:data1\" content=\"2 minutes\" \/>\n<script type=\"application\/ld+json\" class=\"yoast-schema-graph\">{\"@context\":\"https:\\\/\\\/schema.org\",\"@graph\":[{\"@type\":\"WebPage\",\"@id\":\"https:\\\/\\\/www.nevis.pt\\\/en\\\/products\\\/lady-joseph-guerande-salt-olive-oil-crackers-100g\\\/\",\"url\":\"https:\\\/\\\/www.nevis.pt\\\/en\\\/products\\\/lady-joseph-guerande-salt-olive-oil-crackers-100g\\\/\",\"name\":\"Lady Joseph Gu\u00e9rande Salt & Olive Oil Crackers 100g\",\"isPartOf\":{\"@id\":\"https:\\\/\\\/www.nevis.pt\\\/en\\\/#website\"},\"primaryImageOfPage\":{\"@id\":\"https:\\\/\\\/www.nevis.pt\\\/en\\\/products\\\/lady-joseph-guerande-salt-olive-oil-crackers-100g\\\/#primaryimage\"},\"image\":{\"@id\":\"https:\\\/\\\/www.nevis.pt\\\/en\\\/products\\\/lady-joseph-guerande-salt-olive-oil-crackers-100g\\\/#primaryimage\"},\"thumbnailUrl\":\"https:\\\/\\\/www.nevis.pt\\\/wp-content\\\/uploads\\\/2024\\\/05\\\/o12884-crackers-de-sal-de-guerande-e-azeite-lady-joseph-100g.jpg\",\"datePublished\":\"2026-03-02T09:40:01+00:00\",\"dateModified\":\"2026-03-02T09:40:04+00:00\",\"description\":\"Gu\u00e9rande salt is one of the highest quality salts in the world. With an unmistakable grayish color, this salt comes from Gu\u00e9rande, the peninsula that gives it its name and which is located on the Atlantic coast of the historic region of Brittany (France). It is a natural sea salt rich in mineral salts and trace elements, unrefined, without additives and dried in the sun. The flour is ground on stone millstones. These flours are more nutritious and aromatic than those ground with industrial steel rollers. After preparation, the dough is left to rest for 12 hours before being slowly cooked to maintain the nutrients and obtain an extra thin and crunchy cracker, but at the same time consistent.\",\"breadcrumb\":{\"@id\":\"https:\\\/\\\/www.nevis.pt\\\/en\\\/products\\\/lady-joseph-guerande-salt-olive-oil-crackers-100g\\\/#breadcrumb\"},\"inLanguage\":\"en-US\",\"potentialAction\":[{\"@type\":\"ReadAction\",\"target\":[\"https:\\\/\\\/www.nevis.pt\\\/en\\\/products\\\/lady-joseph-guerande-salt-olive-oil-crackers-100g\\\/\"]}]},{\"@type\":\"ImageObject\",\"inLanguage\":\"en-US\",\"@id\":\"https:\\\/\\\/www.nevis.pt\\\/en\\\/products\\\/lady-joseph-guerande-salt-olive-oil-crackers-100g\\\/#primaryimage\",\"url\":\"https:\\\/\\\/www.nevis.pt\\\/wp-content\\\/uploads\\\/2024\\\/05\\\/o12884-crackers-de-sal-de-guerande-e-azeite-lady-joseph-100g.jpg\",\"contentUrl\":\"https:\\\/\\\/www.nevis.pt\\\/wp-content\\\/uploads\\\/2024\\\/05\\\/o12884-crackers-de-sal-de-guerande-e-azeite-lady-joseph-100g.jpg\",\"width\":800,\"height\":800,\"caption\":\"Lady Joseph Gu\u00e9rande Salt & Olive Oil Crackers 100g\"},{\"@type\":\"BreadcrumbList\",\"@id\":\"https:\\\/\\\/www.nevis.pt\\\/en\\\/products\\\/lady-joseph-guerande-salt-olive-oil-crackers-100g\\\/#breadcrumb\",\"itemListElement\":[{\"@type\":\"ListItem\",\"position\":1,\"name\":\"In\u00edcio\",\"item\":\"https:\\\/\\\/www.nevis.pt\\\/en\\\/\"},{\"@type\":\"ListItem\",\"position\":2,\"name\":\"Products\",\"item\":\"https:\\\/\\\/www.nevis.pt\\\/en\\\/products\\\/\"},{\"@type\":\"ListItem\",\"position\":3,\"name\":\"Lady Joseph Gu\u00e9rande Salt &#038; Olive Oil Crackers 100g\"}]},{\"@type\":\"WebSite\",\"@id\":\"https:\\\/\\\/www.nevis.pt\\\/en\\\/#website\",\"url\":\"https:\\\/\\\/www.nevis.pt\\\/en\\\/\",\"name\":\"Nevis\",\"description\":\"Mercearia Fina\",\"publisher\":{\"@id\":\"https:\\\/\\\/www.nevis.pt\\\/en\\\/#organization\"},\"potentialAction\":[{\"@type\":\"SearchAction\",\"target\":{\"@type\":\"EntryPoint\",\"urlTemplate\":\"https:\\\/\\\/www.nevis.pt\\\/en\\\/?s={search_term_string}\"},\"query-input\":{\"@type\":\"PropertyValueSpecification\",\"valueRequired\":true,\"valueName\":\"search_term_string\"}}],\"inLanguage\":\"en-US\"},{\"@type\":\"Organization\",\"@id\":\"https:\\\/\\\/www.nevis.pt\\\/en\\\/#organization\",\"name\":\"Nevis\",\"url\":\"https:\\\/\\\/www.nevis.pt\\\/en\\\/\",\"logo\":{\"@type\":\"ImageObject\",\"inLanguage\":\"en-US\",\"@id\":\"https:\\\/\\\/www.nevis.pt\\\/en\\\/#\\\/schema\\\/logo\\\/image\\\/\",\"url\":\"https:\\\/\\\/www.nevis.pt\\\/wp-content\\\/uploads\\\/2020\\\/07\\\/default-product-image.png\",\"contentUrl\":\"https:\\\/\\\/www.nevis.pt\\\/wp-content\\\/uploads\\\/2020\\\/07\\\/default-product-image.png\",\"width\":2133,\"height\":2133,\"caption\":\"Nevis\"},\"image\":{\"@id\":\"https:\\\/\\\/www.nevis.pt\\\/en\\\/#\\\/schema\\\/logo\\\/image\\\/\"},\"sameAs\":[\"https:\\\/\\\/www.facebook.com\\\/Nevis.pt\",\"https:\\\/\\\/www.instagram.com\\\/nevis_mercearia_fina\\\/\"]}]}<\/script>\n<!-- \/ Yoast SEO plugin. -->","yoast_head_json":{"title":"Lady Joseph Gu\u00e9rande Salt & Olive Oil Crackers 100g","description":"Gu\u00e9rande salt is one of the highest quality salts in the world. With an unmistakable grayish color, this salt comes from Gu\u00e9rande, the peninsula that gives it its name and which is located on the Atlantic coast of the historic region of Brittany (France). It is a natural sea salt rich in mineral salts and trace elements, unrefined, without additives and dried in the sun. The flour is ground on stone millstones. These flours are more nutritious and aromatic than those ground with industrial steel rollers. After preparation, the dough is left to rest for 12 hours before being slowly cooked to maintain the nutrients and obtain an extra thin and crunchy cracker, but at the same time consistent.","robots":{"index":"index","follow":"follow","max-snippet":"max-snippet:-1","max-image-preview":"max-image-preview:large","max-video-preview":"max-video-preview:-1"},"canonical":"https:\/\/www.nevis.pt\/en\/products\/lady-joseph-guerande-salt-olive-oil-crackers-100g\/","og_locale":"en_US","og_type":"article","og_title":"Lady Joseph Gu\u00e9rande Salt & Olive Oil Crackers 100g","og_description":"Gu\u00e9rande salt is one of the highest quality salts in the world. With an unmistakable grayish color, this salt comes from Gu\u00e9rande, the peninsula that gives it its name and which is located on the Atlantic coast of the historic region of Brittany (France). It is a natural sea salt rich in mineral salts and trace elements, unrefined, without additives and dried in the sun. The flour is ground on stone millstones. These flours are more nutritious and aromatic than those ground with industrial steel rollers. After preparation, the dough is left to rest for 12 hours before being slowly cooked to maintain the nutrients and obtain an extra thin and crunchy cracker, but at the same time consistent.","og_url":"https:\/\/www.nevis.pt\/en\/products\/lady-joseph-guerande-salt-olive-oil-crackers-100g\/","og_site_name":"Nevis","article_publisher":"https:\/\/www.facebook.com\/Nevis.pt","article_modified_time":"2026-03-02T09:40:04+00:00","og_image":[{"width":800,"height":800,"url":"https:\/\/www.nevis.pt\/wp-content\/uploads\/2024\/05\/o12884-crackers-de-sal-de-guerande-e-azeite-lady-joseph-100g.jpg","type":"image\/jpeg"}],"twitter_card":"summary_large_image","twitter_title":"Lady Joseph Gu\u00e9rande Salt & Olive Oil Crackers 100g","twitter_misc":{"Est. reading time":"2 minutes"},"schema":{"@context":"https:\/\/schema.org","@graph":[{"@type":"WebPage","@id":"https:\/\/www.nevis.pt\/en\/products\/lady-joseph-guerande-salt-olive-oil-crackers-100g\/","url":"https:\/\/www.nevis.pt\/en\/products\/lady-joseph-guerande-salt-olive-oil-crackers-100g\/","name":"Lady Joseph Gu\u00e9rande Salt & Olive Oil Crackers 100g","isPartOf":{"@id":"https:\/\/www.nevis.pt\/en\/#website"},"primaryImageOfPage":{"@id":"https:\/\/www.nevis.pt\/en\/products\/lady-joseph-guerande-salt-olive-oil-crackers-100g\/#primaryimage"},"image":{"@id":"https:\/\/www.nevis.pt\/en\/products\/lady-joseph-guerande-salt-olive-oil-crackers-100g\/#primaryimage"},"thumbnailUrl":"https:\/\/www.nevis.pt\/wp-content\/uploads\/2024\/05\/o12884-crackers-de-sal-de-guerande-e-azeite-lady-joseph-100g.jpg","datePublished":"2026-03-02T09:40:01+00:00","dateModified":"2026-03-02T09:40:04+00:00","description":"Gu\u00e9rande salt is one of the highest quality salts in the world. With an unmistakable grayish color, this salt comes from Gu\u00e9rande, the peninsula that gives it its name and which is located on the Atlantic coast of the historic region of Brittany (France). It is a natural sea salt rich in mineral salts and trace elements, unrefined, without additives and dried in the sun. The flour is ground on stone millstones. These flours are more nutritious and aromatic than those ground with industrial steel rollers. After preparation, the dough is left to rest for 12 hours before being slowly cooked to maintain the nutrients and obtain an extra thin and crunchy cracker, but at the same time consistent.","breadcrumb":{"@id":"https:\/\/www.nevis.pt\/en\/products\/lady-joseph-guerande-salt-olive-oil-crackers-100g\/#breadcrumb"},"inLanguage":"en-US","potentialAction":[{"@type":"ReadAction","target":["https:\/\/www.nevis.pt\/en\/products\/lady-joseph-guerande-salt-olive-oil-crackers-100g\/"]}]},{"@type":"ImageObject","inLanguage":"en-US","@id":"https:\/\/www.nevis.pt\/en\/products\/lady-joseph-guerande-salt-olive-oil-crackers-100g\/#primaryimage","url":"https:\/\/www.nevis.pt\/wp-content\/uploads\/2024\/05\/o12884-crackers-de-sal-de-guerande-e-azeite-lady-joseph-100g.jpg","contentUrl":"https:\/\/www.nevis.pt\/wp-content\/uploads\/2024\/05\/o12884-crackers-de-sal-de-guerande-e-azeite-lady-joseph-100g.jpg","width":800,"height":800,"caption":"Lady Joseph Gu\u00e9rande Salt & Olive Oil Crackers 100g"},{"@type":"BreadcrumbList","@id":"https:\/\/www.nevis.pt\/en\/products\/lady-joseph-guerande-salt-olive-oil-crackers-100g\/#breadcrumb","itemListElement":[{"@type":"ListItem","position":1,"name":"In\u00edcio","item":"https:\/\/www.nevis.pt\/en\/"},{"@type":"ListItem","position":2,"name":"Products","item":"https:\/\/www.nevis.pt\/en\/products\/"},{"@type":"ListItem","position":3,"name":"Lady Joseph Gu\u00e9rande Salt &#038; Olive Oil Crackers 100g"}]},{"@type":"WebSite","@id":"https:\/\/www.nevis.pt\/en\/#website","url":"https:\/\/www.nevis.pt\/en\/","name":"Nevis","description":"Mercearia Fina","publisher":{"@id":"https:\/\/www.nevis.pt\/en\/#organization"},"potentialAction":[{"@type":"SearchAction","target":{"@type":"EntryPoint","urlTemplate":"https:\/\/www.nevis.pt\/en\/?s={search_term_string}"},"query-input":{"@type":"PropertyValueSpecification","valueRequired":true,"valueName":"search_term_string"}}],"inLanguage":"en-US"},{"@type":"Organization","@id":"https:\/\/www.nevis.pt\/en\/#organization","name":"Nevis","url":"https:\/\/www.nevis.pt\/en\/","logo":{"@type":"ImageObject","inLanguage":"en-US","@id":"https:\/\/www.nevis.pt\/en\/#\/schema\/logo\/image\/","url":"https:\/\/www.nevis.pt\/wp-content\/uploads\/2020\/07\/default-product-image.png","contentUrl":"https:\/\/www.nevis.pt\/wp-content\/uploads\/2020\/07\/default-product-image.png","width":2133,"height":2133,"caption":"Nevis"},"image":{"@id":"https:\/\/www.nevis.pt\/en\/#\/schema\/logo\/image\/"},"sameAs":["https:\/\/www.facebook.com\/Nevis.pt","https:\/\/www.instagram.com\/nevis_mercearia_fina\/"]}]}},"jetpack_sharing_enabled":true,"_links":{"self":[{"href":"https:\/\/www.nevis.pt\/en\/wp-json\/wp\/v2\/product\/94625","targetHints":{"allow":["GET"]}}],"collection":[{"href":"https:\/\/www.nevis.pt\/en\/wp-json\/wp\/v2\/product"}],"about":[{"href":"https:\/\/www.nevis.pt\/en\/wp-json\/wp\/v2\/types\/product"}],"wp:featuredmedia":[{"embeddable":true,"href":"https:\/\/www.nevis.pt\/en\/wp-json\/wp\/v2\/media\/94055"}],"wp:attachment":[{"href":"https:\/\/www.nevis.pt\/en\/wp-json\/wp\/v2\/media?parent=94625"}],"wp:term":[{"taxonomy":"socilink_saboresdomundo_tag","embeddable":true,"href":"https:\/\/www.nevis.pt\/en\/wp-json\/wp\/v2\/socilink_saboresdomundo_tag?post=94625"},{"taxonomy":"product_brand","embeddable":true,"href":"https:\/\/www.nevis.pt\/en\/wp-json\/wp\/v2\/product_brand?post=94625"},{"taxonomy":"product_cat","embeddable":true,"href":"https:\/\/www.nevis.pt\/en\/wp-json\/wp\/v2\/product_cat?post=94625"},{"taxonomy":"product_tag","embeddable":true,"href":"https:\/\/www.nevis.pt\/en\/wp-json\/wp\/v2\/product_tag?post=94625"}],"curies":[{"name":"wp","href":"https:\/\/api.w.org\/{rel}","templated":true}]}}