{"id":95277,"date":"2026-03-02T10:16:23","date_gmt":"2026-03-02T10:16:23","guid":{"rendered":"https:\/\/www.nevis.pt\/products\/terre-exotique-bahia-black-pepper-1kg\/"},"modified":"2026-03-02T10:16:33","modified_gmt":"2026-03-02T10:16:33","slug":"terre-exotique-belem-black-pepper-1kg","status":"publish","type":"product","link":"https:\/\/www.nevis.pt\/en\/products\/terre-exotique-belem-black-pepper-1kg\/","title":{"rendered":"Terre Exotique Bel\u00e9m Black Pepper 1kg"},"content":{"rendered":"<h4>Product Description<\/h4>\n<p>Since Terre Exotique brought this Bel\u00e9m black pepper back to France on their sailing ship, via the EOLE programme it has become one of the star peppers! These large peppercorns release powerful aromas of camphor with a hint of resin almost like local pine trees. Sprinkle over meat or even on strawberries &#8211; what a distinctive pepper! <\/p>\n<p>After the initial herbaceous scent, Bel\u00e9m black pepper releases woody flavours of aniseed with notes of plants and resin. A complex and distinctive pepper.<\/p>\n<p> Bel\u00e9m black pepper is a Piper nigrum creeper which uses trees as stakes to grow in the warm and tropical climate of Bel\u00e9m do Par\u00e1 in Brazil. Bel\u00e9m black pepper, also called Bahia pepper or Brazilian black pepper, grows in an idyllic setting in the Centre-East of Brazil facing the ocean in sandy soils, where it is watered by a drip irrigation system ensuring it gets the perfect amount of water and nutrients. Bel\u00e9m black pepper is harvested in the summer, then each grain is separated from the drupe and dried, sheltered from the rain. Bel\u00e9m black pepper is a large grain pepper with a delicious aroma. <\/p>\n<h4>Ingredients:<\/h4>\n<p>Bel\u00e9m Black Pepper.<\/p>\n<h4>Allergens:<\/h4>\n<p>May contain traces of celery, sesame, mustard, nuts.<\/p>\n<h4>Storage:<\/h4>\n<p>Keep in a dry place at room temperature.<\/p>\n<h4>Usage Suggestions:<\/h4>\n<p>Crack it roughly with your pestle and mortar and sprinkle over duck breast, salmon steak or grilled beef.<\/p>\n<h4>Country of Origin:<\/h4>\n<p>France<\/p>\n<h4>Distributed by:<\/h4>\n<p>Socilink Lda<br \/>\nRua Quinta dos \u00c1lamos n.\u00ba 3<br \/>\n2625-577 Vialonga<\/p>\n<h4>Notice about our product information:<\/h4>\n<p>Always confirm the information on the article label. Food products are subject to constant change, for this reason, we recommend that you always read the labeling information that accompanies each product, including the nutritional information, ingredient list, storage, preparation and use instructions as well as other information before use or consumption.<\/p>\n","protected":false},"excerpt":{"rendered":"<p>This distinctive pepper releases smoked woody notes. Crack it roughly with your pestle and mortar and sprinkle over duck breast, salmon steak or grilled beef.<\/p>\n","protected":false},"featured_media":95068,"template":"","meta":{"_acf_changed":false,"_lmt_disableupdate":"","_lmt_disable":"","ep_exclude_from_search":false},"socilink_saboresdomundo_tag":[2776,2780,2787,2774],"product_brand":[2509,2507],"product_cat":[2624,2634],"product_tag":[],"class_list":{"0":"post-95277","1":"product","2":"type-product","3":"status-publish","4":"has-post-thumbnail","6":"socilink_saboresdomundo_tag-brazil","7":"socilink_saboresdomundo_tag-europe","8":"socilink_saboresdomundo_tag-france","9":"socilink_saboresdomundo_tag-south-america","10":"product_brand-herbs-spices-terre-exotique","11":"product_brand-terre-exotique-en","12":"product_cat-ingredients-seasonings","13":"product_cat-spices","14":"product_shipping_class-ambient","15":"pa_caracteristicas-food-service-en","17":"first","18":"instock","19":"featured","20":"taxable","21":"shipping-taxable","22":"purchasable","23":"product-type-simple"},"acf":[],"yoast_head":"<!-- This site is optimized with the Yoast SEO plugin v27.4 - https:\/\/yoast.com\/product\/yoast-seo-wordpress\/ -->\n<title>Terre Exotique Bel\u00e9m Black Pepper 1kg<\/title>\n<meta name=\"description\" content=\"This distinctive pepper releases smoked woody notes. Crack it roughly with your pestle and mortar and sprinkle over duck breast, salmon steak or grilled beef.\" \/>\n<meta name=\"robots\" content=\"index, follow, max-snippet:-1, max-image-preview:large, max-video-preview:-1\" \/>\n<link rel=\"canonical\" href=\"https:\/\/www.nevis.pt\/en\/products\/terre-exotique-belem-black-pepper-1kg\/\" \/>\n<meta property=\"og:locale\" content=\"en_US\" \/>\n<meta property=\"og:type\" content=\"article\" \/>\n<meta property=\"og:title\" content=\"Terre Exotique Bel\u00e9m Black Pepper 1kg\" \/>\n<meta property=\"og:description\" content=\"This distinctive pepper releases smoked woody notes. Crack it roughly with your pestle and mortar and sprinkle over duck breast, salmon steak or grilled beef.\" \/>\n<meta property=\"og:url\" content=\"https:\/\/www.nevis.pt\/en\/products\/terre-exotique-belem-black-pepper-1kg\/\" \/>\n<meta property=\"og:site_name\" content=\"Nevis\" \/>\n<meta property=\"article:publisher\" content=\"https:\/\/www.facebook.com\/Nevis.pt\" \/>\n<meta property=\"article:modified_time\" content=\"2026-03-02T10:16:33+00:00\" \/>\n<meta property=\"og:image\" content=\"https:\/\/www.nevis.pt\/wp-content\/uploads\/2024\/05\/s14453-pimenta-preta-da-baia-terre-exotique-1kg_1.jpg\" \/>\n\t<meta property=\"og:image:width\" content=\"800\" \/>\n\t<meta property=\"og:image:height\" content=\"800\" \/>\n\t<meta property=\"og:image:type\" content=\"image\/jpeg\" \/>\n<meta name=\"twitter:card\" content=\"summary_large_image\" \/>\n<meta name=\"twitter:title\" content=\"Terre Exotique Bel\u00e9m Black Pepper 1kg\" \/>\n<meta name=\"twitter:label1\" content=\"Est. reading time\" \/>\n\t<meta name=\"twitter:data1\" content=\"2 minutes\" \/>\n<script type=\"application\/ld+json\" class=\"yoast-schema-graph\">{\"@context\":\"https:\\\/\\\/schema.org\",\"@graph\":[{\"@type\":\"WebPage\",\"@id\":\"https:\\\/\\\/www.nevis.pt\\\/en\\\/products\\\/terre-exotique-belem-black-pepper-1kg\\\/\",\"url\":\"https:\\\/\\\/www.nevis.pt\\\/en\\\/products\\\/terre-exotique-belem-black-pepper-1kg\\\/\",\"name\":\"Terre Exotique Bel\u00e9m Black Pepper 1kg\",\"isPartOf\":{\"@id\":\"https:\\\/\\\/www.nevis.pt\\\/en\\\/#website\"},\"primaryImageOfPage\":{\"@id\":\"https:\\\/\\\/www.nevis.pt\\\/en\\\/products\\\/terre-exotique-belem-black-pepper-1kg\\\/#primaryimage\"},\"image\":{\"@id\":\"https:\\\/\\\/www.nevis.pt\\\/en\\\/products\\\/terre-exotique-belem-black-pepper-1kg\\\/#primaryimage\"},\"thumbnailUrl\":\"https:\\\/\\\/www.nevis.pt\\\/wp-content\\\/uploads\\\/2024\\\/05\\\/s14453-pimenta-preta-da-baia-terre-exotique-1kg_1.jpg\",\"datePublished\":\"2026-03-02T10:16:23+00:00\",\"dateModified\":\"2026-03-02T10:16:33+00:00\",\"description\":\"This distinctive pepper releases smoked woody notes. Crack it roughly with your pestle and mortar and sprinkle over duck breast, salmon steak or grilled beef.\",\"breadcrumb\":{\"@id\":\"https:\\\/\\\/www.nevis.pt\\\/en\\\/products\\\/terre-exotique-belem-black-pepper-1kg\\\/#breadcrumb\"},\"inLanguage\":\"en-US\",\"potentialAction\":[{\"@type\":\"ReadAction\",\"target\":[\"https:\\\/\\\/www.nevis.pt\\\/en\\\/products\\\/terre-exotique-belem-black-pepper-1kg\\\/\"]}]},{\"@type\":\"ImageObject\",\"inLanguage\":\"en-US\",\"@id\":\"https:\\\/\\\/www.nevis.pt\\\/en\\\/products\\\/terre-exotique-belem-black-pepper-1kg\\\/#primaryimage\",\"url\":\"https:\\\/\\\/www.nevis.pt\\\/wp-content\\\/uploads\\\/2024\\\/05\\\/s14453-pimenta-preta-da-baia-terre-exotique-1kg_1.jpg\",\"contentUrl\":\"https:\\\/\\\/www.nevis.pt\\\/wp-content\\\/uploads\\\/2024\\\/05\\\/s14453-pimenta-preta-da-baia-terre-exotique-1kg_1.jpg\",\"width\":800,\"height\":800,\"caption\":\"Terre Exotique Bel\u00e9m Black Pepper 1kg\"},{\"@type\":\"BreadcrumbList\",\"@id\":\"https:\\\/\\\/www.nevis.pt\\\/en\\\/products\\\/terre-exotique-belem-black-pepper-1kg\\\/#breadcrumb\",\"itemListElement\":[{\"@type\":\"ListItem\",\"position\":1,\"name\":\"In\u00edcio\",\"item\":\"https:\\\/\\\/www.nevis.pt\\\/en\\\/\"},{\"@type\":\"ListItem\",\"position\":2,\"name\":\"Products\",\"item\":\"https:\\\/\\\/www.nevis.pt\\\/en\\\/products\\\/\"},{\"@type\":\"ListItem\",\"position\":3,\"name\":\"Terre Exotique Bel\u00e9m Black Pepper 1kg\"}]},{\"@type\":\"WebSite\",\"@id\":\"https:\\\/\\\/www.nevis.pt\\\/en\\\/#website\",\"url\":\"https:\\\/\\\/www.nevis.pt\\\/en\\\/\",\"name\":\"Nevis\",\"description\":\"Mercearia Fina\",\"publisher\":{\"@id\":\"https:\\\/\\\/www.nevis.pt\\\/en\\\/#organization\"},\"potentialAction\":[{\"@type\":\"SearchAction\",\"target\":{\"@type\":\"EntryPoint\",\"urlTemplate\":\"https:\\\/\\\/www.nevis.pt\\\/en\\\/?s={search_term_string}\"},\"query-input\":{\"@type\":\"PropertyValueSpecification\",\"valueRequired\":true,\"valueName\":\"search_term_string\"}}],\"inLanguage\":\"en-US\"},{\"@type\":\"Organization\",\"@id\":\"https:\\\/\\\/www.nevis.pt\\\/en\\\/#organization\",\"name\":\"Nevis\",\"url\":\"https:\\\/\\\/www.nevis.pt\\\/en\\\/\",\"logo\":{\"@type\":\"ImageObject\",\"inLanguage\":\"en-US\",\"@id\":\"https:\\\/\\\/www.nevis.pt\\\/en\\\/#\\\/schema\\\/logo\\\/image\\\/\",\"url\":\"https:\\\/\\\/www.nevis.pt\\\/wp-content\\\/uploads\\\/2020\\\/07\\\/default-product-image.png\",\"contentUrl\":\"https:\\\/\\\/www.nevis.pt\\\/wp-content\\\/uploads\\\/2020\\\/07\\\/default-product-image.png\",\"width\":2133,\"height\":2133,\"caption\":\"Nevis\"},\"image\":{\"@id\":\"https:\\\/\\\/www.nevis.pt\\\/en\\\/#\\\/schema\\\/logo\\\/image\\\/\"},\"sameAs\":[\"https:\\\/\\\/www.facebook.com\\\/Nevis.pt\",\"https:\\\/\\\/www.instagram.com\\\/nevis_mercearia_fina\\\/\"]}]}<\/script>\n<!-- \/ Yoast SEO plugin. -->","yoast_head_json":{"title":"Terre Exotique Bel\u00e9m Black Pepper 1kg","description":"This distinctive pepper releases smoked woody notes. Crack it roughly with your pestle and mortar and sprinkle over duck breast, salmon steak or grilled beef.","robots":{"index":"index","follow":"follow","max-snippet":"max-snippet:-1","max-image-preview":"max-image-preview:large","max-video-preview":"max-video-preview:-1"},"canonical":"https:\/\/www.nevis.pt\/en\/products\/terre-exotique-belem-black-pepper-1kg\/","og_locale":"en_US","og_type":"article","og_title":"Terre Exotique Bel\u00e9m Black Pepper 1kg","og_description":"This distinctive pepper releases smoked woody notes. Crack it roughly with your pestle and mortar and sprinkle over duck breast, salmon steak or grilled beef.","og_url":"https:\/\/www.nevis.pt\/en\/products\/terre-exotique-belem-black-pepper-1kg\/","og_site_name":"Nevis","article_publisher":"https:\/\/www.facebook.com\/Nevis.pt","article_modified_time":"2026-03-02T10:16:33+00:00","og_image":[{"width":800,"height":800,"url":"https:\/\/www.nevis.pt\/wp-content\/uploads\/2024\/05\/s14453-pimenta-preta-da-baia-terre-exotique-1kg_1.jpg","type":"image\/jpeg"}],"twitter_card":"summary_large_image","twitter_title":"Terre Exotique Bel\u00e9m Black Pepper 1kg","twitter_misc":{"Est. reading time":"2 minutes"},"schema":{"@context":"https:\/\/schema.org","@graph":[{"@type":"WebPage","@id":"https:\/\/www.nevis.pt\/en\/products\/terre-exotique-belem-black-pepper-1kg\/","url":"https:\/\/www.nevis.pt\/en\/products\/terre-exotique-belem-black-pepper-1kg\/","name":"Terre Exotique Bel\u00e9m Black Pepper 1kg","isPartOf":{"@id":"https:\/\/www.nevis.pt\/en\/#website"},"primaryImageOfPage":{"@id":"https:\/\/www.nevis.pt\/en\/products\/terre-exotique-belem-black-pepper-1kg\/#primaryimage"},"image":{"@id":"https:\/\/www.nevis.pt\/en\/products\/terre-exotique-belem-black-pepper-1kg\/#primaryimage"},"thumbnailUrl":"https:\/\/www.nevis.pt\/wp-content\/uploads\/2024\/05\/s14453-pimenta-preta-da-baia-terre-exotique-1kg_1.jpg","datePublished":"2026-03-02T10:16:23+00:00","dateModified":"2026-03-02T10:16:33+00:00","description":"This distinctive pepper releases smoked woody notes. Crack it roughly with your pestle and mortar and sprinkle over duck breast, salmon steak or grilled beef.","breadcrumb":{"@id":"https:\/\/www.nevis.pt\/en\/products\/terre-exotique-belem-black-pepper-1kg\/#breadcrumb"},"inLanguage":"en-US","potentialAction":[{"@type":"ReadAction","target":["https:\/\/www.nevis.pt\/en\/products\/terre-exotique-belem-black-pepper-1kg\/"]}]},{"@type":"ImageObject","inLanguage":"en-US","@id":"https:\/\/www.nevis.pt\/en\/products\/terre-exotique-belem-black-pepper-1kg\/#primaryimage","url":"https:\/\/www.nevis.pt\/wp-content\/uploads\/2024\/05\/s14453-pimenta-preta-da-baia-terre-exotique-1kg_1.jpg","contentUrl":"https:\/\/www.nevis.pt\/wp-content\/uploads\/2024\/05\/s14453-pimenta-preta-da-baia-terre-exotique-1kg_1.jpg","width":800,"height":800,"caption":"Terre Exotique Bel\u00e9m Black Pepper 1kg"},{"@type":"BreadcrumbList","@id":"https:\/\/www.nevis.pt\/en\/products\/terre-exotique-belem-black-pepper-1kg\/#breadcrumb","itemListElement":[{"@type":"ListItem","position":1,"name":"In\u00edcio","item":"https:\/\/www.nevis.pt\/en\/"},{"@type":"ListItem","position":2,"name":"Products","item":"https:\/\/www.nevis.pt\/en\/products\/"},{"@type":"ListItem","position":3,"name":"Terre Exotique Bel\u00e9m Black Pepper 1kg"}]},{"@type":"WebSite","@id":"https:\/\/www.nevis.pt\/en\/#website","url":"https:\/\/www.nevis.pt\/en\/","name":"Nevis","description":"Mercearia Fina","publisher":{"@id":"https:\/\/www.nevis.pt\/en\/#organization"},"potentialAction":[{"@type":"SearchAction","target":{"@type":"EntryPoint","urlTemplate":"https:\/\/www.nevis.pt\/en\/?s={search_term_string}"},"query-input":{"@type":"PropertyValueSpecification","valueRequired":true,"valueName":"search_term_string"}}],"inLanguage":"en-US"},{"@type":"Organization","@id":"https:\/\/www.nevis.pt\/en\/#organization","name":"Nevis","url":"https:\/\/www.nevis.pt\/en\/","logo":{"@type":"ImageObject","inLanguage":"en-US","@id":"https:\/\/www.nevis.pt\/en\/#\/schema\/logo\/image\/","url":"https:\/\/www.nevis.pt\/wp-content\/uploads\/2020\/07\/default-product-image.png","contentUrl":"https:\/\/www.nevis.pt\/wp-content\/uploads\/2020\/07\/default-product-image.png","width":2133,"height":2133,"caption":"Nevis"},"image":{"@id":"https:\/\/www.nevis.pt\/en\/#\/schema\/logo\/image\/"},"sameAs":["https:\/\/www.facebook.com\/Nevis.pt","https:\/\/www.instagram.com\/nevis_mercearia_fina\/"]}]}},"jetpack_sharing_enabled":true,"_links":{"self":[{"href":"https:\/\/www.nevis.pt\/en\/wp-json\/wp\/v2\/product\/95277","targetHints":{"allow":["GET"]}}],"collection":[{"href":"https:\/\/www.nevis.pt\/en\/wp-json\/wp\/v2\/product"}],"about":[{"href":"https:\/\/www.nevis.pt\/en\/wp-json\/wp\/v2\/types\/product"}],"wp:featuredmedia":[{"embeddable":true,"href":"https:\/\/www.nevis.pt\/en\/wp-json\/wp\/v2\/media\/95068"}],"wp:attachment":[{"href":"https:\/\/www.nevis.pt\/en\/wp-json\/wp\/v2\/media?parent=95277"}],"wp:term":[{"taxonomy":"socilink_saboresdomundo_tag","embeddable":true,"href":"https:\/\/www.nevis.pt\/en\/wp-json\/wp\/v2\/socilink_saboresdomundo_tag?post=95277"},{"taxonomy":"product_brand","embeddable":true,"href":"https:\/\/www.nevis.pt\/en\/wp-json\/wp\/v2\/product_brand?post=95277"},{"taxonomy":"product_cat","embeddable":true,"href":"https:\/\/www.nevis.pt\/en\/wp-json\/wp\/v2\/product_cat?post=95277"},{"taxonomy":"product_tag","embeddable":true,"href":"https:\/\/www.nevis.pt\/en\/wp-json\/wp\/v2\/product_tag?post=95277"}],"curies":[{"name":"wp","href":"https:\/\/api.w.org\/{rel}","templated":true}]}}