{"id":97117,"date":"2026-03-02T09:55:59","date_gmt":"2026-03-02T09:55:59","guid":{"rendered":"https:\/\/www.nevis.pt\/products\/nyakers-gingerhearts-in-red-tin-400g\/"},"modified":"2026-03-02T09:56:15","modified_gmt":"2026-03-02T09:56:15","slug":"nyakers-gingerhearts-in-red-tin-400g","status":"publish","type":"product","link":"https:\/\/www.nevis.pt\/en\/products\/nyakers-gingerhearts-in-red-tin-400g\/","title":{"rendered":"Nyakers Gingerhearts in Red Tin 400g"},"content":{"rendered":"<h4>Product Description<\/h4>\n<p>Many little hearts gathered in a beautifully patterned tin. Thin, crispy biscuits prepared with a spicy blend of clove, cinnamon, and ginger. They are considered the world&#8217;s finest (and thinnest) ginger cookies.<\/p>\n<p>Ny\u00e5ker&#8217;s classic round gingerbread baked according to the original recipe from 1952. The spices are well balanced and the cookies have a nice crispness. The test winner &#8211; Ny\u00e5ker&#8217;s gingerbread is baked the way it has always been made &#8211; at home in V\u00e4sterbotten. Ny\u00e5kers think it&#8217;s best that way. Year after year, major consumer tests show that they seem to be right.<\/p>\n<h4>Ingredients:<\/h4>\n<p>WHEAT flour, sugar, vegetable oil (shea, rapeseed, coconut), sugar syrup, raising agent (E500), cloves, cinnamon, ginger, salt, natural flavor.<\/p>\n<h4>Allergens:<\/h4>\n<p>See ingredients in UPPERCASE.<\/p>\n<h4>Storage:<\/h4>\n<p>Store in a cool and dark place.<\/p>\n<h4>Country of Origin:<\/h4>\n<p>Sweden<\/p>\n<h4>Nutritional information:<\/h4>\n<table>\n<tr>\n<th>Typical Values:<\/th>\n<th>Per 100g<\/th>\n<\/tr>\n<tr>\n<td>Energy<\/td>\n<td>1900kJ<br \/>450kcal<\/td>\n<\/tr>\n<tr>\n<td>Fat<br \/>of wich saturates<\/td>\n<td>13g<br \/>5,6g<\/td>\n<\/tr>\n<tr>\n<td>Carbohydrate<br \/>of which sugars<\/td>\n<td>78g<br \/>36g<\/td>\n<\/tr>\n<tr>\n<td>Protein<\/td>\n<td>4,6g<\/td>\n<\/tr>\n<tr>\n<td>Salt<\/td>\n<td>2,2g<\/td>\n<\/tr>\n<\/table>\n<h4>Distributed by:<\/h4>\n<p>Onelink Lda<br \/>\nRua Quinta dos \u00c1lamos n.\u00ba 3<br \/>\n2625-577 Vialonga<\/p>\n<h4>Notice about our product information:<\/h4>\n<p>Always confirm the information on the article label. Food products are subject to constant change, for this reason, we recommend that you always read the labeling information that accompanies each product, including the nutritional information, ingredient list, storage, preparation and use instructions as well as other information before use or consumption.<\/p>\n","protected":false},"excerpt":{"rendered":"<p>Many little hearts gathered in a beautifully patterned tin. Thin, crispy biscuits prepared with a spicy blend of clove, cinnamon, and ginger. They are considered the world&#8217;s finest (and thinnest) ginger cookies.<\/p>\n","protected":false},"featured_media":96997,"template":"","meta":{"_acf_changed":false,"_lmt_disableupdate":"","_lmt_disable":"","ep_exclude_from_search":false},"socilink_saboresdomundo_tag":[2780,10209],"product_brand":[10352,10351],"product_cat":[2606,2601],"product_tag":[],"class_list":{"0":"post-97117","1":"product","2":"type-product","3":"status-publish","4":"has-post-thumbnail","6":"socilink_saboresdomundo_tag-europe","7":"socilink_saboresdomundo_tag-sweden","8":"product_brand-gingersnaps-biscuits","9":"product_brand-nyakers-en","10":"product_cat-biscuits-cookies","11":"product_cat-sweets-snacks","12":"product_shipping_class-ambient","13":"pa_caracteristicas-gift-suggestion","15":"first","16":"outofstock","17":"featured","18":"taxable","19":"shipping-taxable","20":"purchasable","21":"product-type-simple"},"acf":[],"yoast_head":"<!-- This site is optimized with the Yoast SEO plugin v27.4 - https:\/\/yoast.com\/product\/yoast-seo-wordpress\/ -->\n<title>Nyakers Gingerhearts in Red Tin 400g<\/title>\n<meta name=\"description\" content=\"Many little hearts gathered in a beautifully patterned tin. Thin, crispy biscuits prepared with a spicy blend of clove, cinnamon, and ginger. They are considered the world&#039;s finest (and thinnest) ginger cookies.\" \/>\n<meta name=\"robots\" content=\"index, follow, max-snippet:-1, max-image-preview:large, max-video-preview:-1\" \/>\n<link rel=\"canonical\" href=\"https:\/\/www.nevis.pt\/en\/products\/nyakers-gingerhearts-in-red-tin-400g\/\" \/>\n<meta property=\"og:locale\" content=\"en_US\" \/>\n<meta property=\"og:type\" content=\"article\" \/>\n<meta property=\"og:title\" content=\"Nyakers Gingerhearts in Red Tin 400g\" \/>\n<meta property=\"og:description\" content=\"Many little hearts gathered in a beautifully patterned tin. Thin, crispy biscuits prepared with a spicy blend of clove, cinnamon, and ginger. They are considered the world&#039;s finest (and thinnest) ginger cookies.\" \/>\n<meta property=\"og:url\" content=\"https:\/\/www.nevis.pt\/en\/products\/nyakers-gingerhearts-in-red-tin-400g\/\" \/>\n<meta property=\"og:site_name\" content=\"Nevis\" \/>\n<meta property=\"article:publisher\" content=\"https:\/\/www.facebook.com\/Nevis.pt\" \/>\n<meta property=\"article:modified_time\" content=\"2026-03-02T09:56:15+00:00\" \/>\n<meta property=\"og:image\" content=\"https:\/\/www.nevis.pt\/wp-content\/uploads\/2024\/11\/o12681-biscoitos-coracoes-gingerbread-em-lata-vermelha-nyakers-400g.jpg\" \/>\n\t<meta property=\"og:image:width\" content=\"800\" \/>\n\t<meta property=\"og:image:height\" content=\"800\" \/>\n\t<meta property=\"og:image:type\" content=\"image\/jpeg\" \/>\n<meta name=\"twitter:card\" content=\"summary_large_image\" \/>\n<meta name=\"twitter:title\" content=\"Nyakers Gingerhearts in Red Tin 400g\" \/>\n<meta name=\"twitter:label1\" content=\"Est. reading time\" \/>\n\t<meta name=\"twitter:data1\" content=\"1 minute\" \/>\n<script type=\"application\/ld+json\" class=\"yoast-schema-graph\">{\"@context\":\"https:\\\/\\\/schema.org\",\"@graph\":[{\"@type\":\"WebPage\",\"@id\":\"https:\\\/\\\/www.nevis.pt\\\/en\\\/products\\\/nyakers-gingerhearts-in-red-tin-400g\\\/\",\"url\":\"https:\\\/\\\/www.nevis.pt\\\/en\\\/products\\\/nyakers-gingerhearts-in-red-tin-400g\\\/\",\"name\":\"Nyakers Gingerhearts in Red Tin 400g\",\"isPartOf\":{\"@id\":\"https:\\\/\\\/www.nevis.pt\\\/en\\\/#website\"},\"primaryImageOfPage\":{\"@id\":\"https:\\\/\\\/www.nevis.pt\\\/en\\\/products\\\/nyakers-gingerhearts-in-red-tin-400g\\\/#primaryimage\"},\"image\":{\"@id\":\"https:\\\/\\\/www.nevis.pt\\\/en\\\/products\\\/nyakers-gingerhearts-in-red-tin-400g\\\/#primaryimage\"},\"thumbnailUrl\":\"https:\\\/\\\/www.nevis.pt\\\/wp-content\\\/uploads\\\/2024\\\/11\\\/o12681-biscoitos-coracoes-gingerbread-em-lata-vermelha-nyakers-400g.jpg\",\"datePublished\":\"2026-03-02T09:55:59+00:00\",\"dateModified\":\"2026-03-02T09:56:15+00:00\",\"description\":\"Many little hearts gathered in a beautifully patterned tin. Thin, crispy biscuits prepared with a spicy blend of clove, cinnamon, and ginger. They are considered the world's finest (and thinnest) ginger cookies.\",\"breadcrumb\":{\"@id\":\"https:\\\/\\\/www.nevis.pt\\\/en\\\/products\\\/nyakers-gingerhearts-in-red-tin-400g\\\/#breadcrumb\"},\"inLanguage\":\"en-US\",\"potentialAction\":[{\"@type\":\"ReadAction\",\"target\":[\"https:\\\/\\\/www.nevis.pt\\\/en\\\/products\\\/nyakers-gingerhearts-in-red-tin-400g\\\/\"]}]},{\"@type\":\"ImageObject\",\"inLanguage\":\"en-US\",\"@id\":\"https:\\\/\\\/www.nevis.pt\\\/en\\\/products\\\/nyakers-gingerhearts-in-red-tin-400g\\\/#primaryimage\",\"url\":\"https:\\\/\\\/www.nevis.pt\\\/wp-content\\\/uploads\\\/2024\\\/11\\\/o12681-biscoitos-coracoes-gingerbread-em-lata-vermelha-nyakers-400g.jpg\",\"contentUrl\":\"https:\\\/\\\/www.nevis.pt\\\/wp-content\\\/uploads\\\/2024\\\/11\\\/o12681-biscoitos-coracoes-gingerbread-em-lata-vermelha-nyakers-400g.jpg\",\"width\":800,\"height\":800,\"caption\":\"Nyakers Gingerhearts in Red Tin 400g\"},{\"@type\":\"BreadcrumbList\",\"@id\":\"https:\\\/\\\/www.nevis.pt\\\/en\\\/products\\\/nyakers-gingerhearts-in-red-tin-400g\\\/#breadcrumb\",\"itemListElement\":[{\"@type\":\"ListItem\",\"position\":1,\"name\":\"In\u00edcio\",\"item\":\"https:\\\/\\\/www.nevis.pt\\\/en\\\/\"},{\"@type\":\"ListItem\",\"position\":2,\"name\":\"Products\",\"item\":\"https:\\\/\\\/www.nevis.pt\\\/en\\\/products\\\/\"},{\"@type\":\"ListItem\",\"position\":3,\"name\":\"Nyakers Gingerhearts in Red Tin 400g\"}]},{\"@type\":\"WebSite\",\"@id\":\"https:\\\/\\\/www.nevis.pt\\\/en\\\/#website\",\"url\":\"https:\\\/\\\/www.nevis.pt\\\/en\\\/\",\"name\":\"Nevis\",\"description\":\"Mercearia Fina\",\"publisher\":{\"@id\":\"https:\\\/\\\/www.nevis.pt\\\/en\\\/#organization\"},\"potentialAction\":[{\"@type\":\"SearchAction\",\"target\":{\"@type\":\"EntryPoint\",\"urlTemplate\":\"https:\\\/\\\/www.nevis.pt\\\/en\\\/?s={search_term_string}\"},\"query-input\":{\"@type\":\"PropertyValueSpecification\",\"valueRequired\":true,\"valueName\":\"search_term_string\"}}],\"inLanguage\":\"en-US\"},{\"@type\":\"Organization\",\"@id\":\"https:\\\/\\\/www.nevis.pt\\\/en\\\/#organization\",\"name\":\"Nevis\",\"url\":\"https:\\\/\\\/www.nevis.pt\\\/en\\\/\",\"logo\":{\"@type\":\"ImageObject\",\"inLanguage\":\"en-US\",\"@id\":\"https:\\\/\\\/www.nevis.pt\\\/en\\\/#\\\/schema\\\/logo\\\/image\\\/\",\"url\":\"https:\\\/\\\/www.nevis.pt\\\/wp-content\\\/uploads\\\/2020\\\/07\\\/default-product-image.png\",\"contentUrl\":\"https:\\\/\\\/www.nevis.pt\\\/wp-content\\\/uploads\\\/2020\\\/07\\\/default-product-image.png\",\"width\":2133,\"height\":2133,\"caption\":\"Nevis\"},\"image\":{\"@id\":\"https:\\\/\\\/www.nevis.pt\\\/en\\\/#\\\/schema\\\/logo\\\/image\\\/\"},\"sameAs\":[\"https:\\\/\\\/www.facebook.com\\\/Nevis.pt\",\"https:\\\/\\\/www.instagram.com\\\/nevis_mercearia_fina\\\/\"]}]}<\/script>\n<!-- \/ Yoast SEO plugin. -->","yoast_head_json":{"title":"Nyakers Gingerhearts in Red Tin 400g","description":"Many little hearts gathered in a beautifully patterned tin. Thin, crispy biscuits prepared with a spicy blend of clove, cinnamon, and ginger. They are considered the world's finest (and thinnest) ginger cookies.","robots":{"index":"index","follow":"follow","max-snippet":"max-snippet:-1","max-image-preview":"max-image-preview:large","max-video-preview":"max-video-preview:-1"},"canonical":"https:\/\/www.nevis.pt\/en\/products\/nyakers-gingerhearts-in-red-tin-400g\/","og_locale":"en_US","og_type":"article","og_title":"Nyakers Gingerhearts in Red Tin 400g","og_description":"Many little hearts gathered in a beautifully patterned tin. Thin, crispy biscuits prepared with a spicy blend of clove, cinnamon, and ginger. They are considered the world's finest (and thinnest) ginger cookies.","og_url":"https:\/\/www.nevis.pt\/en\/products\/nyakers-gingerhearts-in-red-tin-400g\/","og_site_name":"Nevis","article_publisher":"https:\/\/www.facebook.com\/Nevis.pt","article_modified_time":"2026-03-02T09:56:15+00:00","og_image":[{"width":800,"height":800,"url":"https:\/\/www.nevis.pt\/wp-content\/uploads\/2024\/11\/o12681-biscoitos-coracoes-gingerbread-em-lata-vermelha-nyakers-400g.jpg","type":"image\/jpeg"}],"twitter_card":"summary_large_image","twitter_title":"Nyakers Gingerhearts in Red Tin 400g","twitter_misc":{"Est. reading time":"1 minute"},"schema":{"@context":"https:\/\/schema.org","@graph":[{"@type":"WebPage","@id":"https:\/\/www.nevis.pt\/en\/products\/nyakers-gingerhearts-in-red-tin-400g\/","url":"https:\/\/www.nevis.pt\/en\/products\/nyakers-gingerhearts-in-red-tin-400g\/","name":"Nyakers Gingerhearts in Red Tin 400g","isPartOf":{"@id":"https:\/\/www.nevis.pt\/en\/#website"},"primaryImageOfPage":{"@id":"https:\/\/www.nevis.pt\/en\/products\/nyakers-gingerhearts-in-red-tin-400g\/#primaryimage"},"image":{"@id":"https:\/\/www.nevis.pt\/en\/products\/nyakers-gingerhearts-in-red-tin-400g\/#primaryimage"},"thumbnailUrl":"https:\/\/www.nevis.pt\/wp-content\/uploads\/2024\/11\/o12681-biscoitos-coracoes-gingerbread-em-lata-vermelha-nyakers-400g.jpg","datePublished":"2026-03-02T09:55:59+00:00","dateModified":"2026-03-02T09:56:15+00:00","description":"Many little hearts gathered in a beautifully patterned tin. Thin, crispy biscuits prepared with a spicy blend of clove, cinnamon, and ginger. They are considered the world's finest (and thinnest) ginger cookies.","breadcrumb":{"@id":"https:\/\/www.nevis.pt\/en\/products\/nyakers-gingerhearts-in-red-tin-400g\/#breadcrumb"},"inLanguage":"en-US","potentialAction":[{"@type":"ReadAction","target":["https:\/\/www.nevis.pt\/en\/products\/nyakers-gingerhearts-in-red-tin-400g\/"]}]},{"@type":"ImageObject","inLanguage":"en-US","@id":"https:\/\/www.nevis.pt\/en\/products\/nyakers-gingerhearts-in-red-tin-400g\/#primaryimage","url":"https:\/\/www.nevis.pt\/wp-content\/uploads\/2024\/11\/o12681-biscoitos-coracoes-gingerbread-em-lata-vermelha-nyakers-400g.jpg","contentUrl":"https:\/\/www.nevis.pt\/wp-content\/uploads\/2024\/11\/o12681-biscoitos-coracoes-gingerbread-em-lata-vermelha-nyakers-400g.jpg","width":800,"height":800,"caption":"Nyakers Gingerhearts in Red Tin 400g"},{"@type":"BreadcrumbList","@id":"https:\/\/www.nevis.pt\/en\/products\/nyakers-gingerhearts-in-red-tin-400g\/#breadcrumb","itemListElement":[{"@type":"ListItem","position":1,"name":"In\u00edcio","item":"https:\/\/www.nevis.pt\/en\/"},{"@type":"ListItem","position":2,"name":"Products","item":"https:\/\/www.nevis.pt\/en\/products\/"},{"@type":"ListItem","position":3,"name":"Nyakers Gingerhearts in Red Tin 400g"}]},{"@type":"WebSite","@id":"https:\/\/www.nevis.pt\/en\/#website","url":"https:\/\/www.nevis.pt\/en\/","name":"Nevis","description":"Mercearia Fina","publisher":{"@id":"https:\/\/www.nevis.pt\/en\/#organization"},"potentialAction":[{"@type":"SearchAction","target":{"@type":"EntryPoint","urlTemplate":"https:\/\/www.nevis.pt\/en\/?s={search_term_string}"},"query-input":{"@type":"PropertyValueSpecification","valueRequired":true,"valueName":"search_term_string"}}],"inLanguage":"en-US"},{"@type":"Organization","@id":"https:\/\/www.nevis.pt\/en\/#organization","name":"Nevis","url":"https:\/\/www.nevis.pt\/en\/","logo":{"@type":"ImageObject","inLanguage":"en-US","@id":"https:\/\/www.nevis.pt\/en\/#\/schema\/logo\/image\/","url":"https:\/\/www.nevis.pt\/wp-content\/uploads\/2020\/07\/default-product-image.png","contentUrl":"https:\/\/www.nevis.pt\/wp-content\/uploads\/2020\/07\/default-product-image.png","width":2133,"height":2133,"caption":"Nevis"},"image":{"@id":"https:\/\/www.nevis.pt\/en\/#\/schema\/logo\/image\/"},"sameAs":["https:\/\/www.facebook.com\/Nevis.pt","https:\/\/www.instagram.com\/nevis_mercearia_fina\/"]}]}},"jetpack_sharing_enabled":true,"_links":{"self":[{"href":"https:\/\/www.nevis.pt\/en\/wp-json\/wp\/v2\/product\/97117","targetHints":{"allow":["GET"]}}],"collection":[{"href":"https:\/\/www.nevis.pt\/en\/wp-json\/wp\/v2\/product"}],"about":[{"href":"https:\/\/www.nevis.pt\/en\/wp-json\/wp\/v2\/types\/product"}],"wp:featuredmedia":[{"embeddable":true,"href":"https:\/\/www.nevis.pt\/en\/wp-json\/wp\/v2\/media\/96997"}],"wp:attachment":[{"href":"https:\/\/www.nevis.pt\/en\/wp-json\/wp\/v2\/media?parent=97117"}],"wp:term":[{"taxonomy":"socilink_saboresdomundo_tag","embeddable":true,"href":"https:\/\/www.nevis.pt\/en\/wp-json\/wp\/v2\/socilink_saboresdomundo_tag?post=97117"},{"taxonomy":"product_brand","embeddable":true,"href":"https:\/\/www.nevis.pt\/en\/wp-json\/wp\/v2\/product_brand?post=97117"},{"taxonomy":"product_cat","embeddable":true,"href":"https:\/\/www.nevis.pt\/en\/wp-json\/wp\/v2\/product_cat?post=97117"},{"taxonomy":"product_tag","embeddable":true,"href":"https:\/\/www.nevis.pt\/en\/wp-json\/wp\/v2\/product_tag?post=97117"}],"curies":[{"name":"wp","href":"https:\/\/api.w.org\/{rel}","templated":true}]}}