{"id":98908,"date":"2026-03-02T10:16:23","date_gmt":"2026-03-02T10:16:23","guid":{"rendered":"https:\/\/www.nevis.pt\/products\/terre-exotique-star-anise-from-vietname-500g\/"},"modified":"2026-03-02T10:16:46","modified_gmt":"2026-03-02T10:16:46","slug":"terre-exotique-star-anise-from-vietname-500g","status":"publish","type":"product","link":"https:\/\/www.nevis.pt\/en\/products\/terre-exotique-star-anise-from-vietname-500g\/","title":{"rendered":"Terre Exotique Star Anise From Vietname 500g"},"content":{"rendered":"<h4>Product Description<\/h4>\n<p>In ancient times, this treasure from Asia was so valuable that Marco Polo kept its origin a secret. Star anise is an eight-pointed star with delicious flavors of fennel and green anise. It is the perfect companion for your punches, mulled wines, and infused rums, and it also finds its place in broths, chutneys, compotes, and syrups.<\/p>\n<p>Star anise, with its enchanting flavors, is a fantastic spice to enhance your everyday dishes! Star anise, also known as aniseed star, is a versatile spice as it is used in both savory and sweet dishes and even in beverages. It can be used crushed, ground, grated, or whole.<\/p>\n<p>Star anise pairs wonderfully with fruity desserts. It can be added whole or ground to your desserts, such as compotes, jams, and marmalades. Star anise is the perfect ally for all your pastries and goes well with cinnamon and ginger. Grate it into your creamy desserts (cr\u00e8me br\u00fbl\u00e9e, rice pudding, custard) to add a touch of originality! Star anise also accompanies your savory dishes. It blends perfectly when infused in broths, sauces, and marinades, delicately enhancing fish and white meats.<\/p>\n<p>Try it in your soups and creamy soups; it subtly enhances the flavors of your dish. Star anise is widely used in Chinese cuisine. You can add it to a vegetable or noodle stir-fry.<\/p>\n<p>Star anise has more than one trick up its sleeve! Indeed, it is even used in beverages. It will perfume teas, infusions, and even milk-based and\/or chocolate-based drinks. When added to punch, mulled wine, or rum, star anise becomes a great success.<\/p>\n<h4>Ingredients:<\/h4>\n<p>Star anise.<\/p>\n<h4>Allergens:<\/h4>\n<p>May contain traces of celery, sesame, mustard, nuts.<\/p>\n<h4>Storage:<\/h4>\n<p>Keep in a dry place at room temperature.<\/p>\n<h4>Usage Suggestions:<\/h4>\n<p>Add Star Anise to fruit salads or punch to give it an aromatic flavour. It goes very well slightly crushed and applied directly over pork and chicken, but can also be used whole, in soups and stews.<\/p>\n<h4>Country of Origin:<\/h4>\n<p>France<\/p>\n<h4>Distributed by:<\/h4>\n<p>Socilink Lda<br \/>\nRua Quinta dos \u00c1lamos n.\u00ba 3<br \/>\n2625-577 Vialonga<\/p>\n<h4>Notice about our product information:<\/h4>\n<p>Always confirm the information on the article label. Food products are subject to constant change, for this reason, we recommend that you always read the labeling information that accompanies each product, including the nutritional information, ingredient list, storage, preparation and use instructions as well as other information before use or consumption.<\/p>\n","protected":false},"excerpt":{"rendered":"<p>With a slightly bitter aniseed taste and aroma similar to liquorice. It is mostly used in Chinese and Vietnamese cuisine to give it a more aromatic flavour. It works exceptionally well with pork and chicken.<\/p>\n","protected":false},"featured_media":98753,"template":"","meta":{"_acf_changed":false,"_lmt_disableupdate":"","_lmt_disable":"","ep_exclude_from_search":false},"socilink_saboresdomundo_tag":[2806,2780,2787,4511],"product_brand":[2509,2507],"product_cat":[2624,2634],"product_tag":[],"class_list":{"0":"post-98908","1":"product","2":"type-product","3":"status-publish","4":"has-post-thumbnail","6":"socilink_saboresdomundo_tag-asia-en","7":"socilink_saboresdomundo_tag-europe","8":"socilink_saboresdomundo_tag-france","9":"socilink_saboresdomundo_tag-vietnam","10":"product_brand-herbs-spices-terre-exotique","11":"product_brand-terre-exotique-en","12":"product_cat-ingredients-seasonings","13":"product_cat-spices","14":"product_shipping_class-ambient","15":"pa_caracteristicas-food-service-en","17":"first","18":"instock","19":"featured","20":"taxable","21":"shipping-taxable","22":"purchasable","23":"product-type-simple"},"acf":[],"yoast_head":"<!-- This site is optimized with the Yoast SEO plugin v27.4 - https:\/\/yoast.com\/product\/yoast-seo-wordpress\/ -->\n<title>Terre Exotique Star Anise From Vietname 500g<\/title>\n<meta name=\"description\" content=\"With a slightly bitter aniseed taste and aroma similar to liquorice. It is mostly used in Chinese and Vietnamese cuisine to give it a more aromatic flavour. It works exceptionally well with pork and chicken.\" \/>\n<meta name=\"robots\" content=\"index, follow, max-snippet:-1, max-image-preview:large, max-video-preview:-1\" \/>\n<link rel=\"canonical\" href=\"https:\/\/www.nevis.pt\/en\/products\/terre-exotique-star-anise-from-vietname-500g\/\" \/>\n<meta property=\"og:locale\" content=\"en_US\" \/>\n<meta property=\"og:type\" content=\"article\" \/>\n<meta property=\"og:title\" content=\"Terre Exotique Star Anise From Vietname 500g\" \/>\n<meta property=\"og:description\" content=\"With a slightly bitter aniseed taste and aroma similar to liquorice. It is mostly used in Chinese and Vietnamese cuisine to give it a more aromatic flavour. It works exceptionally well with pork and chicken.\" \/>\n<meta property=\"og:url\" content=\"https:\/\/www.nevis.pt\/en\/products\/terre-exotique-star-anise-from-vietname-500g\/\" \/>\n<meta property=\"og:site_name\" content=\"Nevis\" \/>\n<meta property=\"article:publisher\" content=\"https:\/\/www.facebook.com\/Nevis.pt\" \/>\n<meta property=\"article:modified_time\" content=\"2026-03-02T10:16:46+00:00\" \/>\n<meta property=\"og:image\" content=\"https:\/\/www.nevis.pt\/wp-content\/uploads\/2025\/03\/s14608-anis-estrelado-do-vietname-terre-exotique-500g_1.jpg\" \/>\n\t<meta property=\"og:image:width\" content=\"800\" \/>\n\t<meta property=\"og:image:height\" content=\"800\" \/>\n\t<meta property=\"og:image:type\" content=\"image\/jpeg\" \/>\n<meta name=\"twitter:card\" content=\"summary_large_image\" \/>\n<meta name=\"twitter:title\" content=\"Terre Exotique Star Anise From Vietname 500g\" \/>\n<meta name=\"twitter:label1\" content=\"Est. reading time\" \/>\n\t<meta name=\"twitter:data1\" content=\"2 minutes\" \/>\n<script type=\"application\/ld+json\" class=\"yoast-schema-graph\">{\"@context\":\"https:\\\/\\\/schema.org\",\"@graph\":[{\"@type\":\"WebPage\",\"@id\":\"https:\\\/\\\/www.nevis.pt\\\/en\\\/products\\\/terre-exotique-star-anise-from-vietname-500g\\\/\",\"url\":\"https:\\\/\\\/www.nevis.pt\\\/en\\\/products\\\/terre-exotique-star-anise-from-vietname-500g\\\/\",\"name\":\"Terre Exotique Star Anise From Vietname 500g\",\"isPartOf\":{\"@id\":\"https:\\\/\\\/www.nevis.pt\\\/en\\\/#website\"},\"primaryImageOfPage\":{\"@id\":\"https:\\\/\\\/www.nevis.pt\\\/en\\\/products\\\/terre-exotique-star-anise-from-vietname-500g\\\/#primaryimage\"},\"image\":{\"@id\":\"https:\\\/\\\/www.nevis.pt\\\/en\\\/products\\\/terre-exotique-star-anise-from-vietname-500g\\\/#primaryimage\"},\"thumbnailUrl\":\"https:\\\/\\\/www.nevis.pt\\\/wp-content\\\/uploads\\\/2025\\\/03\\\/s14608-anis-estrelado-do-vietname-terre-exotique-500g_1.jpg\",\"datePublished\":\"2026-03-02T10:16:23+00:00\",\"dateModified\":\"2026-03-02T10:16:46+00:00\",\"description\":\"With a slightly bitter aniseed taste and aroma similar to liquorice. It is mostly used in Chinese and Vietnamese cuisine to give it a more aromatic flavour. It works exceptionally well with pork and chicken.\",\"breadcrumb\":{\"@id\":\"https:\\\/\\\/www.nevis.pt\\\/en\\\/products\\\/terre-exotique-star-anise-from-vietname-500g\\\/#breadcrumb\"},\"inLanguage\":\"en-US\",\"potentialAction\":[{\"@type\":\"ReadAction\",\"target\":[\"https:\\\/\\\/www.nevis.pt\\\/en\\\/products\\\/terre-exotique-star-anise-from-vietname-500g\\\/\"]}]},{\"@type\":\"ImageObject\",\"inLanguage\":\"en-US\",\"@id\":\"https:\\\/\\\/www.nevis.pt\\\/en\\\/products\\\/terre-exotique-star-anise-from-vietname-500g\\\/#primaryimage\",\"url\":\"https:\\\/\\\/www.nevis.pt\\\/wp-content\\\/uploads\\\/2025\\\/03\\\/s14608-anis-estrelado-do-vietname-terre-exotique-500g_1.jpg\",\"contentUrl\":\"https:\\\/\\\/www.nevis.pt\\\/wp-content\\\/uploads\\\/2025\\\/03\\\/s14608-anis-estrelado-do-vietname-terre-exotique-500g_1.jpg\",\"width\":800,\"height\":800,\"caption\":\"Terre Exotique Star Anise From Vietname 500g\"},{\"@type\":\"BreadcrumbList\",\"@id\":\"https:\\\/\\\/www.nevis.pt\\\/en\\\/products\\\/terre-exotique-star-anise-from-vietname-500g\\\/#breadcrumb\",\"itemListElement\":[{\"@type\":\"ListItem\",\"position\":1,\"name\":\"In\u00edcio\",\"item\":\"https:\\\/\\\/www.nevis.pt\\\/en\\\/\"},{\"@type\":\"ListItem\",\"position\":2,\"name\":\"Products\",\"item\":\"https:\\\/\\\/www.nevis.pt\\\/en\\\/products\\\/\"},{\"@type\":\"ListItem\",\"position\":3,\"name\":\"Terre Exotique Star Anise From Vietname 500g\"}]},{\"@type\":\"WebSite\",\"@id\":\"https:\\\/\\\/www.nevis.pt\\\/en\\\/#website\",\"url\":\"https:\\\/\\\/www.nevis.pt\\\/en\\\/\",\"name\":\"Nevis\",\"description\":\"Mercearia Fina\",\"publisher\":{\"@id\":\"https:\\\/\\\/www.nevis.pt\\\/en\\\/#organization\"},\"potentialAction\":[{\"@type\":\"SearchAction\",\"target\":{\"@type\":\"EntryPoint\",\"urlTemplate\":\"https:\\\/\\\/www.nevis.pt\\\/en\\\/?s={search_term_string}\"},\"query-input\":{\"@type\":\"PropertyValueSpecification\",\"valueRequired\":true,\"valueName\":\"search_term_string\"}}],\"inLanguage\":\"en-US\"},{\"@type\":\"Organization\",\"@id\":\"https:\\\/\\\/www.nevis.pt\\\/en\\\/#organization\",\"name\":\"Nevis\",\"url\":\"https:\\\/\\\/www.nevis.pt\\\/en\\\/\",\"logo\":{\"@type\":\"ImageObject\",\"inLanguage\":\"en-US\",\"@id\":\"https:\\\/\\\/www.nevis.pt\\\/en\\\/#\\\/schema\\\/logo\\\/image\\\/\",\"url\":\"https:\\\/\\\/www.nevis.pt\\\/wp-content\\\/uploads\\\/2020\\\/07\\\/default-product-image.png\",\"contentUrl\":\"https:\\\/\\\/www.nevis.pt\\\/wp-content\\\/uploads\\\/2020\\\/07\\\/default-product-image.png\",\"width\":2133,\"height\":2133,\"caption\":\"Nevis\"},\"image\":{\"@id\":\"https:\\\/\\\/www.nevis.pt\\\/en\\\/#\\\/schema\\\/logo\\\/image\\\/\"},\"sameAs\":[\"https:\\\/\\\/www.facebook.com\\\/Nevis.pt\",\"https:\\\/\\\/www.instagram.com\\\/nevis_mercearia_fina\\\/\"]}]}<\/script>\n<!-- \/ Yoast SEO plugin. -->","yoast_head_json":{"title":"Terre Exotique Star Anise From Vietname 500g","description":"With a slightly bitter aniseed taste and aroma similar to liquorice. It is mostly used in Chinese and Vietnamese cuisine to give it a more aromatic flavour. It works exceptionally well with pork and chicken.","robots":{"index":"index","follow":"follow","max-snippet":"max-snippet:-1","max-image-preview":"max-image-preview:large","max-video-preview":"max-video-preview:-1"},"canonical":"https:\/\/www.nevis.pt\/en\/products\/terre-exotique-star-anise-from-vietname-500g\/","og_locale":"en_US","og_type":"article","og_title":"Terre Exotique Star Anise From Vietname 500g","og_description":"With a slightly bitter aniseed taste and aroma similar to liquorice. It is mostly used in Chinese and Vietnamese cuisine to give it a more aromatic flavour. It works exceptionally well with pork and chicken.","og_url":"https:\/\/www.nevis.pt\/en\/products\/terre-exotique-star-anise-from-vietname-500g\/","og_site_name":"Nevis","article_publisher":"https:\/\/www.facebook.com\/Nevis.pt","article_modified_time":"2026-03-02T10:16:46+00:00","og_image":[{"width":800,"height":800,"url":"https:\/\/www.nevis.pt\/wp-content\/uploads\/2025\/03\/s14608-anis-estrelado-do-vietname-terre-exotique-500g_1.jpg","type":"image\/jpeg"}],"twitter_card":"summary_large_image","twitter_title":"Terre Exotique Star Anise From Vietname 500g","twitter_misc":{"Est. reading time":"2 minutes"},"schema":{"@context":"https:\/\/schema.org","@graph":[{"@type":"WebPage","@id":"https:\/\/www.nevis.pt\/en\/products\/terre-exotique-star-anise-from-vietname-500g\/","url":"https:\/\/www.nevis.pt\/en\/products\/terre-exotique-star-anise-from-vietname-500g\/","name":"Terre Exotique Star Anise From Vietname 500g","isPartOf":{"@id":"https:\/\/www.nevis.pt\/en\/#website"},"primaryImageOfPage":{"@id":"https:\/\/www.nevis.pt\/en\/products\/terre-exotique-star-anise-from-vietname-500g\/#primaryimage"},"image":{"@id":"https:\/\/www.nevis.pt\/en\/products\/terre-exotique-star-anise-from-vietname-500g\/#primaryimage"},"thumbnailUrl":"https:\/\/www.nevis.pt\/wp-content\/uploads\/2025\/03\/s14608-anis-estrelado-do-vietname-terre-exotique-500g_1.jpg","datePublished":"2026-03-02T10:16:23+00:00","dateModified":"2026-03-02T10:16:46+00:00","description":"With a slightly bitter aniseed taste and aroma similar to liquorice. It is mostly used in Chinese and Vietnamese cuisine to give it a more aromatic flavour. It works exceptionally well with pork and chicken.","breadcrumb":{"@id":"https:\/\/www.nevis.pt\/en\/products\/terre-exotique-star-anise-from-vietname-500g\/#breadcrumb"},"inLanguage":"en-US","potentialAction":[{"@type":"ReadAction","target":["https:\/\/www.nevis.pt\/en\/products\/terre-exotique-star-anise-from-vietname-500g\/"]}]},{"@type":"ImageObject","inLanguage":"en-US","@id":"https:\/\/www.nevis.pt\/en\/products\/terre-exotique-star-anise-from-vietname-500g\/#primaryimage","url":"https:\/\/www.nevis.pt\/wp-content\/uploads\/2025\/03\/s14608-anis-estrelado-do-vietname-terre-exotique-500g_1.jpg","contentUrl":"https:\/\/www.nevis.pt\/wp-content\/uploads\/2025\/03\/s14608-anis-estrelado-do-vietname-terre-exotique-500g_1.jpg","width":800,"height":800,"caption":"Terre Exotique Star Anise From Vietname 500g"},{"@type":"BreadcrumbList","@id":"https:\/\/www.nevis.pt\/en\/products\/terre-exotique-star-anise-from-vietname-500g\/#breadcrumb","itemListElement":[{"@type":"ListItem","position":1,"name":"In\u00edcio","item":"https:\/\/www.nevis.pt\/en\/"},{"@type":"ListItem","position":2,"name":"Products","item":"https:\/\/www.nevis.pt\/en\/products\/"},{"@type":"ListItem","position":3,"name":"Terre Exotique Star Anise From Vietname 500g"}]},{"@type":"WebSite","@id":"https:\/\/www.nevis.pt\/en\/#website","url":"https:\/\/www.nevis.pt\/en\/","name":"Nevis","description":"Mercearia Fina","publisher":{"@id":"https:\/\/www.nevis.pt\/en\/#organization"},"potentialAction":[{"@type":"SearchAction","target":{"@type":"EntryPoint","urlTemplate":"https:\/\/www.nevis.pt\/en\/?s={search_term_string}"},"query-input":{"@type":"PropertyValueSpecification","valueRequired":true,"valueName":"search_term_string"}}],"inLanguage":"en-US"},{"@type":"Organization","@id":"https:\/\/www.nevis.pt\/en\/#organization","name":"Nevis","url":"https:\/\/www.nevis.pt\/en\/","logo":{"@type":"ImageObject","inLanguage":"en-US","@id":"https:\/\/www.nevis.pt\/en\/#\/schema\/logo\/image\/","url":"https:\/\/www.nevis.pt\/wp-content\/uploads\/2020\/07\/default-product-image.png","contentUrl":"https:\/\/www.nevis.pt\/wp-content\/uploads\/2020\/07\/default-product-image.png","width":2133,"height":2133,"caption":"Nevis"},"image":{"@id":"https:\/\/www.nevis.pt\/en\/#\/schema\/logo\/image\/"},"sameAs":["https:\/\/www.facebook.com\/Nevis.pt","https:\/\/www.instagram.com\/nevis_mercearia_fina\/"]}]}},"jetpack_sharing_enabled":true,"_links":{"self":[{"href":"https:\/\/www.nevis.pt\/en\/wp-json\/wp\/v2\/product\/98908","targetHints":{"allow":["GET"]}}],"collection":[{"href":"https:\/\/www.nevis.pt\/en\/wp-json\/wp\/v2\/product"}],"about":[{"href":"https:\/\/www.nevis.pt\/en\/wp-json\/wp\/v2\/types\/product"}],"wp:featuredmedia":[{"embeddable":true,"href":"https:\/\/www.nevis.pt\/en\/wp-json\/wp\/v2\/media\/98753"}],"wp:attachment":[{"href":"https:\/\/www.nevis.pt\/en\/wp-json\/wp\/v2\/media?parent=98908"}],"wp:term":[{"taxonomy":"socilink_saboresdomundo_tag","embeddable":true,"href":"https:\/\/www.nevis.pt\/en\/wp-json\/wp\/v2\/socilink_saboresdomundo_tag?post=98908"},{"taxonomy":"product_brand","embeddable":true,"href":"https:\/\/www.nevis.pt\/en\/wp-json\/wp\/v2\/product_brand?post=98908"},{"taxonomy":"product_cat","embeddable":true,"href":"https:\/\/www.nevis.pt\/en\/wp-json\/wp\/v2\/product_cat?post=98908"},{"taxonomy":"product_tag","embeddable":true,"href":"https:\/\/www.nevis.pt\/en\/wp-json\/wp\/v2\/product_tag?post=98908"}],"curies":[{"name":"wp","href":"https:\/\/api.w.org\/{rel}","templated":true}]}}